{"id":3085,"date":"2022-11-16T11:48:44","date_gmt":"2022-11-16T18:48:44","guid":{"rendered":"https:\/\/azstatefair.vmgagencysites.com\/?page_id=3085"},"modified":"2026-03-05T10:33:25","modified_gmt":"2026-03-05T17:33:25","slug":"statutory-notices","status":"publish","type":"page","link":"https:\/\/azstatefair.com\/es\/statutory-notices\/","title":{"rendered":"Notificaciones legales"},"content":{"rendered":"<div class=\"wpb-content-wrapper\"><div class=\"vc_row wpb_row top-cta accent1\"><div class=\"container\"><div class=\"wpb_column vc_column_container vc_col-sm-12\"><div class=\"vc_column-inner\"><div class=\"wpb_wrapper\">\n\t<div class=\"wpb_text_column wpb_content_element  mb0\" >\n\t\t<div class=\"wpb_wrapper\">\n\t\t\t<p class=\"left-text\"><a href=\"https:\/\/maps.app.goo.gl\/VEcJCCViQimkUSiz7\" target=\"_blank\" rel=\"noopener\">1826 W MCDOWELL RD. PHOENIX, AZ 85007<\/a><\/p>\n<p class=\"right-link\"><a class=\"btn-bt border-btn\" href=\"https:\/\/maps.app.goo.gl\/VEcJCCViQimkUSiz7\" target=\"_blank\" rel=\"noopener\">C\u00d3MO LLEGAR<\/a><\/p>\n\n\t\t<\/div>\n\t<\/div>\n<\/div><\/div><\/div><\/div><\/div><div class=\"vc_row wpb_row light1 vc_custom_1668627069899\"><div class=\"container\"><div class=\"wpb_column vc_column_container vc_col-sm-1\"><div class=\"vc_column-inner\"><div class=\"wpb_wrapper\"><\/div><\/div><\/div><div class=\"wpb_column vc_column_container vc_col-sm-10\"><div class=\"vc_column-inner\"><div class=\"wpb_wrapper\">\n\t<div class=\"wpb_text_column wpb_content_element  mb0\" >\n\t\t<div class=\"wpb_wrapper\">\n\t\t\t<p style=\"text-align: center;\"><strong>DECLARACI\u00d3N DE LOS LUGARES DONDE SE PUBLICAR\u00c1N TODOS LOS AVISOS DE LAS REUNIONES DE LA JUNTA DE LA EXPOSICI\u00d3N Y FERIA ESTATAL DE ARIZONA.<\/strong><\/p>\n\n\t\t<\/div>\n\t<\/div>\n<\/div><\/div><\/div><div class=\"wpb_column vc_column_container vc_col-sm-1\"><div class=\"vc_column-inner\"><div class=\"wpb_wrapper\"><\/div><\/div><\/div><\/div><\/div><div class=\"vc_row wpb_row hr-row vc_custom_1772731733481 vc_row-has-fill\"><div class=\"container\"><div class=\"wpb_column vc_column_container vc_col-sm-12\"><div class=\"vc_column-inner\"><div class=\"wpb_wrapper\">\n\t<div class=\"wpb_text_column wpb_content_element  mb0\" >\n\t\t<div class=\"wpb_wrapper\">\n\t\t\t<hr class=\"line purple\" \/>\n\n\t\t<\/div>\n\t<\/div>\n<\/div><\/div><\/div><\/div><\/div><div class=\"vc_row wpb_row vc_custom_1772731726411 vc_row-has-fill\"><div class=\"container\"><div class=\"wpb_column vc_column_container vc_col-sm-1\"><div class=\"vc_column-inner\"><div class=\"wpb_wrapper\"><\/div><\/div><\/div><div class=\"wpb_column vc_column_container vc_col-sm-10\"><div class=\"vc_column-inner\"><div class=\"wpb_wrapper\">\n\t<div class=\"wpb_text_column wpb_content_element\" >\n\t\t<div class=\"wpb_wrapper\">\n\t\t\t<p><img loading=\"lazy\" decoding=\"async\" class=\"wp-image-23243 aligncenter\" src=\"https:\/\/azstatefair.com\/wp-content\/uploads\/2024\/11\/AESF_general_logo_color-1024x586.png\" alt=\"AESF general logo color\" width=\"268\" height=\"153\" \/><\/p>\n<p style=\"text-align: center;\">CONVOCATORIA DE REUNI\u00d3N P\u00daBLICA COMBINADA<br \/>\nY SESI\u00d3N EJECUTIVA DEL<br \/>\nCONSEJO DE EXPOSICIONES Y FERIAS ESTATALES DE ARIZONA<\/p>\n<p style=\"text-align: center;\">12 de febrero de 2026<br \/>\nOrden del d\u00eda de la reuni\u00f3n del consejo<br \/>\nN\u00famero de tel\u00e9fono para participar en la reuni\u00f3n: +1 321-312-1934<\/p>\n<p style=\"text-align: center;\">PIN: 329 338 993#<\/p>\n<p style=\"text-align: center;\"><span class=\"Apple-converted-space\"><a href=\"https:\/\/azstatefair.com\/wp-content\/uploads\/2026\/02\/BoardMeetingAgendaFeb2026.pdf\">Orden del d\u00eda de la reuni\u00f3n del consejo de administraci\u00f3n del 12 de febrero de 2026 <\/a><\/span><\/p>\n\n\t\t<\/div>\n\t<\/div>\n<\/div><\/div><\/div><div class=\"wpb_column vc_column_container vc_col-sm-1\"><div class=\"vc_column-inner\"><div class=\"wpb_wrapper\"><\/div><\/div><\/div><\/div><\/div><div class=\"vc_row wpb_row hr-row vc_custom_1772731743931 vc_row-has-fill\"><div class=\"container\"><div class=\"wpb_column vc_column_container vc_col-sm-12\"><div class=\"vc_column-inner\"><div class=\"wpb_wrapper\">\n\t<div class=\"wpb_text_column wpb_content_element  mb0\" >\n\t\t<div class=\"wpb_wrapper\">\n\t\t\t<hr class=\"line purple\" \/>\n\n\t\t<\/div>\n\t<\/div>\n<\/div><\/div><\/div><\/div><\/div><div class=\"vc_row wpb_row vc_custom_1772731752930 vc_row-has-fill\"><div class=\"container\"><div class=\"wpb_column vc_column_container vc_col-sm-1\"><div class=\"vc_column-inner\"><div class=\"wpb_wrapper\"><\/div><\/div><\/div><div class=\"wpb_column vc_column_container vc_col-sm-10\"><div class=\"vc_column-inner\"><div class=\"wpb_wrapper\">\n\t<div class=\"wpb_text_column wpb_content_element  mb0\" >\n\t\t<div class=\"wpb_wrapper\">\n\t\t\t<p style=\"text-align: center;\"><a href=\"\/wp-content\/uploads\/2022\/11\/2020-Fiscal-Year-Budget.pdf\" target=\"_blank\" rel=\"noopener\">Presupuesto del ejercicio 2020<\/a>.<\/p>\n<p style=\"text-align: center;\"><a href=\"\/wp-content\/uploads\/2022\/11\/2021-Fiscal-Year-Budget.pdf\" target=\"_blank\" rel=\"noopener\">Presupuesto del ejercicio 2021<\/a>.<\/p>\n<p style=\"text-align: center;\"><a href=\"\/wp-content\/uploads\/2022\/11\/2022-Fiscal-Year-Budget.pdf\" target=\"_blank\" rel=\"noopener\">Presupuesto del ejercicio 2022<\/a>.<\/p>\n<p style=\"text-align: center;\"><a href=\"\/wp-content\/uploads\/2022\/11\/2023-Fiscal-Year-Budget.pdf\" target=\"_blank\" rel=\"noopener\">Ver el presupuesto del ejercicio 2023<\/a>.<\/p>\n<p style=\"text-align: center;\"><a href=\"\/wp-content\/uploads\/2022\/11\/2024-Fiscal-Year-Budget.pdf\" target=\"_blank\" rel=\"noopener\">Ver el presupuesto del ejercicio 2024<\/a>.<\/p>\n<p style=\"text-align: center;\"><a href=\"https:\/\/azstatefair.com\/wp-content\/uploads\/2023\/09\/2025-Fiscal-Year-Budget-Final.pdf\" target=\"_blank\" rel=\"noopener\">Presupuesto del ejercicio 2025<\/a>.<\/p>\n<p style=\"text-align: center;\"><a href=\"https:\/\/azstatefair.com\/wp-content\/uploads\/2024\/09\/FY2026-Budget.pdf\" target=\"_blank\" rel=\"noopener\">Ver el presupuesto del ejercicio 2026<\/a>.<\/p>\n<p style=\"text-align: center;\"><a href=\"https:\/\/azstatefair.com\/wp-content\/uploads\/2025\/09\/FY2027-Budget-Final.pdf\" target=\"_blank\" rel=\"noopener\">Ver el presupuesto del ejercicio 2027<\/a>.<\/p>\n\n\t\t<\/div>\n\t<\/div>\n<\/div><\/div><\/div><div class=\"wpb_column vc_column_container vc_col-sm-1\"><div class=\"vc_column-inner\"><div class=\"wpb_wrapper\"><\/div><\/div><\/div><\/div><\/div><div class=\"vc_row wpb_row hr-row vc_custom_1772731759510 vc_row-has-fill\"><div class=\"container\"><div class=\"wpb_column vc_column_container vc_col-sm-12\"><div class=\"vc_column-inner\"><div class=\"wpb_wrapper\">\n\t<div class=\"wpb_text_column wpb_content_element  mb0\" >\n\t\t<div class=\"wpb_wrapper\">\n\t\t\t<hr class=\"line purple\" \/>\n\n\t\t<\/div>\n\t<\/div>\n<\/div><\/div><\/div><\/div><\/div><div class=\"vc_row wpb_row vc_custom_1772731770519 vc_row-has-fill\"><div class=\"container\"><div class=\"wpb_column vc_column_container vc_col-sm-1\"><div class=\"vc_column-inner\"><div class=\"wpb_wrapper\"><\/div><\/div><\/div><div class=\"wpb_column vc_column_container vc_col-sm-10\"><div class=\"vc_column-inner\"><div class=\"wpb_wrapper\">\n\t<div class=\"wpb_text_column wpb_content_element  mb0\" >\n\t\t<div class=\"wpb_wrapper\">\n\t\t\t<p style=\"text-align: center;\"><strong>DESCARGUE AQU\u00cd EL INFORME SOBRE LA EXPOSICI\u00d3N Y FERIA ESTATAL DE ARIZONA<\/strong><\/p>\n<p style=\"text-align: center;\">En marzo de 2018, la Oficina del Gobernador, la Oficina Estatal de Preservaci\u00f3n Hist\u00f3rica, la Universidad Estatal de Arizona, la comunidad hist\u00f3rica, las partes interesadas y nuestros vecinos, desempe\u00f1aron un papel importante en la capacidad de AESF para llevar a cabo la charrette de marzo de 2018 para explorar la mejora del Recinto Ferial.<\/p>\n<p style=\"text-align: center;\"><a href=\"\/wp-content\/uploads\/2022\/11\/ARIZONA-EXPOSITION-STATE-FAIR-CHARRETTE-REPORT.pdf\" target=\"_blank\" rel=\"noopener noreferrer\"><u>INFORME SOBRE LA EXPOSICI\u00d3N Y FERIA ESTATAL DE ARIZONA<\/u><\/a>.<\/p>\n\n\t\t<\/div>\n\t<\/div>\n<\/div><\/div><\/div><div class=\"wpb_column vc_column_container vc_col-sm-1\"><div class=\"vc_column-inner\"><div class=\"wpb_wrapper\"><\/div><\/div><\/div><\/div><\/div><div class=\"vc_row wpb_row need-a-venue-row add-parallax no-overlay-black vc_custom_1676931352307 vc_row-has-fill\"><div class=\"container\"><div class=\"wpb_column vc_column_container vc_col-sm-3\"><div class=\"vc_column-inner\"><div class=\"wpb_wrapper\"><\/div><\/div><\/div><div class=\"wpb_column vc_column_container vc_col-sm-6\"><div class=\"vc_column-inner\"><div class=\"wpb_wrapper\">\n\t<div class=\"wpb_text_column wpb_content_element  mb0\" >\n\t\t<div class=\"wpb_wrapper\">\n\t\t\t<h2 class=\"light1\" style=\"text-align: center;\">\u00bfNecesita un lugar?<\/h2>\n<h4 class=\"light1\" style=\"text-align: center;\">Reserve su evento o hable con un especialista en eventos en la Exposici\u00f3n y Feria Estatal de Arizona<\/h4>\n<p style=\"text-align: center;\"><a class=\"btn-bt default\" href=\"\/es\/venue-rental\/\">SABER M\u00c1S<\/a><\/p>\n\n\t\t<\/div>\n\t<\/div>\n<\/div><\/div><\/div><div class=\"wpb_column vc_column_container vc_col-sm-3\"><div class=\"vc_column-inner\"><div class=\"wpb_wrapper\"><\/div><\/div><\/div><\/div><\/div>\n<\/div>","protected":false},"excerpt":{"rendered":"1826 W MCDOWELL RD. PHOENIX, AZ 85007 GET DIRECTIONS STATEMENT OF LOCATIONS WHERE ALL NOTICES OF THE MEETINGS OF THE ARIZONA EXPOSITION AND STATE FAIR BOARD WILL BE POSTED. AVISO... <a class=\"more-link\" href=\"https:\/\/azstatefair.com\/es\/statutory-notices\/\">Seguir leyendo <span class=\"screen-reader-text\">Notificaciones legales<\/span><\/a>","protected":false},"author":1,"featured_media":0,"parent":0,"menu_order":0,"comment_status":"closed","ping_status":"closed","template":"","meta":{"_acf_changed":false,"h5ap_radio_sources":[],"footnotes":""},"class_list":["post-3085","page","type-page","status-publish","entry"],"acf":[],"yoast_head":"<!-- This site is optimized with the Yoast SEO plugin v27.4 - https:\/\/yoast.com\/product\/yoast-seo-wordpress\/ -->\n<title>Arizona State Fair Statutory Notices | Arizona State Fair<\/title>\n<meta name=\"description\" content=\"Arizona Exposition and State Fair Board hereby states that all notices of the meetings of the Board will be posted at the office of the Arizona Exposition and State Fair.\" \/>\n<meta name=\"robots\" content=\"index, follow, max-snippet:-1, max-image-preview:large, max-video-preview:-1\" \/>\n<link rel=\"canonical\" href=\"https:\/\/azstatefair.com\/es\/statutory-notices\/\" \/>\n<meta property=\"og:locale\" content=\"es_MX\" \/>\n<meta property=\"og:type\" content=\"article\" \/>\n<meta property=\"og:title\" content=\"Arizona State Fair Statutory Notices | Arizona State Fair\" \/>\n<meta property=\"og:description\" content=\"Arizona Exposition and State Fair Board hereby states that all notices of the meetings of the Board will be posted at the office of the Arizona Exposition and State Fair.\" \/>\n<meta property=\"og:url\" content=\"https:\/\/azstatefair.com\/es\/statutory-notices\/\" \/>\n<meta property=\"og:site_name\" content=\"AZ State Fair\" \/>\n<meta property=\"article:publisher\" content=\"https:\/\/www.facebook.com\/azstatefair\" \/>\n<meta property=\"article:modified_time\" content=\"2026-03-05T17:33:25+00:00\" \/>\n<meta property=\"og:image\" content=\"https:\/\/azstatefair.com\/wp-content\/uploads\/2024\/11\/AESF_general_logo_color-e1730749063186.png\" \/>\n\t<meta property=\"og:image:width\" content=\"500\" \/>\n\t<meta property=\"og:image:height\" content=\"286\" \/>\n\t<meta property=\"og:image:type\" content=\"image\/png\" \/>\n<meta name=\"twitter:card\" content=\"summary_large_image\" \/>\n<meta name=\"twitter:site\" content=\"@azstatefair\" \/>\n<script type=\"application\/ld+json\" class=\"yoast-schema-graph\">{\"@context\":\"https:\\\/\\\/schema.org\",\"@graph\":[{\"@type\":\"WebPage\",\"@id\":\"https:\\\/\\\/azstatefair.com\\\/statutory-notices\\\/\",\"url\":\"https:\\\/\\\/azstatefair.com\\\/statutory-notices\\\/\",\"name\":\"Arizona State Fair Statutory Notices | Arizona State Fair\",\"isPartOf\":{\"@id\":\"https:\\\/\\\/azstatefair.com\\\/#website\"},\"primaryImageOfPage\":{\"@id\":\"https:\\\/\\\/azstatefair.com\\\/statutory-notices\\\/#primaryimage\"},\"image\":{\"@id\":\"https:\\\/\\\/azstatefair.com\\\/statutory-notices\\\/#primaryimage\"},\"thumbnailUrl\":\"https:\\\/\\\/azstatefair.com\\\/wp-content\\\/uploads\\\/2024\\\/11\\\/AESF_general_logo_color-1024x586.png\",\"datePublished\":\"2022-11-16T18:48:44+00:00\",\"dateModified\":\"2026-03-05T17:33:25+00:00\",\"description\":\"Arizona Exposition and State Fair Board hereby states that all notices of the meetings of the Board will be posted at the office of the Arizona Exposition and State Fair.\",\"breadcrumb\":{\"@id\":\"https:\\\/\\\/azstatefair.com\\\/statutory-notices\\\/#breadcrumb\"},\"inLanguage\":\"es\",\"potentialAction\":[{\"@type\":\"ReadAction\",\"target\":[\"https:\\\/\\\/azstatefair.com\\\/statutory-notices\\\/\"]}]},{\"@type\":\"ImageObject\",\"inLanguage\":\"es\",\"@id\":\"https:\\\/\\\/azstatefair.com\\\/statutory-notices\\\/#primaryimage\",\"url\":\"https:\\\/\\\/azstatefair.com\\\/wp-content\\\/uploads\\\/2024\\\/11\\\/AESF_general_logo_color-1024x586.png\",\"contentUrl\":\"https:\\\/\\\/azstatefair.com\\\/wp-content\\\/uploads\\\/2024\\\/11\\\/AESF_general_logo_color-1024x586.png\"},{\"@type\":\"BreadcrumbList\",\"@id\":\"https:\\\/\\\/azstatefair.com\\\/statutory-notices\\\/#breadcrumb\",\"itemListElement\":[{\"@type\":\"ListItem\",\"position\":1,\"name\":\"Home\",\"item\":\"https:\\\/\\\/azstatefair.com\\\/\"},{\"@type\":\"ListItem\",\"position\":2,\"name\":\"Statutory Notices\"}]},{\"@type\":\"WebSite\",\"@id\":\"https:\\\/\\\/azstatefair.com\\\/#website\",\"url\":\"https:\\\/\\\/azstatefair.com\\\/\",\"name\":\"AZ State Fair\",\"description\":\"Arizona State Fair &amp; Exposition\",\"publisher\":{\"@id\":\"https:\\\/\\\/azstatefair.com\\\/#organization\"},\"alternateName\":\"AZ State Fair & Exposition\",\"potentialAction\":[{\"@type\":\"SearchAction\",\"target\":{\"@type\":\"EntryPoint\",\"urlTemplate\":\"https:\\\/\\\/azstatefair.com\\\/?s={search_term_string}\"},\"query-input\":{\"@type\":\"PropertyValueSpecification\",\"valueRequired\":true,\"valueName\":\"search_term_string\"}}],\"inLanguage\":\"es\"},{\"@type\":\"Organization\",\"@id\":\"https:\\\/\\\/azstatefair.com\\\/#organization\",\"name\":\"Arizona State Fair\",\"alternateName\":\"AZ State Fair\",\"url\":\"https:\\\/\\\/azstatefair.com\\\/\",\"logo\":{\"@type\":\"ImageObject\",\"inLanguage\":\"es\",\"@id\":\"https:\\\/\\\/azstatefair.com\\\/#\\\/schema\\\/logo\\\/image\\\/\",\"url\":\"https:\\\/\\\/azstatefair.com\\\/wp-content\\\/uploads\\\/2024\\\/09\\\/AZ-State-Fair-featured-image.png\",\"contentUrl\":\"https:\\\/\\\/azstatefair.com\\\/wp-content\\\/uploads\\\/2024\\\/09\\\/AZ-State-Fair-featured-image.png\",\"width\":1200,\"height\":630,\"caption\":\"Arizona State Fair\"},\"image\":{\"@id\":\"https:\\\/\\\/azstatefair.com\\\/#\\\/schema\\\/logo\\\/image\\\/\"},\"sameAs\":[\"https:\\\/\\\/www.facebook.com\\\/azstatefair\",\"https:\\\/\\\/x.com\\\/azstatefair\",\"https:\\\/\\\/www.instagram.com\\\/arizonastatefair\",\"https:\\\/\\\/www.pinterest.com\\\/azstatefair\",\"https:\\\/\\\/www.youtube.com\\\/arizonastatefair\",\"https:\\\/\\\/www.snapchat.com\\\/add\\\/azstatefair\"]}]}<\/script>\n<!-- \/ Yoast SEO plugin. -->","yoast_head_json":{"title":"Feria Estatal de Arizona Avisos legales | Feria Estatal de Arizona","description":"La Junta de la Feria Estatal y de Exposiciones de Arizona declara por la presente que todas las notificaciones de las reuniones de la Junta se publicar\u00e1n en la oficina de la Feria Estatal y de Exposiciones de Arizona.","robots":{"index":"index","follow":"follow","max-snippet":"max-snippet:-1","max-image-preview":"max-image-preview:large","max-video-preview":"max-video-preview:-1"},"canonical":"https:\/\/azstatefair.com\/es\/statutory-notices\/","og_locale":"es_MX","og_type":"article","og_title":"Arizona State Fair Statutory Notices | Arizona State Fair","og_description":"Arizona Exposition and State Fair Board hereby states that all notices of the meetings of the Board will be posted at the office of the Arizona Exposition and State Fair.","og_url":"https:\/\/azstatefair.com\/es\/statutory-notices\/","og_site_name":"AZ State Fair","article_publisher":"https:\/\/www.facebook.com\/azstatefair","article_modified_time":"2026-03-05T17:33:25+00:00","og_image":[{"width":500,"height":286,"url":"https:\/\/azstatefair.com\/wp-content\/uploads\/2024\/11\/AESF_general_logo_color-e1730749063186.png","type":"image\/png"}],"twitter_card":"summary_large_image","twitter_site":"@azstatefair","schema":{"@context":"https:\/\/schema.org","@graph":[{"@type":"WebPage","@id":"https:\/\/azstatefair.com\/statutory-notices\/","url":"https:\/\/azstatefair.com\/statutory-notices\/","name":"Feria Estatal de Arizona Avisos legales | Feria Estatal de Arizona","isPartOf":{"@id":"https:\/\/azstatefair.com\/#website"},"primaryImageOfPage":{"@id":"https:\/\/azstatefair.com\/statutory-notices\/#primaryimage"},"image":{"@id":"https:\/\/azstatefair.com\/statutory-notices\/#primaryimage"},"thumbnailUrl":"https:\/\/azstatefair.com\/wp-content\/uploads\/2024\/11\/AESF_general_logo_color-1024x586.png","datePublished":"2022-11-16T18:48:44+00:00","dateModified":"2026-03-05T17:33:25+00:00","description":"La Junta de la Feria Estatal y de Exposiciones de Arizona declara por la presente que todas las notificaciones de las reuniones de la Junta se publicar\u00e1n en la oficina de la Feria Estatal y de Exposiciones de Arizona.","breadcrumb":{"@id":"https:\/\/azstatefair.com\/statutory-notices\/#breadcrumb"},"inLanguage":"es","potentialAction":[{"@type":"ReadAction","target":["https:\/\/azstatefair.com\/statutory-notices\/"]}]},{"@type":"ImageObject","inLanguage":"es","@id":"https:\/\/azstatefair.com\/statutory-notices\/#primaryimage","url":"https:\/\/azstatefair.com\/wp-content\/uploads\/2024\/11\/AESF_general_logo_color-1024x586.png","contentUrl":"https:\/\/azstatefair.com\/wp-content\/uploads\/2024\/11\/AESF_general_logo_color-1024x586.png"},{"@type":"BreadcrumbList","@id":"https:\/\/azstatefair.com\/statutory-notices\/#breadcrumb","itemListElement":[{"@type":"ListItem","position":1,"name":"Home","item":"https:\/\/azstatefair.com\/"},{"@type":"ListItem","position":2,"name":"Statutory Notices"}]},{"@type":"WebSite","@id":"https:\/\/azstatefair.com\/#website","url":"https:\/\/azstatefair.com\/","name":"Feria estatal de AZ","description":"Feria y Exposici\u00f3n del Estado de Arizona","publisher":{"@id":"https:\/\/azstatefair.com\/#organization"},"alternateName":"AZ State Fair & Exposition","potentialAction":[{"@type":"SearchAction","target":{"@type":"EntryPoint","urlTemplate":"https:\/\/azstatefair.com\/?s={search_term_string}"},"query-input":{"@type":"PropertyValueSpecification","valueRequired":true,"valueName":"search_term_string"}}],"inLanguage":"es"},{"@type":"Organization","@id":"https:\/\/azstatefair.com\/#organization","name":"Feria estatal de Arizona","alternateName":"AZ State Fair","url":"https:\/\/azstatefair.com\/","logo":{"@type":"ImageObject","inLanguage":"es","@id":"https:\/\/azstatefair.com\/#\/schema\/logo\/image\/","url":"https:\/\/azstatefair.com\/wp-content\/uploads\/2024\/09\/AZ-State-Fair-featured-image.png","contentUrl":"https:\/\/azstatefair.com\/wp-content\/uploads\/2024\/09\/AZ-State-Fair-featured-image.png","width":1200,"height":630,"caption":"Arizona State Fair"},"image":{"@id":"https:\/\/azstatefair.com\/#\/schema\/logo\/image\/"},"sameAs":["https:\/\/www.facebook.com\/azstatefair","https:\/\/x.com\/azstatefair","https:\/\/www.instagram.com\/arizonastatefair","https:\/\/www.pinterest.com\/azstatefair","https:\/\/www.youtube.com\/arizonastatefair","https:\/\/www.snapchat.com\/add\/azstatefair"]}]}},"publishpress_future_action":{"enabled":false,"date":"2026-05-01 08:24:20","action":"change-status","newStatus":"draft","terms":[],"taxonomy":"page-category","extraData":[]},"publishpress_future_workflow_manual_trigger":{"enabledWorkflows":[]},"_links":{"self":[{"href":"https:\/\/azstatefair.com\/es\/wp-json\/wp\/v2\/pages\/3085","targetHints":{"allow":["GET"]}}],"collection":[{"href":"https:\/\/azstatefair.com\/es\/wp-json\/wp\/v2\/pages"}],"about":[{"href":"https:\/\/azstatefair.com\/es\/wp-json\/wp\/v2\/types\/page"}],"author":[{"embeddable":true,"href":"https:\/\/azstatefair.com\/es\/wp-json\/wp\/v2\/users\/1"}],"replies":[{"embeddable":true,"href":"https:\/\/azstatefair.com\/es\/wp-json\/wp\/v2\/comments?post=3085"}],"version-history":[{"count":0,"href":"https:\/\/azstatefair.com\/es\/wp-json\/wp\/v2\/pages\/3085\/revisions"}],"wp:attachment":[{"href":"https:\/\/azstatefair.com\/es\/wp-json\/wp\/v2\/media?parent=3085"}],"curies":[{"name":"wp","href":"https:\/\/api.w.org\/{rel}","templated":true}]}}