{"id":2869,"date":"2022-08-03T15:11:20","date_gmt":"2022-08-03T22:11:20","guid":{"rendered":"https:\/\/azstatefair.vmgagencysites.com\/?page_id=2869"},"modified":"2026-03-05T10:12:30","modified_gmt":"2026-03-05T17:12:30","slug":"accessibility","status":"publish","type":"page","link":"https:\/\/azstatefair.com\/es\/accessibility\/","title":{"rendered":"Accesibilidad"},"content":{"rendered":"<div class=\"wpb-content-wrapper\"><div class=\"vc_row wpb_row vc_custom_1772730725185 vc_row-has-fill\"><div class=\"container\"><div class=\"wpb_column vc_column_container vc_col-sm-12\"><div class=\"vc_column-inner\"><div class=\"wpb_wrapper\">\n\t<div class=\"wpb_text_column wpb_content_element  mb0\" >\n\t\t<div class=\"wpb_wrapper\">\n\t\t\t<h2 style=\"text-align: center;\">Informaci\u00f3n para hu\u00e9spedes con discapacidad<\/h2>\n\n\t\t<\/div>\n\t<\/div>\n\n\t<div class=\"wpb_text_column wpb_content_element  mb0\" >\n\t\t<div class=\"wpb_wrapper\">\n\t\t\t<p style=\"text-align: center;\">La Feria Estatal de Arizona ha proporcionado numerosas adaptaciones en todos los edificios y terrenos en beneficio de nuestros hu\u00e9spedes con discapacidades. Esta informaci\u00f3n ha sido preparada para ayudarle a planear su visita y para asegurar que su estancia con nosotros sea placentera. No dude en solicitar asistencia adicional en cualquier momento a un Representante de Servicio al Cliente (CSR) o a cualquier otro miembro del personal de la Feria Estatal de Arizona.<\/p>\n\n\t\t<\/div>\n\t<\/div>\n<\/div><\/div><\/div><\/div><\/div><div class=\"vc_row wpb_row hr-row vc_custom_1772730734912 vc_row-has-fill\"><div class=\"container\"><div class=\"wpb_column vc_column_container vc_col-sm-12\"><div class=\"vc_column-inner\"><div class=\"wpb_wrapper\">\n\t<div class=\"wpb_text_column wpb_content_element  mb0\" >\n\t\t<div class=\"wpb_wrapper\">\n\t\t\t<hr class=\"line purple\" \/>\n\n\t\t<\/div>\n\t<\/div>\n<\/div><\/div><\/div><\/div><\/div><div class=\"vc_row wpb_row vc_custom_1772730741443 vc_row-has-fill\"><div class=\"container\"><div class=\"wpb_column vc_column_container vc_col-sm-12\"><div class=\"vc_column-inner\"><div class=\"wpb_wrapper\">\n\t<div class=\"wpb_text_column wpb_content_element\" >\n\t\t<div class=\"wpb_wrapper\">\n\t\t\t<p style=\"text-align: center;\">La Feria Estatal de Arizona cumple la Ley de Estadounidenses con Discapacidades. Las personas con discapacidad pueden solicitar adaptaciones razonables llamando al tel\u00e9fono <a href=\"tel:602-252-6771\">602-252-6771<\/a>.<\/p>\n\n\t\t<\/div>\n\t<\/div>\n<div id=\"cu_access_icons\" class=\"vc_row wpb_row vc_inner vc_row-fluid vc_row-o-equal-height vc_row-o-content-top vc_row-flex\"><div class=\"wpb_column vc_column_container vc_col-sm-4\"><div class=\"vc_column-inner vc_custom_1692123448422\"><div class=\"wpb_wrapper\">\n\t<div  class=\"wpb_single_image wpb_content_element vc_align_center\">\n\t\t\n\t\t<figure class=\"wpb_wrapper vc_figure\">\n\t\t\t<div class=\"vc_single_image-wrapper   vc_box_border_grey\"><img loading=\"lazy\" decoding=\"async\" width=\"300\" height=\"300\" src=\"https:\/\/azstatefair.com\/wp-content\/uploads\/2023\/11\/icons_parking-300x300.jpg\" class=\"vc_single_image-img attachment-medium\" alt=\"icons parking\" title=\"iconos aparcamiento\" srcset=\"https:\/\/azstatefair.com\/wp-content\/uploads\/2023\/11\/icons_parking-300x300.jpg 300w, https:\/\/azstatefair.com\/wp-content\/uploads\/2023\/11\/icons_parking-1024x1024.jpg 1024w, https:\/\/azstatefair.com\/wp-content\/uploads\/2023\/11\/icons_parking-150x150.jpg 150w, https:\/\/azstatefair.com\/wp-content\/uploads\/2023\/11\/icons_parking-768x768.jpg 768w, https:\/\/azstatefair.com\/wp-content\/uploads\/2023\/11\/icons_parking-e1699379157661.jpg 100w\" sizes=\"auto, (max-width: 300px) 100vw, 300px\" style=\"width:100%;height:100%;max-width:100px;\" \/><\/div>\n\t\t<\/figure>\n\t<\/div>\n\n\t<div class=\"wpb_text_column wpb_content_element\" >\n\t\t<div class=\"wpb_wrapper\">\n\t\t\t<h4 style=\"text-align: center;\"><strong>Aparcamiento<\/strong><\/h4>\n<p style=\"text-align: center;\">En todos los eventos del recinto ferial se ofrece aparcamiento para personas con discapacidad a un precio indicado. La ubicaci\u00f3n depende del evento. Llame al <a href=\"tel:602-252-6771\">602-252-6771<\/a> para m\u00e1s detalles<\/p>\n\n\t\t<\/div>\n\t<\/div>\n<\/div><\/div><\/div><div class=\"wpb_column vc_column_container vc_col-sm-4\"><div class=\"vc_column-inner vc_custom_1692123465220\"><div class=\"wpb_wrapper\">\n\t<div  class=\"wpb_single_image wpb_content_element vc_align_center\">\n\t\t\n\t\t<figure class=\"wpb_wrapper vc_figure\">\n\t\t\t<div class=\"vc_single_image-wrapper   vc_box_border_grey\"><img loading=\"lazy\" decoding=\"async\" width=\"300\" height=\"300\" src=\"https:\/\/azstatefair.com\/wp-content\/uploads\/2023\/11\/icons_atm-300x300.jpg\" class=\"vc_single_image-img attachment-medium\" alt=\"icons atm\" title=\"iconos atm\" srcset=\"https:\/\/azstatefair.com\/wp-content\/uploads\/2023\/11\/icons_atm-300x300.jpg 300w, https:\/\/azstatefair.com\/wp-content\/uploads\/2023\/11\/icons_atm-1024x1024.jpg 1024w, https:\/\/azstatefair.com\/wp-content\/uploads\/2023\/11\/icons_atm-150x150.jpg 150w, https:\/\/azstatefair.com\/wp-content\/uploads\/2023\/11\/icons_atm-768x768.jpg 768w, https:\/\/azstatefair.com\/wp-content\/uploads\/2023\/11\/icons_atm-e1699379173928.jpg 100w\" sizes=\"auto, (max-width: 300px) 100vw, 300px\" style=\"width:100%;height:100%;max-width:100px;\" \/><\/div>\n\t\t<\/figure>\n\t<\/div>\n\n\t<div class=\"wpb_text_column wpb_content_element\" >\n\t\t<div class=\"wpb_wrapper\">\n\t\t\t<h4 style=\"text-align: center;\"><strong>Cajeros autom\u00e1ticos<\/strong><\/h4>\n<p style=\"text-align: center;\">Todos los cajeros autom\u00e1ticos son accesibles en silla de ruedas. Algunos est\u00e1n disponibles en braille.<\/p>\n\n\t\t<\/div>\n\t<\/div>\n<\/div><\/div><\/div><div class=\"wpb_column vc_column_container vc_col-sm-4\"><div class=\"vc_column-inner\"><div class=\"wpb_wrapper\">\n\t<div  class=\"wpb_single_image wpb_content_element vc_align_center\">\n\t\t\n\t\t<figure class=\"wpb_wrapper vc_figure\">\n\t\t\t<div class=\"vc_single_image-wrapper   vc_box_border_grey\"><img loading=\"lazy\" decoding=\"async\" width=\"300\" height=\"300\" src=\"https:\/\/azstatefair.com\/wp-content\/uploads\/2024\/09\/icons-13-300x300.png\" class=\"vc_single_image-img attachment-medium\" alt=\"icons 13\" title=\"iconos 13\" srcset=\"https:\/\/azstatefair.com\/wp-content\/uploads\/2024\/09\/icons-13-300x300.png 300w, https:\/\/azstatefair.com\/wp-content\/uploads\/2024\/09\/icons-13-150x150.png 150w, https:\/\/azstatefair.com\/wp-content\/uploads\/2024\/09\/icons-13-e1725558793293.png 100w\" sizes=\"auto, (max-width: 300px) 100vw, 300px\" style=\"width:100%;height:100%;max-width:100px;\" \/><\/div>\n\t\t<\/figure>\n\t<\/div>\n\n\t<div class=\"wpb_text_column wpb_content_element\" >\n\t\t<div class=\"wpb_wrapper\">\n\t\t\t<h4 style=\"text-align: center;\"><strong>Alquileres<\/strong><\/h4>\n<p style=\"text-align: center;\"><strong>Patrocinado por Copper Star Home Medical Supplies<\/strong><\/p>\n<p style=\"text-align: center;\"><span style=\"font-weight: 400;\">Alquile sillas de ruedas, carros y scooters de movilidad en Copper Star Home Medical Supplies durante la Feria Estatal de Arizona.<\/span><\/p>\n\n\t\t<\/div>\n\t<\/div>\n<\/div><\/div><\/div><\/div><div id=\"cu_access_icons\" class=\"vc_row wpb_row vc_inner vc_row-fluid vc_row-o-equal-height vc_row-o-content-top vc_row-flex\"><div class=\"wpb_column vc_column_container vc_col-sm-4\"><div class=\"vc_column-inner vc_custom_1692123448422\"><div class=\"wpb_wrapper\">\n\t<div  class=\"wpb_single_image wpb_content_element vc_align_center\">\n\t\t\n\t\t<figure class=\"wpb_wrapper vc_figure\">\n\t\t\t<div class=\"vc_single_image-wrapper   vc_box_border_grey\"><img loading=\"lazy\" decoding=\"async\" width=\"300\" height=\"300\" src=\"https:\/\/azstatefair.com\/wp-content\/uploads\/2023\/11\/icons_wheelchair-access-300x300.jpg\" class=\"vc_single_image-img attachment-medium\" alt=\"icons wheelchair access\" title=\"iconos de acceso para sillas de ruedas\" srcset=\"https:\/\/azstatefair.com\/wp-content\/uploads\/2023\/11\/icons_wheelchair-access-300x300.jpg 300w, https:\/\/azstatefair.com\/wp-content\/uploads\/2023\/11\/icons_wheelchair-access-1024x1024.jpg 1024w, https:\/\/azstatefair.com\/wp-content\/uploads\/2023\/11\/icons_wheelchair-access-150x150.jpg 150w, https:\/\/azstatefair.com\/wp-content\/uploads\/2023\/11\/icons_wheelchair-access-768x768.jpg 768w, https:\/\/azstatefair.com\/wp-content\/uploads\/2023\/11\/icons_wheelchair-access-e1699379142499.jpg 100w\" sizes=\"auto, (max-width: 300px) 100vw, 300px\" style=\"width:100%;height:100%;max-width:100px;\" \/><\/div>\n\t\t<\/figure>\n\t<\/div>\n\n\t<div class=\"wpb_text_column wpb_content_element\" >\n\t\t<div class=\"wpb_wrapper\">\n\t\t\t<h4 style=\"text-align: center;\"><strong>Acceso al Coliseo<\/strong><\/h4>\n<p style=\"text-align: center;\">Las personas discapacitadas pueden acceder a los actos del Coliseo por las puertas oeste. En las puertas oeste, a la derecha de la escalera, hay una rampa para sillas de ruedas.<\/p>\n\n\t\t<\/div>\n\t<\/div>\n<\/div><\/div><\/div><div class=\"wpb_column vc_column_container vc_col-sm-4\"><div class=\"vc_column-inner vc_custom_1692123465220\"><div class=\"wpb_wrapper\">\n\t<div  class=\"wpb_single_image wpb_content_element vc_align_center\">\n\t\t\n\t\t<figure class=\"wpb_wrapper vc_figure\">\n\t\t\t<div class=\"vc_single_image-wrapper   vc_box_border_grey\"><img loading=\"lazy\" decoding=\"async\" width=\"300\" height=\"300\" src=\"https:\/\/azstatefair.com\/wp-content\/uploads\/2024\/09\/icons-14-300x300.png\" class=\"vc_single_image-img attachment-medium\" alt=\"icons 14\" title=\"iconos 14\" srcset=\"https:\/\/azstatefair.com\/wp-content\/uploads\/2024\/09\/icons-14-300x300.png 300w, https:\/\/azstatefair.com\/wp-content\/uploads\/2024\/09\/icons-14-150x150.png 150w, https:\/\/azstatefair.com\/wp-content\/uploads\/2024\/09\/icons-14-e1725558808454.png 100w\" sizes=\"auto, (max-width: 300px) 100vw, 300px\" style=\"width:100%;height:100%;max-width:100px;\" \/><\/div>\n\t\t<\/figure>\n\t<\/div>\n\n\t<div class=\"wpb_text_column wpb_content_element\" >\n\t\t<div class=\"wpb_wrapper\">\n\t\t\t<h4 style=\"text-align: center;\"><strong>Primeros auxilios<\/strong><\/h4>\n<p style=\"text-align: center;\">El puesto de primeros auxilios se encuentra junto al de seguridad, en la esquina suroeste del Coliseo.<\/p>\n\n\t\t<\/div>\n\t<\/div>\n<\/div><\/div><\/div><div class=\"wpb_column vc_column_container vc_col-sm-4\"><div class=\"vc_column-inner vc_custom_1692123473591\"><div class=\"wpb_wrapper\">\n\t<div  class=\"wpb_single_image wpb_content_element vc_align_center\">\n\t\t\n\t\t<figure class=\"wpb_wrapper vc_figure\">\n\t\t\t<div class=\"vc_single_image-wrapper   vc_box_border_grey\"><img loading=\"lazy\" decoding=\"async\" width=\"300\" height=\"300\" src=\"https:\/\/azstatefair.com\/wp-content\/uploads\/2023\/11\/icons_bathroom-300x300.jpg\" class=\"vc_single_image-img attachment-medium\" alt=\"icons bathroom\" title=\"iconos ba\u00f1o\" srcset=\"https:\/\/azstatefair.com\/wp-content\/uploads\/2023\/11\/icons_bathroom-300x300.jpg 300w, https:\/\/azstatefair.com\/wp-content\/uploads\/2023\/11\/icons_bathroom-1024x1024.jpg 1024w, https:\/\/azstatefair.com\/wp-content\/uploads\/2023\/11\/icons_bathroom-150x150.jpg 150w, https:\/\/azstatefair.com\/wp-content\/uploads\/2023\/11\/icons_bathroom-768x768.jpg 768w, https:\/\/azstatefair.com\/wp-content\/uploads\/2023\/11\/icons_bathroom-e1699379166644.jpg 100w\" sizes=\"auto, (max-width: 300px) 100vw, 300px\" style=\"width:100%;height:100%;max-width:100px;\" \/><\/div>\n\t\t<\/figure>\n\t<\/div>\n\n\t<div class=\"wpb_text_column wpb_content_element\" >\n\t\t<div class=\"wpb_wrapper\">\n\t\t\t<h4 style=\"text-align: center;\"><strong>Aseos<\/strong><\/h4>\n<p style=\"text-align: center;\">Hay ba\u00f1os accesibles en los niveles superior e inferior del Coliseo, as\u00ed como en lugares espec\u00edficos dentro de cada evento. Para m\u00e1s informaci\u00f3n, consulte a un CSR.<\/p>\n\n\t\t<\/div>\n\t<\/div>\n<\/div><\/div><\/div><\/div><\/div><\/div><\/div><\/div><\/div><div class=\"vc_row wpb_row need-a-venue-row add-parallax no-overlay-black vc_custom_1676931352307 vc_row-has-fill\"><div class=\"container\"><div class=\"wpb_column vc_column_container vc_col-sm-3\"><div class=\"vc_column-inner\"><div class=\"wpb_wrapper\"><\/div><\/div><\/div><div class=\"wpb_column vc_column_container vc_col-sm-6\"><div class=\"vc_column-inner\"><div class=\"wpb_wrapper\">\n\t<div class=\"wpb_text_column wpb_content_element  mb0\" >\n\t\t<div class=\"wpb_wrapper\">\n\t\t\t<h1 class=\"light1\" style=\"text-align: center;\">\u00bfNecesita un lugar?<\/h1>\n<h4 class=\"light1\" style=\"text-align: center;\">Reserve su evento o hable con un especialista en eventos en la Exposici\u00f3n y Feria Estatal de Arizona<\/h4>\n<p style=\"text-align: center;\"><a class=\"btn-bt default\" href=\"\/es\/venue-rental\/\">SABER M\u00c1S<\/a><\/p>\n\n\t\t<\/div>\n\t<\/div>\n<\/div><\/div><\/div><div class=\"wpb_column vc_column_container vc_col-sm-3\"><div class=\"vc_column-inner\"><div class=\"wpb_wrapper\"><\/div><\/div><\/div><\/div><\/div>\n<\/div>","protected":false},"excerpt":{"rendered":"Informaci\u00f3n para visitantes con discapacidades La Feria Estatal de Arizona ha proporcionado numerosas adaptaciones en los edificios y terrenos para el beneficio de nuestros visitantes con discapacidades. Esta informaci\u00f3n ha sido... <a class=\"more-link\" href=\"https:\/\/azstatefair.com\/es\/accessibility\/\">Seguir leyendo <span class=\"screen-reader-text\">Accesibilidad<\/span><\/a>","protected":false},"author":1,"featured_media":0,"parent":0,"menu_order":0,"comment_status":"closed","ping_status":"closed","template":"","meta":{"_acf_changed":false,"h5ap_radio_sources":[],"footnotes":""},"class_list":["post-2869","page","type-page","status-publish","entry"],"acf":[],"yoast_head":"<!-- This site is optimized with the Yoast SEO plugin v27.5 - https:\/\/yoast.com\/product\/yoast-seo-wordpress\/ -->\n<title>Arizona State Fairgrounds Accessibility | Arizona State Fair<\/title>\n<meta name=\"description\" content=\"The Arizona State Fair provides numerous accommodations throughout the buildings and grounds for the benefit of our guests with disabilities.\" \/>\n<meta name=\"robots\" content=\"index, follow, max-snippet:-1, max-image-preview:large, max-video-preview:-1\" \/>\n<link rel=\"canonical\" href=\"https:\/\/azstatefair.com\/es\/accessibility\/\" \/>\n<meta property=\"og:locale\" content=\"es_MX\" \/>\n<meta property=\"og:type\" content=\"article\" \/>\n<meta property=\"og:title\" content=\"Arizona State Fairgrounds Accessibility | Arizona State Fair\" \/>\n<meta property=\"og:description\" content=\"The Arizona State Fair provides numerous accommodations throughout the buildings and grounds for the benefit of our guests with disabilities.\" \/>\n<meta property=\"og:url\" content=\"https:\/\/azstatefair.com\/es\/accessibility\/\" \/>\n<meta property=\"og:site_name\" content=\"AZ State Fair\" \/>\n<meta property=\"article:publisher\" content=\"https:\/\/www.facebook.com\/azstatefair\" \/>\n<meta property=\"article:modified_time\" content=\"2026-03-05T17:12:30+00:00\" \/>\n<meta property=\"og:image\" content=\"https:\/\/azstatefair.com\/wp-content\/uploads\/2022\/11\/Social-Share-Image.jpg\" \/>\n\t<meta property=\"og:image:width\" content=\"1200\" \/>\n\t<meta property=\"og:image:height\" content=\"630\" \/>\n\t<meta property=\"og:image:type\" content=\"image\/jpeg\" \/>\n<meta name=\"twitter:card\" content=\"summary_large_image\" \/>\n<meta name=\"twitter:image\" content=\"https:\/\/azstatefair.com\/wp-content\/uploads\/2022\/11\/Social-Share-Image.jpg\" \/>\n<meta name=\"twitter:site\" content=\"@azstatefair\" \/>\n<script type=\"application\/ld+json\" class=\"yoast-schema-graph\">{\"@context\":\"https:\\\/\\\/schema.org\",\"@graph\":[{\"@type\":\"WebPage\",\"@id\":\"https:\\\/\\\/azstatefair.com\\\/accessibility\\\/\",\"url\":\"https:\\\/\\\/azstatefair.com\\\/accessibility\\\/\",\"name\":\"Arizona State Fairgrounds Accessibility | Arizona State Fair\",\"isPartOf\":{\"@id\":\"https:\\\/\\\/azstatefair.com\\\/#website\"},\"datePublished\":\"2022-08-03T22:11:20+00:00\",\"dateModified\":\"2026-03-05T17:12:30+00:00\",\"description\":\"The Arizona State Fair provides numerous accommodations throughout the buildings and grounds for the benefit of our guests with disabilities.\",\"breadcrumb\":{\"@id\":\"https:\\\/\\\/azstatefair.com\\\/accessibility\\\/#breadcrumb\"},\"inLanguage\":\"es\",\"potentialAction\":[{\"@type\":\"ReadAction\",\"target\":[\"https:\\\/\\\/azstatefair.com\\\/accessibility\\\/\"]}]},{\"@type\":\"BreadcrumbList\",\"@id\":\"https:\\\/\\\/azstatefair.com\\\/accessibility\\\/#breadcrumb\",\"itemListElement\":[{\"@type\":\"ListItem\",\"position\":1,\"name\":\"Home\",\"item\":\"https:\\\/\\\/azstatefair.com\\\/\"},{\"@type\":\"ListItem\",\"position\":2,\"name\":\"Accessibility\"}]},{\"@type\":\"WebSite\",\"@id\":\"https:\\\/\\\/azstatefair.com\\\/#website\",\"url\":\"https:\\\/\\\/azstatefair.com\\\/\",\"name\":\"AZ State Fair\",\"description\":\"Arizona State Fair &amp; Exposition\",\"publisher\":{\"@id\":\"https:\\\/\\\/azstatefair.com\\\/#organization\"},\"alternateName\":\"AZ State Fair & Exposition\",\"potentialAction\":[{\"@type\":\"SearchAction\",\"target\":{\"@type\":\"EntryPoint\",\"urlTemplate\":\"https:\\\/\\\/azstatefair.com\\\/?s={search_term_string}\"},\"query-input\":{\"@type\":\"PropertyValueSpecification\",\"valueRequired\":true,\"valueName\":\"search_term_string\"}}],\"inLanguage\":\"es\"},{\"@type\":\"Organization\",\"@id\":\"https:\\\/\\\/azstatefair.com\\\/#organization\",\"name\":\"Arizona State Fair\",\"alternateName\":\"AZ State Fair\",\"url\":\"https:\\\/\\\/azstatefair.com\\\/\",\"logo\":{\"@type\":\"ImageObject\",\"inLanguage\":\"es\",\"@id\":\"https:\\\/\\\/azstatefair.com\\\/#\\\/schema\\\/logo\\\/image\\\/\",\"url\":\"https:\\\/\\\/azstatefair.com\\\/wp-content\\\/uploads\\\/2024\\\/09\\\/AZ-State-Fair-featured-image.png\",\"contentUrl\":\"https:\\\/\\\/azstatefair.com\\\/wp-content\\\/uploads\\\/2024\\\/09\\\/AZ-State-Fair-featured-image.png\",\"width\":1200,\"height\":630,\"caption\":\"Arizona State Fair\"},\"image\":{\"@id\":\"https:\\\/\\\/azstatefair.com\\\/#\\\/schema\\\/logo\\\/image\\\/\"},\"sameAs\":[\"https:\\\/\\\/www.facebook.com\\\/azstatefair\",\"https:\\\/\\\/x.com\\\/azstatefair\",\"https:\\\/\\\/www.instagram.com\\\/arizonastatefair\",\"https:\\\/\\\/www.pinterest.com\\\/azstatefair\",\"https:\\\/\\\/www.youtube.com\\\/arizonastatefair\",\"https:\\\/\\\/www.snapchat.com\\\/add\\\/azstatefair\"]}]}<\/script>\n<!-- \/ Yoast SEO plugin. -->","yoast_head_json":{"title":"Accesibilidad en la Feria Estatal de Arizona | Feria Estatal de Arizona","description":"La Feria Estatal de Arizona ofrece numerosas facilidades en los edificios y terrenos para nuestros visitantes con discapacidad.","robots":{"index":"index","follow":"follow","max-snippet":"max-snippet:-1","max-image-preview":"max-image-preview:large","max-video-preview":"max-video-preview:-1"},"canonical":"https:\/\/azstatefair.com\/es\/accessibility\/","og_locale":"es_MX","og_type":"article","og_title":"Arizona State Fairgrounds Accessibility | Arizona State Fair","og_description":"The Arizona State Fair provides numerous accommodations throughout the buildings and grounds for the benefit of our guests with disabilities.","og_url":"https:\/\/azstatefair.com\/es\/accessibility\/","og_site_name":"AZ State Fair","article_publisher":"https:\/\/www.facebook.com\/azstatefair","article_modified_time":"2026-03-05T17:12:30+00:00","og_image":[{"width":1200,"height":630,"url":"https:\/\/azstatefair.com\/wp-content\/uploads\/2022\/11\/Social-Share-Image.jpg","type":"image\/jpeg"}],"twitter_card":"summary_large_image","twitter_image":"https:\/\/azstatefair.com\/wp-content\/uploads\/2022\/11\/Social-Share-Image.jpg","twitter_site":"@azstatefair","schema":{"@context":"https:\/\/schema.org","@graph":[{"@type":"WebPage","@id":"https:\/\/azstatefair.com\/accessibility\/","url":"https:\/\/azstatefair.com\/accessibility\/","name":"Accesibilidad en la Feria Estatal de Arizona | Feria Estatal de Arizona","isPartOf":{"@id":"https:\/\/azstatefair.com\/#website"},"datePublished":"2022-08-03T22:11:20+00:00","dateModified":"2026-03-05T17:12:30+00:00","description":"La Feria Estatal de Arizona ofrece numerosas facilidades en los edificios y terrenos para nuestros visitantes con discapacidad.","breadcrumb":{"@id":"https:\/\/azstatefair.com\/accessibility\/#breadcrumb"},"inLanguage":"es","potentialAction":[{"@type":"ReadAction","target":["https:\/\/azstatefair.com\/accessibility\/"]}]},{"@type":"BreadcrumbList","@id":"https:\/\/azstatefair.com\/accessibility\/#breadcrumb","itemListElement":[{"@type":"ListItem","position":1,"name":"Home","item":"https:\/\/azstatefair.com\/"},{"@type":"ListItem","position":2,"name":"Accessibility"}]},{"@type":"WebSite","@id":"https:\/\/azstatefair.com\/#website","url":"https:\/\/azstatefair.com\/","name":"Feria estatal de AZ","description":"Feria y Exposici\u00f3n del Estado de Arizona","publisher":{"@id":"https:\/\/azstatefair.com\/#organization"},"alternateName":"AZ State Fair & Exposition","potentialAction":[{"@type":"SearchAction","target":{"@type":"EntryPoint","urlTemplate":"https:\/\/azstatefair.com\/?s={search_term_string}"},"query-input":{"@type":"PropertyValueSpecification","valueRequired":true,"valueName":"search_term_string"}}],"inLanguage":"es"},{"@type":"Organization","@id":"https:\/\/azstatefair.com\/#organization","name":"Feria estatal de Arizona","alternateName":"AZ State Fair","url":"https:\/\/azstatefair.com\/","logo":{"@type":"ImageObject","inLanguage":"es","@id":"https:\/\/azstatefair.com\/#\/schema\/logo\/image\/","url":"https:\/\/azstatefair.com\/wp-content\/uploads\/2024\/09\/AZ-State-Fair-featured-image.png","contentUrl":"https:\/\/azstatefair.com\/wp-content\/uploads\/2024\/09\/AZ-State-Fair-featured-image.png","width":1200,"height":630,"caption":"Arizona State Fair"},"image":{"@id":"https:\/\/azstatefair.com\/#\/schema\/logo\/image\/"},"sameAs":["https:\/\/www.facebook.com\/azstatefair","https:\/\/x.com\/azstatefair","https:\/\/www.instagram.com\/arizonastatefair","https:\/\/www.pinterest.com\/azstatefair","https:\/\/www.youtube.com\/arizonastatefair","https:\/\/www.snapchat.com\/add\/azstatefair"]}]}},"publishpress_future_action":{"enabled":false,"date":"2026-05-07 00:15:43","action":"change-status","newStatus":"draft","terms":[],"taxonomy":"page-category","extraData":[]},"publishpress_future_workflow_manual_trigger":{"enabledWorkflows":[]},"_links":{"self":[{"href":"https:\/\/azstatefair.com\/es\/wp-json\/wp\/v2\/pages\/2869","targetHints":{"allow":["GET"]}}],"collection":[{"href":"https:\/\/azstatefair.com\/es\/wp-json\/wp\/v2\/pages"}],"about":[{"href":"https:\/\/azstatefair.com\/es\/wp-json\/wp\/v2\/types\/page"}],"author":[{"embeddable":true,"href":"https:\/\/azstatefair.com\/es\/wp-json\/wp\/v2\/users\/1"}],"replies":[{"embeddable":true,"href":"https:\/\/azstatefair.com\/es\/wp-json\/wp\/v2\/comments?post=2869"}],"version-history":[{"count":0,"href":"https:\/\/azstatefair.com\/es\/wp-json\/wp\/v2\/pages\/2869\/revisions"}],"wp:attachment":[{"href":"https:\/\/azstatefair.com\/es\/wp-json\/wp\/v2\/media?parent=2869"}],"curies":[{"name":"wp","href":"https:\/\/api.w.org\/{rel}","templated":true}]}}