{"id":28675,"date":"2026-03-18T09:22:59","date_gmt":"2026-03-18T16:22:59","guid":{"rendered":"https:\/\/azstatefair.com\/?page_id=28675"},"modified":"2026-03-19T09:39:23","modified_gmt":"2026-03-19T16:39:23","slug":"wonder-bundle","status":"publish","type":"page","link":"https:\/\/azstatefair.com\/es\/wonder-bundle\/","title":{"rendered":"El paquete \u00abWonder\u00bb"},"content":{"rendered":"<div class=\"wpb-content-wrapper\"><div class=\"vc_row wpb_row light1 history-intro-1 vc_custom_1678147607314\"><div class=\"container\"><div class=\"vert-align-desktop wpb_column vc_column_container vc_col-sm-6\"><div class=\"vc_column-inner\"><div class=\"wpb_wrapper\">\n\t<div class=\"wpb_text_column wpb_content_element  mb0-desktop\" >\n\t\t<div class=\"wpb_wrapper\">\n\t\t\t<p><img loading=\"lazy\" decoding=\"async\" class=\"aligncenter size-full wp-image-19009\" style=\"border-radius: 5%;\" src=\"https:\/\/azstatefair.com\/wp-content\/uploads\/2026\/03\/deals-discount-ft-images.png\" alt=\"woman holding dream pass and giant stuffed animal\" width=\"800\" height=\"520\" \/><\/p>\n\n\t\t<\/div>\n\t<\/div>\n<\/div><\/div><\/div><div class=\"vert-align-desktop wpb_column vc_column_container vc_col-sm-6\"><div class=\"vc_column-inner\"><div class=\"wpb_wrapper\">\n\t<div class=\"wpb_text_column wpb_content_element  mb0\" >\n\t\t<div class=\"wpb_wrapper\">\n\t\t\t<h2 class=\"accent1\">El paquete \u00abWonder\u00bb<\/h2>\n<h5><b>Exclusiva de Fair Fandom <\/b><\/h5>\n<p><span style=\"font-weight: 400;\">S\u00e9 de los primeros en disfrutar de la <b>Feria Estatal de Arizona 2026: Un estado de maravillas. <\/b>Ya est\u00e1 aqu\u00ed nuestra mejor oferta del a\u00f1o, y ya est\u00e1 disponible <\/span><b>exclusivamente para nuestros miembros de Fair Fandom <strong>SOLO del 19 al 22 de marzo.<\/strong><\/b><\/p>\n<p><span style=\"font-weight: 400;\">En <\/span><b>Paquete Maravilla<\/b><span style=\"font-weight: 400;\"> est\u00e1 pensado para familias y amigos que desean disfrutar de la feria al m\u00e1ximo \u2014atracciones, juegos y entrada\u2014 todo en un sencillo paquete.<\/span><\/p>\n<h5><b>Qu\u00e9 incluye<\/b><\/h5>\n<ul>\n<li><span style=\"font-weight: 400;\">4 entradas generales (valor $70)<\/span><\/li>\n<li><span style=\"font-weight: 400;\">4 pases Dream (valor $180): cada uno incluye 10 atracciones O juegos (t\u00fa eliges)<\/span><\/li>\n<li><span style=\"font-weight: 400;\">4 llaveros de recuerdo \u00abWonder\u00bb de edici\u00f3n limitada<\/span><\/li>\n<\/ul>\n<p><span style=\"font-weight: 400;\">Valor total: $250+<\/span><\/p>\n<p><b>Precio de Fair Fandom: $184,99 (impuestos y tasas incluidos)<\/b><\/p>\n<p><a class=\"btn-bt default\" href=\"https:\/\/www.etix.com\/ticket\/k\/22511202\/the-wonder-bundle-fair-fandom-exclusive-offer-phoenix-arizona-state-fair-ecommerce\">CONSIGUE TU PAQUETE M\u00c1GICO<\/a><\/p>\n<p><a href=\"https:\/\/joinfairfandomnow.hive-pages.com\/2026-arizona-state-fair-fair-fandom\">\u00danete a Fair Fandom para desbloquear el paquete<\/a><\/p>\n\n\t\t<\/div>\n\t<\/div>\n<\/div><\/div><\/div><\/div><\/div><div class=\"vc_row wpb_row hr-row\"><div class=\"container\"><div class=\"wpb_column vc_column_container vc_col-sm-12\"><div class=\"vc_column-inner\"><div class=\"wpb_wrapper\">\n\t<div class=\"wpb_text_column wpb_content_element  mb0\" >\n\t\t<div class=\"wpb_wrapper\">\n\t\t\t<hr class=\"line purple\" \/>\n\n\t\t<\/div>\n\t<\/div>\n<\/div><\/div><\/div><\/div><\/div><div class=\"vc_row wpb_row accordion faq-row vc_custom_1686595466517\"><div class=\"container\"><div class=\"wpb_column vc_column_container vc_col-sm-12\"><div class=\"vc_column-inner\"><div class=\"wpb_wrapper\">\n\t<div class=\"wpb_text_column wpb_content_element\" >\n\t\t<div class=\"wpb_wrapper\">\n\t\t\t<h2 style=\"text-align: center;\">Preguntas frecuentes<\/h2>\n\n\t\t<\/div>\n\t<\/div>\n<div class=\"vc_tta-container\" data-vc-action=\"collapse\"><div class=\"vc_general vc_tta vc_tta-accordion vc_tta-color-grey vc_tta-style-classic vc_tta-shape-rounded vc_tta-o-shape-group vc_tta-controls-align-default\"><div class=\"vc_tta-panels-container\"><div class=\"vc_tta-panels\"><div class=\"vc_tta-panel\" id=\"who-can-buy-thisbb2f-9842\" data-vc-content=\".vc_tta-panel-body\"><div class=\"vc_tta-panel-heading\"><h4 class=\"vc_tta-panel-title vc_tta-controls-icon-position-left\"><a href=\"#who-can-buy-thisbb2f-9842\" data-vc-accordion data-vc-container=\".vc_tta-container\"><span class=\"vc_tta-title-text\">\u00bfQui\u00e9n puede comprarlo?<\/span><i class=\"vc_tta-controls-icon vc_tta-controls-icon-plus\"><\/i><\/a><\/h4><\/div><div class=\"vc_tta-panel-body\"><div class=\"vc_row wpb_row vc_inner vc_row-fluid vc_custom_1676582219164\"><div class=\"vert-align-desktop wpb_column vc_column_container vc_col-sm-12\"><div class=\"vc_column-inner\"><div class=\"wpb_wrapper\">\n\t<div class=\"wpb_text_column wpb_content_element  mb0\" >\n\t\t<div class=\"wpb_wrapper\">\n\t\t\t<p><span style=\"font-weight: 400;\">Esta oferta es <\/span><b>exclusivo para nuestra comunidad Fair Fandom.<\/b><\/p>\n<p><span style=\"font-weight: 400;\">Tendr\u00e1s acceso si formas parte de nuestro:<\/span><\/p>\n<ul>\n<li><span style=\"font-weight: 400;\"> Club de correo electr\u00f3nico<\/span><\/li>\n<li><span style=\"font-weight: 400;\">Club de Texto<\/span><\/li>\n<li><span style=\"font-weight: 400;\">Aplicaci\u00f3n de la Feria Estatal de Arizona<\/span><\/li>\n<\/ul>\n<p style=\"text-align: left;\"><b>\u00bfTe apuntas? \u00danete a nuestro Fair Fandom <a href=\"https:\/\/joinfairfandomnow.hive-pages.com\/2026-arizona-state-fair-fair-fandom\">aqu\u00ed<\/a>. <\/b><span style=\"font-weight: 400;\">Una vez que te unas, recibir\u00e1s el <\/span><b>contrase\u00f1a exclusiva<\/b><span style=\"font-weight: 400;\"> para desbloquear el Paquete Maravilla.<\/span><\/p>\n\n\t\t<\/div>\n\t<\/div>\n<\/div><\/div><\/div><\/div><\/div><\/div><div class=\"vc_tta-panel\" id=\"why-buy-nowbb2f-9842\" data-vc-content=\".vc_tta-panel-body\"><div class=\"vc_tta-panel-heading\"><h4 class=\"vc_tta-panel-title vc_tta-controls-icon-position-left\"><a href=\"#why-buy-nowbb2f-9842\" data-vc-accordion data-vc-container=\".vc_tta-container\"><span class=\"vc_tta-title-text\">\u00bfPor qu\u00e9 comprar ahora?<\/span><i class=\"vc_tta-controls-icon vc_tta-controls-icon-plus\"><\/i><\/a><\/h4><\/div><div class=\"vc_tta-panel-body\"><div class=\"vc_row wpb_row vc_inner vc_row-fluid vc_custom_1676582219164\"><div class=\"vert-align-desktop wpb_column vc_column_container vc_col-sm-12\"><div class=\"vc_column-inner\"><div class=\"wpb_wrapper\">\n\t<div class=\"wpb_text_column wpb_content_element  mb0\" >\n\t\t<div class=\"wpb_wrapper\">\n\t\t\t<p><span style=\"font-weight: 400;\">El paquete Wonder es un <\/span><b>oferta anticipada por tiempo limitado<\/b><span style=\"font-weight: 400;\"> antes de que comiencen nuevas promociones de entradas a finales de este a\u00f1o.<\/span><\/p>\n<p style=\"text-align: left;\"><span style=\"font-weight: 400;\">Consigue tus entradas con antelaci\u00f3n y prep\u00e1rate para entrar en <\/span><b>Un estado de asombro<\/b><span style=\"font-weight: 400;\"> cuando se abran las puertas.<\/span><\/p>\n\n\t\t<\/div>\n\t<\/div>\n<\/div><\/div><\/div><\/div><\/div><\/div><div class=\"vc_tta-panel\" id=\"get-your-wonder-bundlebb2f-9842\" data-vc-content=\".vc_tta-panel-body\"><div class=\"vc_tta-panel-heading\"><h4 class=\"vc_tta-panel-title vc_tta-controls-icon-position-left\"><a href=\"#get-your-wonder-bundlebb2f-9842\" data-vc-accordion data-vc-container=\".vc_tta-container\"><span class=\"vc_tta-title-text\">Consigue tu paquete Wonder<\/span><i class=\"vc_tta-controls-icon vc_tta-controls-icon-plus\"><\/i><\/a><\/h4><\/div><div class=\"vc_tta-panel-body\"><div class=\"vc_row wpb_row vc_inner vc_row-fluid vc_custom_1676582219164\"><div class=\"vert-align-desktop wpb_column vc_column_container vc_col-sm-12\"><div class=\"vc_column-inner\"><div class=\"wpb_wrapper\">\n\t<div class=\"wpb_text_column wpb_content_element  mb0\" >\n\t\t<div class=\"wpb_wrapper\">\n\t\t\t<p><span style=\"font-weight: 400;\">Haga clic <a href=\"https:\/\/www.etix.com\/ticket\/k\/22511202\/the-wonder-bundle-fair-fandom-exclusive-offer-phoenix-arizona-state-fair-ecommerce\">aqu\u00ed<\/a> para obtener el <\/span><b>Paquete Maravilla<\/b><span style=\"font-weight: 400;\"> y aseg\u00farate las mejores ofertas anticipadas para la Feria Estatal de Arizona de 2026.\u00a0<\/span><\/p>\n<p style=\"text-align: left;\"><b>Para acceder es necesario introducir una contrase\u00f1a, que solo se comparte con los miembros de nuestro Fair Fandom.<\/b><b><br \/>\n<\/b><\/p>\n<p style=\"text-align: left;\"><span style=\"font-weight: 400;\">\u00danete a nuestro club por correo electr\u00f3nico, mensaje de texto o aplicaci\u00f3n para recibir la contrase\u00f1a y desbloquear la oferta.<\/span><\/p>\n\n\t\t<\/div>\n\t<\/div>\n<\/div><\/div><\/div><\/div><\/div><\/div><\/div><\/div><\/div><\/div><\/div><\/div><\/div><\/div><\/div><div class=\"vc_row wpb_row need-a-venue-row add-parallax no-overlay-black vc_custom_1676931352307 vc_row-has-fill\"><div class=\"container\"><div class=\"wpb_column vc_column_container vc_col-sm-3\"><div class=\"vc_column-inner\"><div class=\"wpb_wrapper\"><\/div><\/div><\/div><div class=\"wpb_column vc_column_container vc_col-sm-6\"><div class=\"vc_column-inner\"><div class=\"wpb_wrapper\">\n\t<div class=\"wpb_text_column wpb_content_element  mb0\" >\n\t\t<div class=\"wpb_wrapper\">\n\t\t\t<h2 class=\"light1\" style=\"text-align: center;\">\u00danete al Fandom de la Feria<\/h2>\n<h4 class=\"light1\" style=\"text-align: center;\">Forme parte del exclusivo Fandom de la Feria y participe en las \u00faltimas ofertas, las atracciones m\u00e1s novedosas y la diversi\u00f3n del recinto ferial durante todo el a\u00f1o.<\/h4>\n<p style=\"text-align: center;\"><a class=\"btn-bt default\" href=\"https:\/\/joinfairfandomnow.hive-pages.com\/2026-arizona-state-fair-fair-fandom\">INSCR\u00cdBETE HOY MISMO<\/a><\/p>\n\n\t\t<\/div>\n\t<\/div>\n<\/div><\/div><\/div><div class=\"wpb_column vc_column_container vc_col-sm-3\"><div class=\"vc_column-inner\"><div class=\"wpb_wrapper\"><\/div><\/div><\/div><\/div><\/div>\n<\/div>","protected":false},"excerpt":{"rendered":"El paquete \u00abWonder\u00bb: una exclusiva de Fair Fandom. S\u00e9 uno de los primeros en disfrutar de la Feria Estatal de Arizona 2026: \u00abA State of Wonder\u00bb. Nuestra mejor oferta anticipada del a\u00f1o\u2026 <a class=\"more-link\" href=\"https:\/\/azstatefair.com\/es\/wonder-bundle\/\">Seguir leyendo <span class=\"screen-reader-text\">El paquete \u00abWonder\u00bb<\/span><\/a>","protected":false},"author":10,"featured_media":28699,"parent":0,"menu_order":0,"comment_status":"closed","ping_status":"closed","template":"","meta":{"_acf_changed":false,"h5ap_radio_sources":[],"footnotes":""},"class_list":["post-28675","page","type-page","status-publish","has-post-thumbnail","entry"],"acf":[],"yoast_head":"<!-- This site is optimized with the Yoast SEO plugin v27.5 - https:\/\/yoast.com\/product\/yoast-seo-wordpress\/ -->\n<title>The Wonder Bundle<\/title>\n<meta name=\"description\" content=\"Join the Fair Fandom to get access to our best Fair deal: The Wonder Bundle! 4 admission tickets + 4 Dream Passes.\" \/>\n<meta name=\"robots\" content=\"index, follow, max-snippet:-1, max-image-preview:large, max-video-preview:-1\" \/>\n<link rel=\"canonical\" href=\"https:\/\/azstatefair.com\/es\/wonder-bundle\/\" \/>\n<meta property=\"og:locale\" content=\"es_MX\" \/>\n<meta property=\"og:type\" content=\"article\" \/>\n<meta property=\"og:title\" content=\"The Wonder Bundle\" \/>\n<meta property=\"og:description\" content=\"Join the Fair Fandom to get access to our best Fair deal: The Wonder Bundle! 4 admission tickets + 4 Dream Passes.\" \/>\n<meta property=\"og:url\" content=\"https:\/\/azstatefair.com\/es\/wonder-bundle\/\" \/>\n<meta property=\"og:site_name\" content=\"AZ State Fair\" \/>\n<meta property=\"article:publisher\" content=\"https:\/\/www.facebook.com\/azstatefair\" \/>\n<meta property=\"article:modified_time\" content=\"2026-03-19T16:39:23+00:00\" \/>\n<meta property=\"og:image\" content=\"https:\/\/azstatefair.com\/wp-content\/uploads\/2026\/03\/deals-discount-ft-images-1024x1024.png\" \/>\n\t<meta property=\"og:image:width\" content=\"1024\" \/>\n\t<meta property=\"og:image:height\" content=\"1024\" \/>\n\t<meta property=\"og:image:type\" content=\"image\/png\" \/>\n<meta name=\"twitter:card\" content=\"summary_large_image\" \/>\n<meta name=\"twitter:site\" content=\"@azstatefair\" \/>\n<script type=\"application\/ld+json\" class=\"yoast-schema-graph\">{\"@context\":\"https:\\\/\\\/schema.org\",\"@graph\":[{\"@type\":\"WebPage\",\"@id\":\"https:\\\/\\\/azstatefair.com\\\/wonder-bundle\\\/\",\"url\":\"https:\\\/\\\/azstatefair.com\\\/wonder-bundle\\\/\",\"name\":\"The Wonder Bundle\",\"isPartOf\":{\"@id\":\"https:\\\/\\\/azstatefair.com\\\/#website\"},\"primaryImageOfPage\":{\"@id\":\"https:\\\/\\\/azstatefair.com\\\/wonder-bundle\\\/#primaryimage\"},\"image\":{\"@id\":\"https:\\\/\\\/azstatefair.com\\\/wonder-bundle\\\/#primaryimage\"},\"thumbnailUrl\":\"https:\\\/\\\/azstatefair.com\\\/wp-content\\\/uploads\\\/2026\\\/03\\\/deals-discount-ft-images-scaled.png\",\"datePublished\":\"2026-03-18T16:22:59+00:00\",\"dateModified\":\"2026-03-19T16:39:23+00:00\",\"description\":\"Join the Fair Fandom to get access to our best Fair deal: The Wonder Bundle! 4 admission tickets + 4 Dream Passes.\",\"breadcrumb\":{\"@id\":\"https:\\\/\\\/azstatefair.com\\\/wonder-bundle\\\/#breadcrumb\"},\"inLanguage\":\"es\",\"potentialAction\":[{\"@type\":\"ReadAction\",\"target\":[\"https:\\\/\\\/azstatefair.com\\\/wonder-bundle\\\/\"]}]},{\"@type\":\"ImageObject\",\"inLanguage\":\"es\",\"@id\":\"https:\\\/\\\/azstatefair.com\\\/wonder-bundle\\\/#primaryimage\",\"url\":\"https:\\\/\\\/azstatefair.com\\\/wp-content\\\/uploads\\\/2026\\\/03\\\/deals-discount-ft-images-scaled.png\",\"contentUrl\":\"https:\\\/\\\/azstatefair.com\\\/wp-content\\\/uploads\\\/2026\\\/03\\\/deals-discount-ft-images-scaled.png\",\"width\":2560,\"height\":2560,\"caption\":\"deals & discount ft images\"},{\"@type\":\"BreadcrumbList\",\"@id\":\"https:\\\/\\\/azstatefair.com\\\/wonder-bundle\\\/#breadcrumb\",\"itemListElement\":[{\"@type\":\"ListItem\",\"position\":1,\"name\":\"Home\",\"item\":\"https:\\\/\\\/azstatefair.com\\\/\"},{\"@type\":\"ListItem\",\"position\":2,\"name\":\"The Wonder Bundle\"}]},{\"@type\":\"WebSite\",\"@id\":\"https:\\\/\\\/azstatefair.com\\\/#website\",\"url\":\"https:\\\/\\\/azstatefair.com\\\/\",\"name\":\"AZ State Fair\",\"description\":\"Arizona State Fair &amp; Exposition\",\"publisher\":{\"@id\":\"https:\\\/\\\/azstatefair.com\\\/#organization\"},\"alternateName\":\"AZ State Fair & Exposition\",\"potentialAction\":[{\"@type\":\"SearchAction\",\"target\":{\"@type\":\"EntryPoint\",\"urlTemplate\":\"https:\\\/\\\/azstatefair.com\\\/?s={search_term_string}\"},\"query-input\":{\"@type\":\"PropertyValueSpecification\",\"valueRequired\":true,\"valueName\":\"search_term_string\"}}],\"inLanguage\":\"es\"},{\"@type\":\"Organization\",\"@id\":\"https:\\\/\\\/azstatefair.com\\\/#organization\",\"name\":\"Arizona State Fair\",\"alternateName\":\"AZ State Fair\",\"url\":\"https:\\\/\\\/azstatefair.com\\\/\",\"logo\":{\"@type\":\"ImageObject\",\"inLanguage\":\"es\",\"@id\":\"https:\\\/\\\/azstatefair.com\\\/#\\\/schema\\\/logo\\\/image\\\/\",\"url\":\"https:\\\/\\\/azstatefair.com\\\/wp-content\\\/uploads\\\/2024\\\/09\\\/AZ-State-Fair-featured-image.png\",\"contentUrl\":\"https:\\\/\\\/azstatefair.com\\\/wp-content\\\/uploads\\\/2024\\\/09\\\/AZ-State-Fair-featured-image.png\",\"width\":1200,\"height\":630,\"caption\":\"Arizona State Fair\"},\"image\":{\"@id\":\"https:\\\/\\\/azstatefair.com\\\/#\\\/schema\\\/logo\\\/image\\\/\"},\"sameAs\":[\"https:\\\/\\\/www.facebook.com\\\/azstatefair\",\"https:\\\/\\\/x.com\\\/azstatefair\",\"https:\\\/\\\/www.instagram.com\\\/arizonastatefair\",\"https:\\\/\\\/www.pinterest.com\\\/azstatefair\",\"https:\\\/\\\/www.youtube.com\\\/arizonastatefair\",\"https:\\\/\\\/www.snapchat.com\\\/add\\\/azstatefair\"]}]}<\/script>\n<!-- \/ Yoast SEO plugin. -->","yoast_head_json":{"title":"El paquete \u00abWonder\u00bb","description":"\u00a1\u00danete a Fair Fandom para acceder a nuestra mejor oferta para la feria: el Wonder Bundle! 4 entradas + 4 Dream Passes.","robots":{"index":"index","follow":"follow","max-snippet":"max-snippet:-1","max-image-preview":"max-image-preview:large","max-video-preview":"max-video-preview:-1"},"canonical":"https:\/\/azstatefair.com\/es\/wonder-bundle\/","og_locale":"es_MX","og_type":"article","og_title":"The Wonder Bundle","og_description":"Join the Fair Fandom to get access to our best Fair deal: The Wonder Bundle! 4 admission tickets + 4 Dream Passes.","og_url":"https:\/\/azstatefair.com\/es\/wonder-bundle\/","og_site_name":"AZ State Fair","article_publisher":"https:\/\/www.facebook.com\/azstatefair","article_modified_time":"2026-03-19T16:39:23+00:00","og_image":[{"width":1024,"height":1024,"url":"https:\/\/azstatefair.com\/wp-content\/uploads\/2026\/03\/deals-discount-ft-images-1024x1024.png","type":"image\/png"}],"twitter_card":"summary_large_image","twitter_site":"@azstatefair","schema":{"@context":"https:\/\/schema.org","@graph":[{"@type":"WebPage","@id":"https:\/\/azstatefair.com\/wonder-bundle\/","url":"https:\/\/azstatefair.com\/wonder-bundle\/","name":"El paquete \u00abWonder\u00bb","isPartOf":{"@id":"https:\/\/azstatefair.com\/#website"},"primaryImageOfPage":{"@id":"https:\/\/azstatefair.com\/wonder-bundle\/#primaryimage"},"image":{"@id":"https:\/\/azstatefair.com\/wonder-bundle\/#primaryimage"},"thumbnailUrl":"https:\/\/azstatefair.com\/wp-content\/uploads\/2026\/03\/deals-discount-ft-images-scaled.png","datePublished":"2026-03-18T16:22:59+00:00","dateModified":"2026-03-19T16:39:23+00:00","description":"\u00a1\u00danete a Fair Fandom para acceder a nuestra mejor oferta para la feria: el Wonder Bundle! 4 entradas + 4 Dream Passes.","breadcrumb":{"@id":"https:\/\/azstatefair.com\/wonder-bundle\/#breadcrumb"},"inLanguage":"es","potentialAction":[{"@type":"ReadAction","target":["https:\/\/azstatefair.com\/wonder-bundle\/"]}]},{"@type":"ImageObject","inLanguage":"es","@id":"https:\/\/azstatefair.com\/wonder-bundle\/#primaryimage","url":"https:\/\/azstatefair.com\/wp-content\/uploads\/2026\/03\/deals-discount-ft-images-scaled.png","contentUrl":"https:\/\/azstatefair.com\/wp-content\/uploads\/2026\/03\/deals-discount-ft-images-scaled.png","width":2560,"height":2560,"caption":"deals & discount ft images"},{"@type":"BreadcrumbList","@id":"https:\/\/azstatefair.com\/wonder-bundle\/#breadcrumb","itemListElement":[{"@type":"ListItem","position":1,"name":"Home","item":"https:\/\/azstatefair.com\/"},{"@type":"ListItem","position":2,"name":"The Wonder Bundle"}]},{"@type":"WebSite","@id":"https:\/\/azstatefair.com\/#website","url":"https:\/\/azstatefair.com\/","name":"Feria estatal de AZ","description":"Feria y Exposici\u00f3n del Estado de Arizona","publisher":{"@id":"https:\/\/azstatefair.com\/#organization"},"alternateName":"AZ State Fair & Exposition","potentialAction":[{"@type":"SearchAction","target":{"@type":"EntryPoint","urlTemplate":"https:\/\/azstatefair.com\/?s={search_term_string}"},"query-input":{"@type":"PropertyValueSpecification","valueRequired":true,"valueName":"search_term_string"}}],"inLanguage":"es"},{"@type":"Organization","@id":"https:\/\/azstatefair.com\/#organization","name":"Feria estatal de Arizona","alternateName":"AZ State Fair","url":"https:\/\/azstatefair.com\/","logo":{"@type":"ImageObject","inLanguage":"es","@id":"https:\/\/azstatefair.com\/#\/schema\/logo\/image\/","url":"https:\/\/azstatefair.com\/wp-content\/uploads\/2024\/09\/AZ-State-Fair-featured-image.png","contentUrl":"https:\/\/azstatefair.com\/wp-content\/uploads\/2024\/09\/AZ-State-Fair-featured-image.png","width":1200,"height":630,"caption":"Arizona State Fair"},"image":{"@id":"https:\/\/azstatefair.com\/#\/schema\/logo\/image\/"},"sameAs":["https:\/\/www.facebook.com\/azstatefair","https:\/\/x.com\/azstatefair","https:\/\/www.instagram.com\/arizonastatefair","https:\/\/www.pinterest.com\/azstatefair","https:\/\/www.youtube.com\/arizonastatefair","https:\/\/www.snapchat.com\/add\/azstatefair"]}]}},"publishpress_future_action":{"enabled":false,"date":"2026-05-07 20:14:57","action":"change-status","newStatus":"draft","terms":[],"taxonomy":"page-category","extraData":[]},"publishpress_future_workflow_manual_trigger":{"enabledWorkflows":[]},"_links":{"self":[{"href":"https:\/\/azstatefair.com\/es\/wp-json\/wp\/v2\/pages\/28675","targetHints":{"allow":["GET"]}}],"collection":[{"href":"https:\/\/azstatefair.com\/es\/wp-json\/wp\/v2\/pages"}],"about":[{"href":"https:\/\/azstatefair.com\/es\/wp-json\/wp\/v2\/types\/page"}],"author":[{"embeddable":true,"href":"https:\/\/azstatefair.com\/es\/wp-json\/wp\/v2\/users\/10"}],"replies":[{"embeddable":true,"href":"https:\/\/azstatefair.com\/es\/wp-json\/wp\/v2\/comments?post=28675"}],"version-history":[{"count":0,"href":"https:\/\/azstatefair.com\/es\/wp-json\/wp\/v2\/pages\/28675\/revisions"}],"wp:featuredmedia":[{"embeddable":true,"href":"https:\/\/azstatefair.com\/es\/wp-json\/wp\/v2\/media\/28699"}],"wp:attachment":[{"href":"https:\/\/azstatefair.com\/es\/wp-json\/wp\/v2\/media?parent=28675"}],"curies":[{"name":"wp","href":"https:\/\/api.w.org\/{rel}","templated":true}]}}