{"id":28451,"date":"2026-02-25T15:49:34","date_gmt":"2026-02-25T22:49:34","guid":{"rendered":"https:\/\/azstatefair.com\/?page_id=28451"},"modified":"2026-02-25T16:13:53","modified_gmt":"2026-02-25T23:13:53","slug":"foodieland-know-before-you-go","status":"publish","type":"page","link":"https:\/\/azstatefair.com\/es\/foodieland-know-before-you-go\/","title":{"rendered":"Foodieland: Inf\u00f3rmate antes de ir"},"content":{"rendered":"<div class=\"wpb-content-wrapper\"><div class=\"vc_row wpb_row hr-row\"><div class=\"container\"><div class=\"wpb_column vc_column_container vc_col-sm-12\"><div class=\"vc_column-inner\"><div class=\"wpb_wrapper\">\n\t<div class=\"wpb_text_column wpb_content_element\" >\n\t\t<div class=\"wpb_wrapper\">\n\t\t\t<h2 style=\"text-align: center;\"><strong>Foodieland se celebra del 20 al 22 de marzo.<\/strong><\/h2>\n<p style=\"text-align: center;\">FoodieLand es el FESTIVAL GASTRON\u00d3MICO M\u00c1S GRANDE del pa\u00eds, que re\u00fane el talento local, las peque\u00f1as empresas y los sabores internacionales en una experiencia llena de vida. M\u00e1s que un simple festival, FoodieLand es un lugar de encuentro donde la gente se re\u00fane para celebrar la comunidad a trav\u00e9s de la comida, la cultura y momentos inolvidables. \u00a1Consigue ya tus boletos! \u00a1Nos vemos all\u00ed!<\/p>\n<p style=\"text-align: center;\"><a class=\"btn-bt default\" href=\"https:\/\/azstatefair.com\/es\/events\/foodieland-food-festival\/\">SABER M\u00c1S<\/a><\/p>\n\n\t\t<\/div>\n\t<\/div>\n\n\t<div class=\"wpb_text_column wpb_content_element  vc_custom_1772059649521 mb0\" >\n\t\t<div class=\"wpb_wrapper\">\n\t\t\t<hr class=\"line purple\" \/>\n\n\t\t<\/div>\n\t<\/div>\n\n\t<div class=\"wpb_text_column wpb_content_element\" >\n\t\t<div class=\"wpb_wrapper\">\n\t\t\t<h3 style=\"text-align: center;\"><strong>Opciones de estacionamiento<\/strong><\/h3>\n<ul>\n<li><strong>Lote Norte<\/strong> \u2013 $12 | Entrada por la 19\u00aa Avenida y Monte Vista o Encanto.<\/li>\n<li><strong>Lote Oeste<\/strong> \u2013 $12 | Salir de Encanto<\/li>\n<li><strong>Recogida\/entrega del servicio de transporte compartido:<\/strong> Entra por Monte Vista y la 19\u00aa Avenida.<\/li>\n<\/ul>\n<p style=\"text-align: center;\"><a class=\"btn-bt default\" href=\"https:\/\/azstatefair.com\/wp-content\/uploads\/2026\/02\/Foodieland-Public-Parking-Info.pdf\">VER MAPA DE ESTACIONAMIENTO<\/a><\/p>\n\n\t\t<\/div>\n\t<\/div>\n\n\t<div class=\"wpb_text_column wpb_content_element  vc_custom_1772059663020 mb0\" >\n\t\t<div class=\"wpb_wrapper\">\n\t\t\t<hr class=\"line purple\" \/>\n\n\t\t<\/div>\n\t<\/div>\n\n\t<div class=\"wpb_text_column wpb_content_element\" >\n\t\t<div class=\"wpb_wrapper\">\n\t\t\t<h3 style=\"text-align: center;\"><strong>Entradas<\/strong><\/h3>\n<p>Las entradas generales se pueden comprar por adelantado en AZStatefair.com. No se vender\u00e1n entradas en el recinto. <a href=\"https:\/\/www.etix.com\/ticket\/p\/39476966\/foodieland-food-festival-march-20-222026-phoenix-arizona-state-fairgrounds?_gl=1*1dx4xav*_ga*Nzk1Mjk5NzA2LjE3NTA3OTIyMjk.*_ga_VR5WBS5B6C*czE3NzEzNTA0NDgkbzQ5OSRnMSR0MTc3MTM1MDQ5OCRqMTAkbDAkaDQ1MDU2MDU5Nw..*_gcl_au*MTczMTkzNDk5Ni4xNzY2NTEwMTM0*_ga_73LPX5JS1P*czE3NzEzNTA0NDgkbzUwMSRnMSR0MTc3MTM1MDQ5OCRqMTAkbDAkaDE3NzE2NDEyODU.&amp;_ga=2.182179107.503553590.1771266907-795299706.1750792229\">Compre sus boletos aqu\u00ed.<\/a><\/p>\n\n\t\t<\/div>\n\t<\/div>\n\n\t<div class=\"wpb_text_column wpb_content_element  vc_custom_1772059671406 mb0\" >\n\t\t<div class=\"wpb_wrapper\">\n\t\t\t<hr class=\"line purple\" \/>\n\n\t\t<\/div>\n\t<\/div>\n\n\t<div class=\"wpb_text_column wpb_content_element\" >\n\t\t<div class=\"wpb_wrapper\">\n\t\t\t<h3 style=\"text-align: center;\"><strong>Al ingresar<\/strong><\/h3>\n<p><strong>POL\u00cdTICA DE EQUIPAJES <\/strong>\u2013 Todas las bolsas, mochilas y bolsas para pa\u00f1ales est\u00e1n sujetas a inspecci\u00f3n. Todos los visitantes deber\u00e1n pasar por detectores de metales y podr\u00e1n ser sometidos a cacheos o registros con detectores magn\u00e9ticos si se considera necesario. Se recomienda llevar bolsas transparentes para agilizar el acceso.<\/p>\n<p><strong>POL\u00cdTICA SOBRE COMIDA Y BEBIDA EN EL EXTERIOR<\/strong> \u2013 No se permitir\u00e1 introducir comida ni bebida del exterior. Se permite una botella de agua sellada de f\u00e1brica (por persona) o un recipiente vac\u00edo (por persona). Durante todo el evento habr\u00e1 estaciones de agua rellenables gratuitas.<\/p>\n<p><strong>ANIMALES DE COMPA\u00d1\u00cdA<\/strong> \u2013 Se admiten perros de servicio, siempre y cuando vayan con correa o se mantengan controlados en todo momento.<\/p>\n\n\t\t<\/div>\n\t<\/div>\n\n\t<div class=\"wpb_text_column wpb_content_element  vc_custom_1772059680338 mb0\" >\n\t\t<div class=\"wpb_wrapper\">\n\t\t\t<hr class=\"line purple\" \/>\n\n\t\t<\/div>\n\t<\/div>\n\n\t<div class=\"wpb_text_column wpb_content_element\" >\n\t\t<div class=\"wpb_wrapper\">\n\t\t\t<h3 style=\"text-align: center;\"><strong>Qu\u00e9 llevar<\/strong><\/h3>\n<p><strong>BOTELLA\/RECIPIENTE DE AGUA VAC\u00cdO<\/strong> \u2013 Es fundamental mantenerse hidratado. Se permite llevar una botella de agua sellada de f\u00e1brica (por persona) o un recipiente vac\u00edo (por persona). Hay estaciones de agua rellenables gratuitas en todo el recinto ferial.<\/p>\n<p><strong>ROPA\/ZAPATOS C\u00d3MODOS<\/strong> \u2013 Recomendamos a los hu\u00e9spedes que lleven ropa c\u00f3moda y calzado adecuado para caminar durante largos periodos de tiempo y realizar actividades al aire libre.<\/p>\n<p><strong>CARGADORES PORT\u00c1TILES<\/strong> \u2013 Para garantizar que los hu\u00e9spedes puedan capturar cada momento de diversi\u00f3n, recomendamos llevar un cargador port\u00e1til.<\/p>\n<p><strong>PANTALLA SOLAR<\/strong> \u2013 Si visita el lugar durante el d\u00eda, es imprescindible usar protector solar para proteger su piel y disfrutar de una experiencia segura y agradable.<\/p>\n\n\t\t<\/div>\n\t<\/div>\n\n\t<div class=\"wpb_text_column wpb_content_element  vc_custom_1772059696921 mb0\" >\n\t\t<div class=\"wpb_wrapper\">\n\t\t\t<hr class=\"line purple\" \/>\n\n\t\t<\/div>\n\t<\/div>\n\n\t<div class=\"wpb_text_column wpb_content_element\" >\n\t\t<div class=\"wpb_wrapper\">\n\t\t\t<h3 style=\"text-align: center;\"><strong>Qu\u00e9 no llevar<\/strong><\/h3>\n<p><strong>SU SEGURIDAD ES IMPORTANTE PARA NOSOTROS POR FAVOR, DEJE LOS SIGUIENTES ART\u00cdCULOS EN CASA:<\/strong><\/p>\n<ul>\n<li><span style=\"color: #000000;\">Alimentos o bebidas del exterior<\/span><\/li>\n<li><span style=\"color: #000000;\">Armas de cualquier tipo<\/span><\/li>\n<li><span style=\"color: #000000;\">Refrigeradores port\u00e1tiles, sillas de jard\u00edn<\/span><\/li>\n<li><span style=\"color: #000000;\">Mochilas<\/span><\/li>\n<li><span style=\"color: #000000;\">Patinetas\/patines en l\u00ednea\/trotinetas<\/span><\/li>\n<li><span style=\"color: #000000;\">Excepciones: Bolsas para pa\u00f1ales<\/span><\/li>\n<li><span style=\"color: #000000;\">Bolsas m\u00e9dicas<\/span><\/li>\n<li><span style=\"color: #000000;\">Botellas de agua selladas\u00a0<\/span><\/li>\n<\/ul>\n\n\t\t<\/div>\n\t<\/div>\n<\/div><\/div><\/div><\/div><\/div>\n<\/div>","protected":false},"excerpt":{"rendered":"Foodieland se celebra del 20 al 22 de marzo. FoodieLand es el FESTIVAL GASTRON\u00d3MICO M\u00c1S GRANDE del pa\u00eds, que re\u00fane a talentos locales, peque\u00f1as empresas y sabores internacionales en una experiencia llena de vida. M\u00e1s que un simple festival, FoodieLand es... <a class=\"more-link\" href=\"https:\/\/azstatefair.com\/es\/foodieland-know-before-you-go\/\">Seguir leyendo <span class=\"screen-reader-text\">Foodieland: Inf\u00f3rmate antes de ir<\/span><\/a>","protected":false},"author":10,"featured_media":28339,"parent":0,"menu_order":0,"comment_status":"closed","ping_status":"closed","template":"","meta":{"_acf_changed":false,"h5ap_radio_sources":[],"footnotes":""},"class_list":["post-28451","page","type-page","status-publish","has-post-thumbnail","entry"],"acf":[],"yoast_head":"<!-- This site is optimized with the Yoast SEO plugin v27.4 - https:\/\/yoast.com\/product\/yoast-seo-wordpress\/ -->\n<title>Foodieland: Know Before You Go | Arizona State Fair<\/title>\n<meta name=\"robots\" content=\"index, follow, max-snippet:-1, max-image-preview:large, max-video-preview:-1\" \/>\n<link rel=\"canonical\" href=\"https:\/\/azstatefair.com\/es\/foodieland-know-before-you-go\/\" \/>\n<meta property=\"og:locale\" content=\"es_MX\" \/>\n<meta property=\"og:type\" content=\"article\" \/>\n<meta property=\"og:title\" content=\"Foodieland: Know Before You Go | Arizona State Fair\" \/>\n<meta property=\"og:url\" content=\"https:\/\/azstatefair.com\/es\/foodieland-know-before-you-go\/\" \/>\n<meta property=\"og:site_name\" content=\"AZ State Fair\" \/>\n<meta property=\"article:publisher\" content=\"https:\/\/www.facebook.com\/azstatefair\" \/>\n<meta property=\"article:modified_time\" content=\"2026-02-25T23:13:53+00:00\" \/>\n<meta property=\"og:image\" content=\"https:\/\/azstatefair.com\/wp-content\/uploads\/2026\/02\/AZ-State-fair-graphic-1080x1080-1.png\" \/>\n\t<meta property=\"og:image:width\" content=\"1080\" \/>\n\t<meta property=\"og:image:height\" content=\"1080\" \/>\n\t<meta property=\"og:image:type\" content=\"image\/png\" \/>\n<meta name=\"twitter:card\" content=\"summary_large_image\" \/>\n<meta name=\"twitter:site\" content=\"@azstatefair\" \/>\n<script type=\"application\/ld+json\" class=\"yoast-schema-graph\">{\"@context\":\"https:\\\/\\\/schema.org\",\"@graph\":[{\"@type\":\"WebPage\",\"@id\":\"https:\\\/\\\/azstatefair.com\\\/foodieland-know-before-you-go\\\/\",\"url\":\"https:\\\/\\\/azstatefair.com\\\/foodieland-know-before-you-go\\\/\",\"name\":\"Foodieland: Know Before You Go | Arizona State Fair\",\"isPartOf\":{\"@id\":\"https:\\\/\\\/azstatefair.com\\\/#website\"},\"primaryImageOfPage\":{\"@id\":\"https:\\\/\\\/azstatefair.com\\\/foodieland-know-before-you-go\\\/#primaryimage\"},\"image\":{\"@id\":\"https:\\\/\\\/azstatefair.com\\\/foodieland-know-before-you-go\\\/#primaryimage\"},\"thumbnailUrl\":\"https:\\\/\\\/azstatefair.com\\\/wp-content\\\/uploads\\\/2026\\\/02\\\/AZ-State-fair-graphic-1080x1080-1.png\",\"datePublished\":\"2026-02-25T22:49:34+00:00\",\"dateModified\":\"2026-02-25T23:13:53+00:00\",\"breadcrumb\":{\"@id\":\"https:\\\/\\\/azstatefair.com\\\/foodieland-know-before-you-go\\\/#breadcrumb\"},\"inLanguage\":\"es\",\"potentialAction\":[{\"@type\":\"ReadAction\",\"target\":[\"https:\\\/\\\/azstatefair.com\\\/foodieland-know-before-you-go\\\/\"]}]},{\"@type\":\"ImageObject\",\"inLanguage\":\"es\",\"@id\":\"https:\\\/\\\/azstatefair.com\\\/foodieland-know-before-you-go\\\/#primaryimage\",\"url\":\"https:\\\/\\\/azstatefair.com\\\/wp-content\\\/uploads\\\/2026\\\/02\\\/AZ-State-fair-graphic-1080x1080-1.png\",\"contentUrl\":\"https:\\\/\\\/azstatefair.com\\\/wp-content\\\/uploads\\\/2026\\\/02\\\/AZ-State-fair-graphic-1080x1080-1.png\",\"width\":1080,\"height\":1080,\"caption\":\"AZ State fair graphic 1080x1080\"},{\"@type\":\"BreadcrumbList\",\"@id\":\"https:\\\/\\\/azstatefair.com\\\/foodieland-know-before-you-go\\\/#breadcrumb\",\"itemListElement\":[{\"@type\":\"ListItem\",\"position\":1,\"name\":\"Home\",\"item\":\"https:\\\/\\\/azstatefair.com\\\/\"},{\"@type\":\"ListItem\",\"position\":2,\"name\":\"Foodieland: Know Before You Go\"}]},{\"@type\":\"WebSite\",\"@id\":\"https:\\\/\\\/azstatefair.com\\\/#website\",\"url\":\"https:\\\/\\\/azstatefair.com\\\/\",\"name\":\"AZ State Fair\",\"description\":\"Arizona State Fair &amp; Exposition\",\"publisher\":{\"@id\":\"https:\\\/\\\/azstatefair.com\\\/#organization\"},\"alternateName\":\"AZ State Fair & Exposition\",\"potentialAction\":[{\"@type\":\"SearchAction\",\"target\":{\"@type\":\"EntryPoint\",\"urlTemplate\":\"https:\\\/\\\/azstatefair.com\\\/?s={search_term_string}\"},\"query-input\":{\"@type\":\"PropertyValueSpecification\",\"valueRequired\":true,\"valueName\":\"search_term_string\"}}],\"inLanguage\":\"es\"},{\"@type\":\"Organization\",\"@id\":\"https:\\\/\\\/azstatefair.com\\\/#organization\",\"name\":\"Arizona State Fair\",\"alternateName\":\"AZ State Fair\",\"url\":\"https:\\\/\\\/azstatefair.com\\\/\",\"logo\":{\"@type\":\"ImageObject\",\"inLanguage\":\"es\",\"@id\":\"https:\\\/\\\/azstatefair.com\\\/#\\\/schema\\\/logo\\\/image\\\/\",\"url\":\"https:\\\/\\\/azstatefair.com\\\/wp-content\\\/uploads\\\/2024\\\/09\\\/AZ-State-Fair-featured-image.png\",\"contentUrl\":\"https:\\\/\\\/azstatefair.com\\\/wp-content\\\/uploads\\\/2024\\\/09\\\/AZ-State-Fair-featured-image.png\",\"width\":1200,\"height\":630,\"caption\":\"Arizona State Fair\"},\"image\":{\"@id\":\"https:\\\/\\\/azstatefair.com\\\/#\\\/schema\\\/logo\\\/image\\\/\"},\"sameAs\":[\"https:\\\/\\\/www.facebook.com\\\/azstatefair\",\"https:\\\/\\\/x.com\\\/azstatefair\",\"https:\\\/\\\/www.instagram.com\\\/arizonastatefair\",\"https:\\\/\\\/www.pinterest.com\\\/azstatefair\",\"https:\\\/\\\/www.youtube.com\\\/arizonastatefair\",\"https:\\\/\\\/www.snapchat.com\\\/add\\\/azstatefair\"]}]}<\/script>\n<!-- \/ Yoast SEO plugin. -->","yoast_head_json":{"title":"Foodieland: Lo que hay que saber antes de ir | Feria Estatal de Arizona","robots":{"index":"index","follow":"follow","max-snippet":"max-snippet:-1","max-image-preview":"max-image-preview:large","max-video-preview":"max-video-preview:-1"},"canonical":"https:\/\/azstatefair.com\/es\/foodieland-know-before-you-go\/","og_locale":"es_MX","og_type":"article","og_title":"Foodieland: Know Before You Go | Arizona State Fair","og_url":"https:\/\/azstatefair.com\/es\/foodieland-know-before-you-go\/","og_site_name":"AZ State Fair","article_publisher":"https:\/\/www.facebook.com\/azstatefair","article_modified_time":"2026-02-25T23:13:53+00:00","og_image":[{"width":1080,"height":1080,"url":"https:\/\/azstatefair.com\/wp-content\/uploads\/2026\/02\/AZ-State-fair-graphic-1080x1080-1.png","type":"image\/png"}],"twitter_card":"summary_large_image","twitter_site":"@azstatefair","schema":{"@context":"https:\/\/schema.org","@graph":[{"@type":"WebPage","@id":"https:\/\/azstatefair.com\/foodieland-know-before-you-go\/","url":"https:\/\/azstatefair.com\/foodieland-know-before-you-go\/","name":"Foodieland: Lo que hay que saber antes de ir | Feria Estatal de Arizona","isPartOf":{"@id":"https:\/\/azstatefair.com\/#website"},"primaryImageOfPage":{"@id":"https:\/\/azstatefair.com\/foodieland-know-before-you-go\/#primaryimage"},"image":{"@id":"https:\/\/azstatefair.com\/foodieland-know-before-you-go\/#primaryimage"},"thumbnailUrl":"https:\/\/azstatefair.com\/wp-content\/uploads\/2026\/02\/AZ-State-fair-graphic-1080x1080-1.png","datePublished":"2026-02-25T22:49:34+00:00","dateModified":"2026-02-25T23:13:53+00:00","breadcrumb":{"@id":"https:\/\/azstatefair.com\/foodieland-know-before-you-go\/#breadcrumb"},"inLanguage":"es","potentialAction":[{"@type":"ReadAction","target":["https:\/\/azstatefair.com\/foodieland-know-before-you-go\/"]}]},{"@type":"ImageObject","inLanguage":"es","@id":"https:\/\/azstatefair.com\/foodieland-know-before-you-go\/#primaryimage","url":"https:\/\/azstatefair.com\/wp-content\/uploads\/2026\/02\/AZ-State-fair-graphic-1080x1080-1.png","contentUrl":"https:\/\/azstatefair.com\/wp-content\/uploads\/2026\/02\/AZ-State-fair-graphic-1080x1080-1.png","width":1080,"height":1080,"caption":"AZ State fair graphic 1080x1080"},{"@type":"BreadcrumbList","@id":"https:\/\/azstatefair.com\/foodieland-know-before-you-go\/#breadcrumb","itemListElement":[{"@type":"ListItem","position":1,"name":"Home","item":"https:\/\/azstatefair.com\/"},{"@type":"ListItem","position":2,"name":"Foodieland: Know Before You Go"}]},{"@type":"WebSite","@id":"https:\/\/azstatefair.com\/#website","url":"https:\/\/azstatefair.com\/","name":"Feria estatal de AZ","description":"Feria y Exposici\u00f3n del Estado de Arizona","publisher":{"@id":"https:\/\/azstatefair.com\/#organization"},"alternateName":"AZ State Fair & Exposition","potentialAction":[{"@type":"SearchAction","target":{"@type":"EntryPoint","urlTemplate":"https:\/\/azstatefair.com\/?s={search_term_string}"},"query-input":{"@type":"PropertyValueSpecification","valueRequired":true,"valueName":"search_term_string"}}],"inLanguage":"es"},{"@type":"Organization","@id":"https:\/\/azstatefair.com\/#organization","name":"Feria estatal de Arizona","alternateName":"AZ State Fair","url":"https:\/\/azstatefair.com\/","logo":{"@type":"ImageObject","inLanguage":"es","@id":"https:\/\/azstatefair.com\/#\/schema\/logo\/image\/","url":"https:\/\/azstatefair.com\/wp-content\/uploads\/2024\/09\/AZ-State-Fair-featured-image.png","contentUrl":"https:\/\/azstatefair.com\/wp-content\/uploads\/2024\/09\/AZ-State-Fair-featured-image.png","width":1200,"height":630,"caption":"Arizona State Fair"},"image":{"@id":"https:\/\/azstatefair.com\/#\/schema\/logo\/image\/"},"sameAs":["https:\/\/www.facebook.com\/azstatefair","https:\/\/x.com\/azstatefair","https:\/\/www.instagram.com\/arizonastatefair","https:\/\/www.pinterest.com\/azstatefair","https:\/\/www.youtube.com\/arizonastatefair","https:\/\/www.snapchat.com\/add\/azstatefair"]}]}},"publishpress_future_action":{"enabled":false,"date":"2026-04-22 22:28:35","action":"change-status","newStatus":"draft","terms":[],"taxonomy":"page-category","extraData":[]},"publishpress_future_workflow_manual_trigger":{"enabledWorkflows":[]},"_links":{"self":[{"href":"https:\/\/azstatefair.com\/es\/wp-json\/wp\/v2\/pages\/28451","targetHints":{"allow":["GET"]}}],"collection":[{"href":"https:\/\/azstatefair.com\/es\/wp-json\/wp\/v2\/pages"}],"about":[{"href":"https:\/\/azstatefair.com\/es\/wp-json\/wp\/v2\/types\/page"}],"author":[{"embeddable":true,"href":"https:\/\/azstatefair.com\/es\/wp-json\/wp\/v2\/users\/10"}],"replies":[{"embeddable":true,"href":"https:\/\/azstatefair.com\/es\/wp-json\/wp\/v2\/comments?post=28451"}],"version-history":[{"count":0,"href":"https:\/\/azstatefair.com\/es\/wp-json\/wp\/v2\/pages\/28451\/revisions"}],"wp:featuredmedia":[{"embeddable":true,"href":"https:\/\/azstatefair.com\/es\/wp-json\/wp\/v2\/media\/28339"}],"wp:attachment":[{"href":"https:\/\/azstatefair.com\/es\/wp-json\/wp\/v2\/media?parent=28451"}],"curies":[{"name":"wp","href":"https:\/\/api.w.org\/{rel}","templated":true}]}}