{"id":27728,"date":"2025-09-29T11:15:09","date_gmt":"2025-09-29T18:15:09","guid":{"rendered":"https:\/\/azstatefair.com\/?page_id=27728"},"modified":"2025-09-29T12:32:20","modified_gmt":"2025-09-29T19:32:20","slug":"family-four-pack-deal","status":"publish","type":"page","link":"https:\/\/azstatefair.com\/es\/family-four-pack-deal\/","title":{"rendered":"Paquete familiar de cuatro"},"content":{"rendered":"<div class=\"wpb-content-wrapper\"><div class=\"vc_row wpb_row light1 history-intro-1 vc_custom_1678147607314\"><div class=\"container\"><div class=\"vert-align-desktop wpb_column vc_column_container vc_col-sm-6\"><div class=\"vc_column-inner\"><div class=\"wpb_wrapper\">\n\t<div class=\"wpb_text_column wpb_content_element  mb0-desktop\" >\n\t\t<div class=\"wpb_wrapper\">\n\t\t\t<p><img loading=\"lazy\" decoding=\"async\" class=\"aligncenter size-full wp-image-19009\" style=\"border-radius: 5%;\" src=\"https:\/\/azstatefair.com\/wp-content\/uploads\/2025\/09\/People-on-G-Force-3-scaled-e1758841756343.jpg\" alt=\"elvis\" width=\"800\" height=\"520\" \/><\/p>\n\n\t\t<\/div>\n\t<\/div>\n<\/div><\/div><\/div><div class=\"vert-align-desktop wpb_column vc_column_container vc_col-sm-6\"><div class=\"vc_column-inner\"><div class=\"wpb_wrapper\">\n\t<div class=\"wpb_text_column wpb_content_element  mb0\" >\n\t\t<div class=\"wpb_wrapper\">\n\t\t\t<h2 class=\"accent1\">Pack 4 familias: 4 entradas por $40<\/h2>\n<p><strong>Oferta por tiempo limitado. Hazte con la tuya esta semana y ahorra a lo grande en diversi\u00f3n en la Feria.<\/strong><\/p>\n<p>Consiga un gran ahorro con el Pack familiar de cuatro entradas: 4 entradas de admisi\u00f3n general por un precio muy bajo. Compra online ahora y aprovecha esta oferta por tiempo limitado antes de que se agote.<\/p>\n<p><a class=\"btn-bt default\" href=\"https:\/\/www.etix.com\/ticket\/p\/51331702\/2025-arizona-state-fair-general-admission-phoenix-arizona-state-fair\">CONSIGUE EL PACK FAMILIAR DE CUATRO<\/a><\/p>\n\n\t\t<\/div>\n\t<\/div>\n<\/div><\/div><\/div><\/div><\/div><div class=\"vc_row wpb_row accordion faq-row vc_custom_1746636378500\"><div class=\"container\"><div class=\"wpb_column vc_column_container vc_col-sm-12\"><div class=\"vc_column-inner\"><div class=\"wpb_wrapper\"><div class=\"vc_tta-container\" data-vc-action=\"collapse\"><div class=\"vc_general vc_tta vc_tta-accordion vc_tta-color-grey vc_tta-style-classic vc_tta-shape-rounded vc_tta-o-shape-group vc_tta-controls-align-default\"><div class=\"vc_tta-panels-container\"><div class=\"vc_tta-panels\"><div class=\"vc_tta-panel vc_active\" id=\"how-to-applyd598-930f\" data-vc-content=\".vc_tta-panel-body\"><div class=\"vc_tta-panel-heading\"><h4 class=\"vc_tta-panel-title vc_tta-controls-icon-position-left\"><a href=\"#how-to-applyd598-930f\" data-vc-accordion data-vc-container=\".vc_tta-container\"><span class=\"vc_tta-title-text\">\u00bfC\u00f3mo recibo mis entradas?<\/span><i class=\"vc_tta-controls-icon vc_tta-controls-icon-plus\"><\/i><\/a><\/h4><\/div><div class=\"vc_tta-panel-body\">\n\t<div class=\"wpb_text_column wpb_content_element  mb0\" >\n\t\t<div class=\"wpb_wrapper\">\n\t\t\t<p>Billete electr\u00f3nico\/m\u00f3vil entregado por eTix despu\u00e9s de la compra.<\/p>\n<div hidden=\"\">\n<p>Tanto los vendedores comerciales como los concesionarios (vendedores de comida) pasan por un proceso de solicitud para ser considerados para un lugar en la Feria Estatal de Arizona. La siguiente lista describe el proceso de solicitud tanto para vendedores comerciales como para concesionarios.<\/p>\n<ol>\n<li aria-level=\"1\">Pago de\u00a0<a href=\"https:\/\/tinyurl.com\/2024ASFVendorAppFee\" target=\"_blank\" rel=\"nofollow noopener\">tasa de solicitud no reembolsable<\/a>\u00a0(s\u00f3lo para vendedores comerciales).<\/li>\n<li aria-level=\"1\">Presentaci\u00f3n de una solicitud en l\u00ednea debidamente cumplimentada\u00a0<a href=\"https:\/\/app.smartsheet.com\/b\/form\/353f19df3c2642d89b60bd1b260ba232\" target=\"_blank\" rel=\"noopener nofollow\">aqu\u00ed<\/a>\u00a0(para los concesionarios) o\u00a0<a href=\"https:\/\/app.smartsheet.com\/b\/form\/7e5b15f099b74c02ad09fde699183edc\" target=\"_blank\" rel=\"noopener nofollow\">aqu\u00ed<\/a>\u00a0(para vendedores comerciales).<\/li>\n<li aria-level=\"1\">Presentaci\u00f3n de un men\u00fa (para concesionarios), o l\u00ednea completa de productos (para vendedores comerciales).<\/li>\n<li aria-level=\"1\">Env\u00edo de fotos del remolque\/stand, bien en su solicitud o por correo electr\u00f3nico a\u00a0<a href=\"mailto:commercialsales@azstatefair.com\">commercialsales@azstatefair.com<\/a>.<\/li>\n<\/ol>\n<p>&nbsp;<\/p>\n<p>*Los solicitantes ser\u00e1n contactados cuando la solicitud haya sido aprobada o denegada por el Departamento de Ventas Comerciales. Para obtener una respuesta m\u00e1s r\u00e1pida, env\u00ede un correo electr\u00f3nico a\u00a0<a href=\"mailto:commercialsales@azstatefair.com\">commercialsales@azstatefair.com<\/a>.  La solicitud es s\u00f3lo para consideraci\u00f3n de selecci\u00f3n y no constituye un acuerdo contractual entre la Feria Estatal de Arizona y el solicitante. Las solicitudes incompletas no ser\u00e1n procesadas ni consideradas.<\/p>\n<\/div>\n\n\t\t<\/div>\n\t<\/div>\n<\/div><\/div><div class=\"vc_tta-panel\" id=\"what-are-the-fair-datesd598-930f\" data-vc-content=\".vc_tta-panel-body\"><div class=\"vc_tta-panel-heading\"><h4 class=\"vc_tta-panel-title vc_tta-controls-icon-position-left\"><a href=\"#what-are-the-fair-datesd598-930f\" data-vc-accordion data-vc-container=\".vc_tta-container\"><span class=\"vc_tta-title-text\">\u00bfPuedo comprar m\u00e1s de un paquete?<\/span><i class=\"vc_tta-controls-icon vc_tta-controls-icon-plus\"><\/i><\/a><\/h4><\/div><div class=\"vc_tta-panel-body\">\n\t<div class=\"wpb_text_column wpb_content_element  mb0\" >\n\t\t<div class=\"wpb_wrapper\">\n\t\t\t<div id=\"1677618915018-bc739b07-a544\" class=\"vc_tta-panel vc_active\" data-vc-content=\".vc_tta-panel-body\">\n<div class=\"vc_tta-panel-body\">\n<div class=\"wpb_text_column wpb_content_element\">\n<div class=\"wpb_wrapper\">\n<p>S\u00ed, hasta agotar existencias.<\/p>\n<\/div>\n<\/div>\n<\/div>\n<\/div>\n\n\t\t<\/div>\n\t<\/div>\n<\/div><\/div><div class=\"vc_tta-panel\" id=\"how-long-do-I-need-to-have-my-exhibit-opend598-930f\" data-vc-content=\".vc_tta-panel-body\"><div class=\"vc_tta-panel-heading\"><h4 class=\"vc_tta-panel-title vc_tta-controls-icon-position-left\"><a href=\"#how-long-do-I-need-to-have-my-exhibit-opend598-930f\" data-vc-accordion data-vc-container=\".vc_tta-container\"><span class=\"vc_tta-title-text\">\u00bfNecesitan entradas los ni\u00f1os?<\/span><i class=\"vc_tta-controls-icon vc_tta-controls-icon-plus\"><\/i><\/a><\/h4><\/div><div class=\"vc_tta-panel-body\">\n\t<div class=\"wpb_text_column wpb_content_element  mb0\" >\n\t\t<div class=\"wpb_wrapper\">\n\t\t\t<p>Los ni\u00f1os menores de 7 a\u00f1os entran gratis.<\/p>\n\n\t\t<\/div>\n\t<\/div>\n<\/div><\/div><\/div><\/div><\/div><\/div>\n\t<div class=\"wpb_text_column wpb_content_element\" >\n\t\t<div class=\"wpb_wrapper\">\n\t\t\t<p style=\"text-align: center;\"><a class=\"btn-bt default\" href=\"https:\/\/azstatefair.com\/es\/free-fun\/\">VER QU\u00c9 SE PUEDE HACER GRATIS<\/a><\/p>\n\n\t\t<\/div>\n\t<\/div>\n<\/div><\/div><\/div><\/div><\/div><div class=\"vc_row wpb_row need-a-venue-row add-parallax no-overlay-black vc_custom_1676931352307 vc_row-has-fill\"><div class=\"container\"><div class=\"wpb_column vc_column_container vc_col-sm-3\"><div class=\"vc_column-inner\"><div class=\"wpb_wrapper\"><\/div><\/div><\/div><div class=\"wpb_column vc_column_container vc_col-sm-6\"><div class=\"vc_column-inner\"><div class=\"wpb_wrapper\">\n\t<div class=\"wpb_text_column wpb_content_element  mb0\" >\n\t\t<div class=\"wpb_wrapper\">\n\t\t\t<h1 class=\"light1\" style=\"text-align: center;\">Aumentar la felicidad<\/h1>\n<h4 class=\"light1\" style=\"text-align: center;\">Consiga sus entradas para la Feria Estatal de Arizona 2025<\/h4>\n<p style=\"text-align: center;\"><a class=\"btn-bt default\" href=\"https:\/\/www.etix.com\/ticket\/p\/51331702\/2025-arizona-state-fair-general-admission-phoenix-arizona-state-fair-ecommerce\">ENTRADAS A LA VENTA<\/a><\/p>\n\n\t\t<\/div>\n\t<\/div>\n<\/div><\/div><\/div><div class=\"wpb_column vc_column_container vc_col-sm-3\"><div class=\"vc_column-inner\"><div class=\"wpb_wrapper\"><\/div><\/div><\/div><\/div><\/div>\n<\/div>","protected":false},"excerpt":{"rendered":"Paquete familiar de cuatro: 4 entradas por $40 Oferta por tiempo limitado. Hazte con la tuya esta semana y ahorra a lo grande en diversi\u00f3n en la Feria. Consigue un gran ahorro con el Pack familiar de 4... <a class=\"more-link\" href=\"https:\/\/azstatefair.com\/es\/family-four-pack-deal\/\">Seguir leyendo <span class=\"screen-reader-text\">Paquete familiar de cuatro<\/span><\/a>","protected":false},"author":10,"featured_media":27729,"parent":0,"menu_order":0,"comment_status":"closed","ping_status":"closed","template":"","meta":{"_acf_changed":false,"h5ap_radio_sources":[],"footnotes":""},"class_list":["post-27728","page","type-page","status-publish","has-post-thumbnail","entry"],"acf":[],"yoast_head":"<!-- This site is optimized with the Yoast SEO plugin v27.4 - https:\/\/yoast.com\/product\/yoast-seo-wordpress\/ -->\n<title>Family Four Pack | 2025 Arizona State Fair<\/title>\n<meta name=\"description\" content=\"Unlock big savings with the Family Four Pack - 4 general admission tickets for one low price.\" \/>\n<meta name=\"robots\" content=\"index, follow, max-snippet:-1, max-image-preview:large, max-video-preview:-1\" \/>\n<link rel=\"canonical\" href=\"https:\/\/azstatefair.com\/es\/family-four-pack-deal\/\" \/>\n<meta property=\"og:locale\" content=\"es_MX\" \/>\n<meta property=\"og:type\" content=\"article\" \/>\n<meta property=\"og:title\" content=\"Family Four Pack | 2025 Arizona State Fair\" \/>\n<meta property=\"og:description\" content=\"Unlock big savings with the Family Four Pack - 4 general admission tickets for one low price.\" \/>\n<meta property=\"og:url\" content=\"https:\/\/azstatefair.com\/es\/family-four-pack-deal\/\" \/>\n<meta property=\"og:site_name\" content=\"AZ State Fair\" \/>\n<meta property=\"article:publisher\" content=\"https:\/\/www.facebook.com\/azstatefair\" \/>\n<meta property=\"article:modified_time\" content=\"2025-09-29T19:32:20+00:00\" \/>\n<meta property=\"og:image\" content=\"https:\/\/azstatefair.com\/wp-content\/uploads\/2025\/09\/People-on-G-Force-3-scaled-e1758841756343.jpg\" \/>\n\t<meta property=\"og:image:width\" content=\"2048\" \/>\n\t<meta property=\"og:image:height\" content=\"1740\" \/>\n\t<meta property=\"og:image:type\" content=\"image\/jpeg\" \/>\n<meta name=\"twitter:card\" content=\"summary_large_image\" \/>\n<meta name=\"twitter:site\" content=\"@azstatefair\" \/>\n<script type=\"application\/ld+json\" class=\"yoast-schema-graph\">{\"@context\":\"https:\\\/\\\/schema.org\",\"@graph\":[{\"@type\":\"WebPage\",\"@id\":\"https:\\\/\\\/azstatefair.com\\\/family-four-pack-deal\\\/\",\"url\":\"https:\\\/\\\/azstatefair.com\\\/family-four-pack-deal\\\/\",\"name\":\"Family Four Pack | 2025 Arizona State Fair\",\"isPartOf\":{\"@id\":\"https:\\\/\\\/azstatefair.com\\\/#website\"},\"primaryImageOfPage\":{\"@id\":\"https:\\\/\\\/azstatefair.com\\\/family-four-pack-deal\\\/#primaryimage\"},\"image\":{\"@id\":\"https:\\\/\\\/azstatefair.com\\\/family-four-pack-deal\\\/#primaryimage\"},\"thumbnailUrl\":\"https:\\\/\\\/azstatefair.com\\\/wp-content\\\/uploads\\\/2025\\\/09\\\/People-on-G-Force-3-scaled-e1758841756343.jpg\",\"datePublished\":\"2025-09-29T18:15:09+00:00\",\"dateModified\":\"2025-09-29T19:32:20+00:00\",\"description\":\"Unlock big savings with the Family Four Pack - 4 general admission tickets for one low price.\",\"breadcrumb\":{\"@id\":\"https:\\\/\\\/azstatefair.com\\\/family-four-pack-deal\\\/#breadcrumb\"},\"inLanguage\":\"es\",\"potentialAction\":[{\"@type\":\"ReadAction\",\"target\":[\"https:\\\/\\\/azstatefair.com\\\/family-four-pack-deal\\\/\"]}]},{\"@type\":\"ImageObject\",\"inLanguage\":\"es\",\"@id\":\"https:\\\/\\\/azstatefair.com\\\/family-four-pack-deal\\\/#primaryimage\",\"url\":\"https:\\\/\\\/azstatefair.com\\\/wp-content\\\/uploads\\\/2025\\\/09\\\/People-on-G-Force-3-scaled-e1758841756343.jpg\",\"contentUrl\":\"https:\\\/\\\/azstatefair.com\\\/wp-content\\\/uploads\\\/2025\\\/09\\\/People-on-G-Force-3-scaled-e1758841756343.jpg\",\"width\":2048,\"height\":1740,\"caption\":\"People on G Force 3\"},{\"@type\":\"BreadcrumbList\",\"@id\":\"https:\\\/\\\/azstatefair.com\\\/family-four-pack-deal\\\/#breadcrumb\",\"itemListElement\":[{\"@type\":\"ListItem\",\"position\":1,\"name\":\"Home\",\"item\":\"https:\\\/\\\/azstatefair.com\\\/\"},{\"@type\":\"ListItem\",\"position\":2,\"name\":\"Family Four Pack Deal\"}]},{\"@type\":\"WebSite\",\"@id\":\"https:\\\/\\\/azstatefair.com\\\/#website\",\"url\":\"https:\\\/\\\/azstatefair.com\\\/\",\"name\":\"AZ State Fair\",\"description\":\"Arizona State Fair &amp; Exposition\",\"publisher\":{\"@id\":\"https:\\\/\\\/azstatefair.com\\\/#organization\"},\"alternateName\":\"AZ State Fair & Exposition\",\"potentialAction\":[{\"@type\":\"SearchAction\",\"target\":{\"@type\":\"EntryPoint\",\"urlTemplate\":\"https:\\\/\\\/azstatefair.com\\\/?s={search_term_string}\"},\"query-input\":{\"@type\":\"PropertyValueSpecification\",\"valueRequired\":true,\"valueName\":\"search_term_string\"}}],\"inLanguage\":\"es\"},{\"@type\":\"Organization\",\"@id\":\"https:\\\/\\\/azstatefair.com\\\/#organization\",\"name\":\"Arizona State Fair\",\"alternateName\":\"AZ State Fair\",\"url\":\"https:\\\/\\\/azstatefair.com\\\/\",\"logo\":{\"@type\":\"ImageObject\",\"inLanguage\":\"es\",\"@id\":\"https:\\\/\\\/azstatefair.com\\\/#\\\/schema\\\/logo\\\/image\\\/\",\"url\":\"https:\\\/\\\/azstatefair.com\\\/wp-content\\\/uploads\\\/2024\\\/09\\\/AZ-State-Fair-featured-image.png\",\"contentUrl\":\"https:\\\/\\\/azstatefair.com\\\/wp-content\\\/uploads\\\/2024\\\/09\\\/AZ-State-Fair-featured-image.png\",\"width\":1200,\"height\":630,\"caption\":\"Arizona State Fair\"},\"image\":{\"@id\":\"https:\\\/\\\/azstatefair.com\\\/#\\\/schema\\\/logo\\\/image\\\/\"},\"sameAs\":[\"https:\\\/\\\/www.facebook.com\\\/azstatefair\",\"https:\\\/\\\/x.com\\\/azstatefair\",\"https:\\\/\\\/www.instagram.com\\\/arizonastatefair\",\"https:\\\/\\\/www.pinterest.com\\\/azstatefair\",\"https:\\\/\\\/www.youtube.com\\\/arizonastatefair\",\"https:\\\/\\\/www.snapchat.com\\\/add\\\/azstatefair\"]}]}<\/script>\n<!-- \/ Yoast SEO plugin. -->","yoast_head_json":{"title":"Paquete familiar de cuatro | 2025 Arizona State Fair","description":"Consiga un gran ahorro con el paquete familiar de cuatro entradas: cuatro entradas de acceso general por un precio muy reducido.","robots":{"index":"index","follow":"follow","max-snippet":"max-snippet:-1","max-image-preview":"max-image-preview:large","max-video-preview":"max-video-preview:-1"},"canonical":"https:\/\/azstatefair.com\/es\/family-four-pack-deal\/","og_locale":"es_MX","og_type":"article","og_title":"Family Four Pack | 2025 Arizona State Fair","og_description":"Unlock big savings with the Family Four Pack - 4 general admission tickets for one low price.","og_url":"https:\/\/azstatefair.com\/es\/family-four-pack-deal\/","og_site_name":"AZ State Fair","article_publisher":"https:\/\/www.facebook.com\/azstatefair","article_modified_time":"2025-09-29T19:32:20+00:00","og_image":[{"width":2048,"height":1740,"url":"https:\/\/azstatefair.com\/wp-content\/uploads\/2025\/09\/People-on-G-Force-3-scaled-e1758841756343.jpg","type":"image\/jpeg"}],"twitter_card":"summary_large_image","twitter_site":"@azstatefair","schema":{"@context":"https:\/\/schema.org","@graph":[{"@type":"WebPage","@id":"https:\/\/azstatefair.com\/family-four-pack-deal\/","url":"https:\/\/azstatefair.com\/family-four-pack-deal\/","name":"Paquete familiar de cuatro | 2025 Arizona State Fair","isPartOf":{"@id":"https:\/\/azstatefair.com\/#website"},"primaryImageOfPage":{"@id":"https:\/\/azstatefair.com\/family-four-pack-deal\/#primaryimage"},"image":{"@id":"https:\/\/azstatefair.com\/family-four-pack-deal\/#primaryimage"},"thumbnailUrl":"https:\/\/azstatefair.com\/wp-content\/uploads\/2025\/09\/People-on-G-Force-3-scaled-e1758841756343.jpg","datePublished":"2025-09-29T18:15:09+00:00","dateModified":"2025-09-29T19:32:20+00:00","description":"Consiga un gran ahorro con el paquete familiar de cuatro entradas: cuatro entradas de acceso general por un precio muy reducido.","breadcrumb":{"@id":"https:\/\/azstatefair.com\/family-four-pack-deal\/#breadcrumb"},"inLanguage":"es","potentialAction":[{"@type":"ReadAction","target":["https:\/\/azstatefair.com\/family-four-pack-deal\/"]}]},{"@type":"ImageObject","inLanguage":"es","@id":"https:\/\/azstatefair.com\/family-four-pack-deal\/#primaryimage","url":"https:\/\/azstatefair.com\/wp-content\/uploads\/2025\/09\/People-on-G-Force-3-scaled-e1758841756343.jpg","contentUrl":"https:\/\/azstatefair.com\/wp-content\/uploads\/2025\/09\/People-on-G-Force-3-scaled-e1758841756343.jpg","width":2048,"height":1740,"caption":"People on G Force 3"},{"@type":"BreadcrumbList","@id":"https:\/\/azstatefair.com\/family-four-pack-deal\/#breadcrumb","itemListElement":[{"@type":"ListItem","position":1,"name":"Home","item":"https:\/\/azstatefair.com\/"},{"@type":"ListItem","position":2,"name":"Family Four Pack Deal"}]},{"@type":"WebSite","@id":"https:\/\/azstatefair.com\/#website","url":"https:\/\/azstatefair.com\/","name":"Feria estatal de AZ","description":"Feria y Exposici\u00f3n del Estado de Arizona","publisher":{"@id":"https:\/\/azstatefair.com\/#organization"},"alternateName":"AZ State Fair & Exposition","potentialAction":[{"@type":"SearchAction","target":{"@type":"EntryPoint","urlTemplate":"https:\/\/azstatefair.com\/?s={search_term_string}"},"query-input":{"@type":"PropertyValueSpecification","valueRequired":true,"valueName":"search_term_string"}}],"inLanguage":"es"},{"@type":"Organization","@id":"https:\/\/azstatefair.com\/#organization","name":"Feria estatal de Arizona","alternateName":"AZ State Fair","url":"https:\/\/azstatefair.com\/","logo":{"@type":"ImageObject","inLanguage":"es","@id":"https:\/\/azstatefair.com\/#\/schema\/logo\/image\/","url":"https:\/\/azstatefair.com\/wp-content\/uploads\/2024\/09\/AZ-State-Fair-featured-image.png","contentUrl":"https:\/\/azstatefair.com\/wp-content\/uploads\/2024\/09\/AZ-State-Fair-featured-image.png","width":1200,"height":630,"caption":"Arizona State Fair"},"image":{"@id":"https:\/\/azstatefair.com\/#\/schema\/logo\/image\/"},"sameAs":["https:\/\/www.facebook.com\/azstatefair","https:\/\/x.com\/azstatefair","https:\/\/www.instagram.com\/arizonastatefair","https:\/\/www.pinterest.com\/azstatefair","https:\/\/www.youtube.com\/arizonastatefair","https:\/\/www.snapchat.com\/add\/azstatefair"]}]}},"publishpress_future_action":{"enabled":false,"date":"2026-04-30 10:15:08","action":"change-status","newStatus":"draft","terms":[],"taxonomy":"page-category","extraData":[]},"publishpress_future_workflow_manual_trigger":{"enabledWorkflows":[]},"_links":{"self":[{"href":"https:\/\/azstatefair.com\/es\/wp-json\/wp\/v2\/pages\/27728","targetHints":{"allow":["GET"]}}],"collection":[{"href":"https:\/\/azstatefair.com\/es\/wp-json\/wp\/v2\/pages"}],"about":[{"href":"https:\/\/azstatefair.com\/es\/wp-json\/wp\/v2\/types\/page"}],"author":[{"embeddable":true,"href":"https:\/\/azstatefair.com\/es\/wp-json\/wp\/v2\/users\/10"}],"replies":[{"embeddable":true,"href":"https:\/\/azstatefair.com\/es\/wp-json\/wp\/v2\/comments?post=27728"}],"version-history":[{"count":0,"href":"https:\/\/azstatefair.com\/es\/wp-json\/wp\/v2\/pages\/27728\/revisions"}],"wp:featuredmedia":[{"embeddable":true,"href":"https:\/\/azstatefair.com\/es\/wp-json\/wp\/v2\/media\/27729"}],"wp:attachment":[{"href":"https:\/\/azstatefair.com\/es\/wp-json\/wp\/v2\/media?parent=27728"}],"curies":[{"name":"wp","href":"https:\/\/api.w.org\/{rel}","templated":true}]}}