{"id":2687,"date":"2022-07-18T12:00:27","date_gmt":"2022-07-18T19:00:27","guid":{"rendered":"https:\/\/azstatefair.vmgagencysites.com\/?page_id=2687"},"modified":"2026-03-05T10:20:48","modified_gmt":"2026-03-05T17:20:48","slug":"venue-rental","status":"publish","type":"page","link":"https:\/\/azstatefair.com\/es\/venue-rental\/","title":{"rendered":"Alquiler de espacios"},"content":{"rendered":"<div class=\"wpb-content-wrapper\"><div class=\"vc_row wpb_row blurb-row vc_custom_1772731228417 vc_row-has-fill\"><div class=\"container\"><div class=\"wpb_column vc_column_container vc_col-sm-1\"><div class=\"vc_column-inner\"><div class=\"wpb_wrapper\"><\/div><\/div><\/div><div class=\"wpb_column vc_column_container vc_col-sm-10\"><div class=\"vc_column-inner\"><div class=\"wpb_wrapper\">\n\t<div class=\"wpb_text_column wpb_content_element  mb0\" >\n\t\t<div class=\"wpb_wrapper\">\n\t\t\t<h2 style=\"text-align: center;\">Reserve su evento<\/h2>\n<p style=\"text-align: center;\">En la Arizona Exposition &amp; State Fair, sabemos que cada evento es \u00fanico. Nuestros especialistas en eventos est\u00e1n deseosos de conocerle y saber cu\u00e1l es su visi\u00f3n. Los presupuestos asequibles se adaptan a sus necesidades espec\u00edficas para que cada evento sea un \u00e9xito. Pregunte hoy mismo por nuestra disponibilidad. Tenga en cuenta que cada a\u00f1o organizamos el mayor evento de Arizona. El alquiler de espacios no est\u00e1 disponible desde septiembre hasta principios de noviembre.<\/p>\n\n\t\t<\/div>\n\t<\/div>\n\n\t<div class=\"wpb_text_column wpb_content_element  mb0\" >\n\t\t<div class=\"wpb_wrapper\">\n\t\t\t<p style=\"text-align: center;\"><a class=\"btn-bt default gradient-btn\" title=\"Solicitud de alquiler del Veterans&#039; Memorial Coliseum\" href=\"https:\/\/app.smartsheet.com\/b\/form\/6cf6790c7e084622adbf63a009542a3a\" target=\"_blank\" rel=\"noopener\">ALQUILER DE LOCALES <br class=\"display-mobile\" \/>SOLICITUD<\/a><\/p>\n<p style=\"text-align: center;\">Un especialista en eventos se pondr\u00e1 en contacto con usted una vez recibida la solicitud.<\/p>\n\n\t\t<\/div>\n\t<\/div>\n<\/div><\/div><\/div><div class=\"wpb_column vc_column_container vc_col-sm-1\"><div class=\"vc_column-inner\"><div class=\"wpb_wrapper\"><\/div><\/div><\/div><\/div><\/div><div class=\"vc_row wpb_row venue-loop-row accent1 vc_custom_1772731236364 vc_row-has-fill\"><div class=\"container\"><div class=\"wpb_column vc_column_container vc_col-sm-12\"><div class=\"vc_column-inner\"><div class=\"wpb_wrapper\">\n\t<div class=\"wpb_text_column wpb_content_element  mb0\" >\n\t\t<div class=\"wpb_wrapper\">\n\t\t\t<h2 style=\"text-align: center;\">Informaci\u00f3n sobre las instalaciones<\/h2>\n<div class=\"the-venues\">\n\n\t\n\t\t<div class=\"extra-venue\" style=\"background-image: url('https:\/\/azstatefair.com\/wp-content\/uploads\/2022\/07\/grid-ag-center.jpg');\">\n\t\t\t<a class=\"extra-venue-image-link\" href=\"https:\/\/azstatefair.com\/es\/venue-rental\/agriculture-center\/\"><\/a>\n\t\t\t<h3 class=\"extra-venue-title\">Centro de Agricultura<\/h3>\n\t\t\t<div class=\"stat-box\">\n\t\t\t\t<p class=\"dimensions\"><strong>Dimensiones:<\/strong><br>61.000 pies cuadrados (Completo)<br>32.000 pies cuadrados (Este)<br>29.000 pies cuadrados (Oeste)<\/p>\t\t\t\t<a class=\"btn-bt border-btn\" href=\"https:\/\/azstatefair.com\/es\/venue-rental\/agriculture-center\/\">SABER M\u00c1S<\/a>\n\t\t\t<\/div>\n\t\t<\/div>\n\n\t\n\t\t<div class=\"extra-venue\" style=\"background-image: url('https:\/\/azstatefair.com\/wp-content\/uploads\/2022\/07\/grid-az-plaza.jpg');\">\n\t\t\t<a class=\"extra-venue-image-link\" href=\"https:\/\/azstatefair.com\/es\/venue-rental\/arizona-plaza\/\"><\/a>\n\t\t\t<h3 class=\"extra-venue-title\">Arizona Plaza<\/h3>\n\t\t\t<div class=\"stat-box\">\n\t\t\t\t<p class=\"dimensions\"><strong>Dimensiones:<\/strong><br>56,6'x240'x12' - 10.716 pies cuadrados (Completo)<\/p>\t\t\t\t<a class=\"btn-bt border-btn\" href=\"https:\/\/azstatefair.com\/es\/venue-rental\/arizona-plaza\/\">SABER M\u00c1S<\/a>\n\t\t\t<\/div>\n\t\t<\/div>\n\n\t\n\t\t<div class=\"extra-venue\" style=\"background-image: url('https:\/\/azstatefair.com\/wp-content\/uploads\/2022\/07\/grid-exhibit-building.jpg');\">\n\t\t\t<a class=\"extra-venue-image-link\" href=\"https:\/\/azstatefair.com\/es\/venue-rental\/exhibit-building\/\"><\/a>\n\t\t\t<h3 class=\"extra-venue-title\">Edificio de exposiciones<\/h3>\n\t\t\t<div class=\"stat-box\">\n\t\t\t\t<p class=\"dimensions\"><strong>Dimensiones:<\/strong><br>100'x500'x14' - 50.000 pies cuadrados (Completo)<\/p>\t\t\t\t<a class=\"btn-bt border-btn\" href=\"https:\/\/azstatefair.com\/es\/venue-rental\/exhibit-building\/\">SABER M\u00c1S<\/a>\n\t\t\t<\/div>\n\t\t<\/div>\n\n\t\n\t\t<div class=\"extra-venue\" style=\"background-image: url('https:\/\/azstatefair.com\/wp-content\/uploads\/2022\/07\/grid-grand-stand.jpg');\">\n\t\t\t<a class=\"extra-venue-image-link\" href=\"https:\/\/azstatefair.com\/es\/venue-rental\/grandstand-arena\/\"><\/a>\n\t\t\t<h3 class=\"extra-venue-title\">Tribuna Arena<\/h3>\n\t\t\t<div class=\"stat-box\">\n\t\t\t\t<p class=\"capacity\"><strong>Capacidad:<\/strong><br>no m\u00e1s de 4.000<\/p><p class=\"dimensions\"><strong>Dimensiones:<\/strong><br>500' x 210' - 85.000 pies cuadrados (Completo)<\/p>\t\t\t\t<a class=\"btn-bt border-btn\" href=\"https:\/\/azstatefair.com\/es\/venue-rental\/grandstand-arena\/\">SABER M\u00c1S<\/a>\n\t\t\t<\/div>\n\t\t<\/div>\n\n\t\n\t\t<div class=\"extra-venue\" style=\"background-image: url('https:\/\/azstatefair.com\/wp-content\/uploads\/2022\/07\/grid-hacienda.jpg');\">\n\t\t\t<a class=\"extra-venue-image-link\" href=\"https:\/\/azstatefair.com\/es\/venue-rental\/hacienda-de-mexico\/\"><\/a>\n\t\t\t<h3 class=\"extra-venue-title\">Hacienda de M\u00e9xico<\/h3>\n\t\t\t<div class=\"stat-box\">\n\t\t\t\t<p class=\"dimensions\"><strong>Dimensiones:<\/strong><br>51'x246' - 12.546 pies cuadrados (Completo)<\/p>\t\t\t\t<a class=\"btn-bt border-btn\" href=\"https:\/\/azstatefair.com\/es\/venue-rental\/hacienda-de-mexico\/\">SABER M\u00c1S<\/a>\n\t\t\t<\/div>\n\t\t<\/div>\n\n\t\n\t\t<div class=\"extra-venue\" style=\"background-image: url('https:\/\/azstatefair.com\/wp-content\/uploads\/2022\/07\/grid-home-arts.jpg');\">\n\t\t\t<a class=\"extra-venue-image-link\" href=\"https:\/\/azstatefair.com\/es\/venue-rental\/home-arts-center\/\"><\/a>\n\t\t\t<h3 class=\"extra-venue-title\">Centro de Arte Dom\u00e9stico<\/h3>\n\t\t\t<div class=\"stat-box\">\n\t\t\t\t<p class=\"dimensions\"><strong>Dimensiones:<\/strong><br>56,6'x240'x12' - 13.584 pies cuadrados (Completo)<\/p>\t\t\t\t<a class=\"btn-bt border-btn\" href=\"https:\/\/azstatefair.com\/es\/venue-rental\/home-arts-center\/\">SABER M\u00c1S<\/a>\n\t\t\t<\/div>\n\t\t<\/div>\n\n\t\n\t\t<div class=\"extra-venue\" style=\"background-image: url('https:\/\/azstatefair.com\/wp-content\/uploads\/2022\/07\/grid-parking-lots.jpg');\">\n\t\t\t<a class=\"extra-venue-image-link\" href=\"https:\/\/azstatefair.com\/es\/venue-rental\/parking-lots\/\"><\/a>\n\t\t\t<h3 class=\"extra-venue-title\">Aparcamientos<\/h3>\n\t\t\t<div class=\"stat-box\">\n\t\t\t\t<p class=\"dimensions\"><strong>Dimensiones:<\/strong><br>Lote Oeste - 600' x ' pies cuadrados \/ Lote Norte - 800' x 1K'; 722K pies cuadrados \/ Lote Sur - 800' x 1K'; 722K pies cuadrados (Completo)<\/p>\t\t\t\t<a class=\"btn-bt border-btn\" href=\"https:\/\/azstatefair.com\/es\/venue-rental\/parking-lots\/\">SABER M\u00c1S<\/a>\n\t\t\t<\/div>\n\t\t<\/div>\n\n\t\n\t\t<div class=\"extra-venue\" style=\"background-image: url('https:\/\/azstatefair.com\/wp-content\/uploads\/2022\/07\/grid-party-gras.jpg');\">\n\t\t\t<a class=\"extra-venue-image-link\" href=\"https:\/\/azstatefair.com\/es\/venue-rental\/party-gras\/\"><\/a>\n\t\t\t<h3 class=\"extra-venue-title\">Fiesta Gras<\/h3>\n\t\t\t<div class=\"stat-box\">\n\t\t\t\t<p class=\"capacity\"><strong>Capacidad:<\/strong><br>no m\u00e1s de 150<\/p><p class=\"dimensions\"><strong>Dimensiones:<\/strong><br>4.176 pies cuadrados (Completo)<\/p>\t\t\t\t<a class=\"btn-bt border-btn\" href=\"https:\/\/azstatefair.com\/es\/venue-rental\/party-gras\/\">SABER M\u00c1S<\/a>\n\t\t\t<\/div>\n\t\t<\/div>\n\n\t\n\t\t<div class=\"extra-venue\" style=\"background-image: url('https:\/\/azstatefair.com\/wp-content\/uploads\/2022\/07\/grid-back-yard-stage.jpg');\">\n\t\t\t<a class=\"extra-venue-image-link\" href=\"https:\/\/azstatefair.com\/es\/venue-rental\/the-backyard\/\"><\/a>\n\t\t\t<h3 class=\"extra-venue-title\">El patio trasero<\/h3>\n\t\t\t<div class=\"stat-box\">\n\t\t\t\t\t\t\t\t<a class=\"btn-bt border-btn\" href=\"https:\/\/azstatefair.com\/es\/venue-rental\/the-backyard\/\">SABER M\u00c1S<\/a>\n\t\t\t<\/div>\n\t\t<\/div>\n\n\t\n\t\t<div class=\"extra-venue\" style=\"background-image: url('https:\/\/azstatefair.com\/wp-content\/uploads\/2022\/07\/Arizona-Veterans_-Memorial-Coliseum-feat-image.jpg');\">\n\t\t\t<a class=\"extra-venue-image-link\" href=\"https:\/\/azstatefair.com\/es\/venue-rental\/veterans-memorial-coliseum\/\"><\/a>\n\t\t\t<h3 class=\"extra-venue-title\">Coliseo Veterans Memorial<\/h3>\n\t\t\t<div class=\"stat-box\">\n\t\t\t\t<p class=\"dimensions\"><strong>Dimensiones:<\/strong><br>Planta Arena 220'x106' - 23,320 pies cuadrados \/ Hall Norte 288'x90' - 25,920 pies cuadrados \/ Hall Sur 306'x90' - 27,540 pies cuadrados (Completo)<\/p>\t\t\t\t<a class=\"btn-bt border-btn\" href=\"https:\/\/azstatefair.com\/es\/venue-rental\/veterans-memorial-coliseum\/\">SABER M\u00c1S<\/a>\n\t\t\t<\/div>\n\t\t<\/div>\n\n\t\n\t\t<div class=\"extra-venue\" style=\"background-image: url('https:\/\/azstatefair.com\/wp-content\/uploads\/2022\/07\/grid-wesley-bolin.jpg');\">\n\t\t\t<a class=\"extra-venue-image-link\" href=\"https:\/\/azstatefair.com\/es\/venue-rental\/wesley-bolin-building\/\"><\/a>\n\t\t\t<h3 class=\"extra-venue-title\">Edificio Wesley Bolin<\/h3>\n\t\t\t<div class=\"stat-box\">\n\t\t\t\t<p class=\"dimensions\"><strong>Dimensiones:<\/strong><br>78' x 248' x 14' - 19.344 pies cuadrados (Completo)<\/p>\t\t\t\t<a class=\"btn-bt border-btn\" href=\"https:\/\/azstatefair.com\/es\/venue-rental\/wesley-bolin-building\/\">SABER M\u00c1S<\/a>\n\t\t\t<\/div>\n\t\t<\/div>\n\n\t\n<\/div>\n\n\t\t<\/div>\n\t<\/div>\n<\/div><\/div><\/div><\/div><\/div><div class=\"vc_row wpb_row blurb-row vc_custom_1772731243047 vc_row-has-fill\"><div class=\"container\"><div class=\"wpb_column vc_column_container vc_col-sm-1\"><div class=\"vc_column-inner\"><div class=\"wpb_wrapper\"><\/div><\/div><\/div><div class=\"wpb_column vc_column_container vc_col-sm-10\"><div class=\"vc_column-inner\"><div class=\"wpb_wrapper\">\n\t<div class=\"wpb_text_column wpb_content_element  mb0\" >\n\t\t<div class=\"wpb_wrapper\">\n\t\t\t<h2 style=\"text-align: center;\">Historia de la Feria<\/h2>\n<p style=\"text-align: center;\">La Feria Estatal de Arizona ha sido una tradici\u00f3n anual desde 1884, mostrando lo mejor de Arizona y ofreciendo el entretenimiento m\u00e1s din\u00e1mico que existe. Millones de arizonenses han visitado la Exposici\u00f3n y Feria del Estado de Arizona en los \u00faltimos 133 a\u00f1os.<\/p>\n<p style=\"text-align: center;\"><a class=\"btn-bt default gradient-btn\" href=\"\/es\/history\/\">EXPLORAR LA HISTORIA<\/a><\/p>\n\n\t\t<\/div>\n\t<\/div>\n<\/div><\/div><\/div><div class=\"wpb_column vc_column_container vc_col-sm-1\"><div class=\"vc_column-inner\"><div class=\"wpb_wrapper\"><\/div><\/div><\/div><\/div><\/div>\n<\/div>","protected":false},"excerpt":{"rendered":"","protected":false},"author":1,"featured_media":18798,"parent":0,"menu_order":0,"comment_status":"closed","ping_status":"closed","template":"","meta":{"_acf_changed":false,"h5ap_radio_sources":[],"footnotes":""},"class_list":["post-2687","page","type-page","status-publish","has-post-thumbnail","entry"],"acf":[],"yoast_head":"<!-- This site is optimized with the Yoast SEO plugin v27.4 - https:\/\/yoast.com\/product\/yoast-seo-wordpress\/ -->\n<title>Arizona State Fair Venue Rental | Arizona State Fair<\/title>\n<meta name=\"description\" content=\"At the Arizona Exposition, we understand that each event is unique, and strive to meet all of our client\u2019s needs. Inquire today.\" \/>\n<meta name=\"robots\" content=\"index, follow, max-snippet:-1, max-image-preview:large, max-video-preview:-1\" \/>\n<link rel=\"canonical\" href=\"https:\/\/azstatefair.com\/es\/venue-rental\/\" \/>\n<meta property=\"og:locale\" content=\"es_MX\" \/>\n<meta property=\"og:type\" content=\"article\" \/>\n<meta property=\"og:title\" content=\"Arizona State Fair Venue Rental | Arizona State Fair\" \/>\n<meta property=\"og:description\" content=\"At the Arizona Exposition, we understand that each event is unique, and strive to meet all of our client\u2019s needs. Inquire today.\" \/>\n<meta property=\"og:url\" content=\"https:\/\/azstatefair.com\/es\/venue-rental\/\" \/>\n<meta property=\"og:site_name\" content=\"AZ State Fair\" \/>\n<meta property=\"article:publisher\" content=\"https:\/\/www.facebook.com\/azstatefair\" \/>\n<meta property=\"article:modified_time\" content=\"2026-03-05T17:20:48+00:00\" \/>\n<meta property=\"og:image\" content=\"https:\/\/azstatefair.com\/wp-content\/uploads\/2022\/07\/grid-party-gras.jpg\" \/>\n\t<meta property=\"og:image:width\" content=\"540\" \/>\n\t<meta property=\"og:image:height\" content=\"371\" \/>\n\t<meta property=\"og:image:type\" content=\"image\/jpeg\" \/>\n<meta name=\"twitter:card\" content=\"summary_large_image\" \/>\n<meta name=\"twitter:site\" content=\"@azstatefair\" \/>\n<script type=\"application\/ld+json\" class=\"yoast-schema-graph\">{\"@context\":\"https:\\\/\\\/schema.org\",\"@graph\":[{\"@type\":\"WebPage\",\"@id\":\"https:\\\/\\\/azstatefair.com\\\/venue-rental\\\/\",\"url\":\"https:\\\/\\\/azstatefair.com\\\/venue-rental\\\/\",\"name\":\"Arizona State Fair Venue Rental | Arizona State Fair\",\"isPartOf\":{\"@id\":\"https:\\\/\\\/azstatefair.com\\\/#website\"},\"primaryImageOfPage\":{\"@id\":\"https:\\\/\\\/azstatefair.com\\\/venue-rental\\\/#primaryimage\"},\"image\":{\"@id\":\"https:\\\/\\\/azstatefair.com\\\/venue-rental\\\/#primaryimage\"},\"thumbnailUrl\":\"https:\\\/\\\/azstatefair.com\\\/wp-content\\\/uploads\\\/2022\\\/07\\\/grid-party-gras.jpg\",\"datePublished\":\"2022-07-18T19:00:27+00:00\",\"dateModified\":\"2026-03-05T17:20:48+00:00\",\"description\":\"At the Arizona Exposition, we understand that each event is unique, and strive to meet all of our client\u2019s needs. Inquire today.\",\"breadcrumb\":{\"@id\":\"https:\\\/\\\/azstatefair.com\\\/venue-rental\\\/#breadcrumb\"},\"inLanguage\":\"es\",\"potentialAction\":[{\"@type\":\"ReadAction\",\"target\":[\"https:\\\/\\\/azstatefair.com\\\/venue-rental\\\/\"]}]},{\"@type\":\"ImageObject\",\"inLanguage\":\"es\",\"@id\":\"https:\\\/\\\/azstatefair.com\\\/venue-rental\\\/#primaryimage\",\"url\":\"https:\\\/\\\/azstatefair.com\\\/wp-content\\\/uploads\\\/2022\\\/07\\\/grid-party-gras.jpg\",\"contentUrl\":\"https:\\\/\\\/azstatefair.com\\\/wp-content\\\/uploads\\\/2022\\\/07\\\/grid-party-gras.jpg\",\"width\":540,\"height\":371,\"caption\":\"grid party gras\"},{\"@type\":\"BreadcrumbList\",\"@id\":\"https:\\\/\\\/azstatefair.com\\\/venue-rental\\\/#breadcrumb\",\"itemListElement\":[{\"@type\":\"ListItem\",\"position\":1,\"name\":\"Home\",\"item\":\"https:\\\/\\\/azstatefair.com\\\/\"},{\"@type\":\"ListItem\",\"position\":2,\"name\":\"Venue Rental\"}]},{\"@type\":\"WebSite\",\"@id\":\"https:\\\/\\\/azstatefair.com\\\/#website\",\"url\":\"https:\\\/\\\/azstatefair.com\\\/\",\"name\":\"AZ State Fair\",\"description\":\"Arizona State Fair &amp; Exposition\",\"publisher\":{\"@id\":\"https:\\\/\\\/azstatefair.com\\\/#organization\"},\"alternateName\":\"AZ State Fair & Exposition\",\"potentialAction\":[{\"@type\":\"SearchAction\",\"target\":{\"@type\":\"EntryPoint\",\"urlTemplate\":\"https:\\\/\\\/azstatefair.com\\\/?s={search_term_string}\"},\"query-input\":{\"@type\":\"PropertyValueSpecification\",\"valueRequired\":true,\"valueName\":\"search_term_string\"}}],\"inLanguage\":\"es\"},{\"@type\":\"Organization\",\"@id\":\"https:\\\/\\\/azstatefair.com\\\/#organization\",\"name\":\"Arizona State Fair\",\"alternateName\":\"AZ State Fair\",\"url\":\"https:\\\/\\\/azstatefair.com\\\/\",\"logo\":{\"@type\":\"ImageObject\",\"inLanguage\":\"es\",\"@id\":\"https:\\\/\\\/azstatefair.com\\\/#\\\/schema\\\/logo\\\/image\\\/\",\"url\":\"https:\\\/\\\/azstatefair.com\\\/wp-content\\\/uploads\\\/2024\\\/09\\\/AZ-State-Fair-featured-image.png\",\"contentUrl\":\"https:\\\/\\\/azstatefair.com\\\/wp-content\\\/uploads\\\/2024\\\/09\\\/AZ-State-Fair-featured-image.png\",\"width\":1200,\"height\":630,\"caption\":\"Arizona State Fair\"},\"image\":{\"@id\":\"https:\\\/\\\/azstatefair.com\\\/#\\\/schema\\\/logo\\\/image\\\/\"},\"sameAs\":[\"https:\\\/\\\/www.facebook.com\\\/azstatefair\",\"https:\\\/\\\/x.com\\\/azstatefair\",\"https:\\\/\\\/www.instagram.com\\\/arizonastatefair\",\"https:\\\/\\\/www.pinterest.com\\\/azstatefair\",\"https:\\\/\\\/www.youtube.com\\\/arizonastatefair\",\"https:\\\/\\\/www.snapchat.com\\\/add\\\/azstatefair\"]}]}<\/script>\n<!-- \/ Yoast SEO plugin. -->","yoast_head_json":{"title":"Alquiler del recinto ferial del estado de Arizona | Feria Estatal de Arizona","description":"En la Exposici\u00f3n de Arizona, entendemos que cada evento es \u00fanico, y nos esforzamos por satisfacer todas las necesidades de nuestros clientes. Cons\u00faltenos hoy mismo.","robots":{"index":"index","follow":"follow","max-snippet":"max-snippet:-1","max-image-preview":"max-image-preview:large","max-video-preview":"max-video-preview:-1"},"canonical":"https:\/\/azstatefair.com\/es\/venue-rental\/","og_locale":"es_MX","og_type":"article","og_title":"Arizona State Fair Venue Rental | Arizona State Fair","og_description":"At the Arizona Exposition, we understand that each event is unique, and strive to meet all of our client\u2019s needs. Inquire today.","og_url":"https:\/\/azstatefair.com\/es\/venue-rental\/","og_site_name":"AZ State Fair","article_publisher":"https:\/\/www.facebook.com\/azstatefair","article_modified_time":"2026-03-05T17:20:48+00:00","og_image":[{"width":540,"height":371,"url":"https:\/\/azstatefair.com\/wp-content\/uploads\/2022\/07\/grid-party-gras.jpg","type":"image\/jpeg"}],"twitter_card":"summary_large_image","twitter_site":"@azstatefair","schema":{"@context":"https:\/\/schema.org","@graph":[{"@type":"WebPage","@id":"https:\/\/azstatefair.com\/venue-rental\/","url":"https:\/\/azstatefair.com\/venue-rental\/","name":"Alquiler del recinto ferial del estado de Arizona | Feria Estatal de Arizona","isPartOf":{"@id":"https:\/\/azstatefair.com\/#website"},"primaryImageOfPage":{"@id":"https:\/\/azstatefair.com\/venue-rental\/#primaryimage"},"image":{"@id":"https:\/\/azstatefair.com\/venue-rental\/#primaryimage"},"thumbnailUrl":"https:\/\/azstatefair.com\/wp-content\/uploads\/2022\/07\/grid-party-gras.jpg","datePublished":"2022-07-18T19:00:27+00:00","dateModified":"2026-03-05T17:20:48+00:00","description":"En la Exposici\u00f3n de Arizona, entendemos que cada evento es \u00fanico, y nos esforzamos por satisfacer todas las necesidades de nuestros clientes. Cons\u00faltenos hoy mismo.","breadcrumb":{"@id":"https:\/\/azstatefair.com\/venue-rental\/#breadcrumb"},"inLanguage":"es","potentialAction":[{"@type":"ReadAction","target":["https:\/\/azstatefair.com\/venue-rental\/"]}]},{"@type":"ImageObject","inLanguage":"es","@id":"https:\/\/azstatefair.com\/venue-rental\/#primaryimage","url":"https:\/\/azstatefair.com\/wp-content\/uploads\/2022\/07\/grid-party-gras.jpg","contentUrl":"https:\/\/azstatefair.com\/wp-content\/uploads\/2022\/07\/grid-party-gras.jpg","width":540,"height":371,"caption":"grid party gras"},{"@type":"BreadcrumbList","@id":"https:\/\/azstatefair.com\/venue-rental\/#breadcrumb","itemListElement":[{"@type":"ListItem","position":1,"name":"Home","item":"https:\/\/azstatefair.com\/"},{"@type":"ListItem","position":2,"name":"Venue Rental"}]},{"@type":"WebSite","@id":"https:\/\/azstatefair.com\/#website","url":"https:\/\/azstatefair.com\/","name":"Feria estatal de AZ","description":"Feria y Exposici\u00f3n del Estado de Arizona","publisher":{"@id":"https:\/\/azstatefair.com\/#organization"},"alternateName":"AZ State Fair & Exposition","potentialAction":[{"@type":"SearchAction","target":{"@type":"EntryPoint","urlTemplate":"https:\/\/azstatefair.com\/?s={search_term_string}"},"query-input":{"@type":"PropertyValueSpecification","valueRequired":true,"valueName":"search_term_string"}}],"inLanguage":"es"},{"@type":"Organization","@id":"https:\/\/azstatefair.com\/#organization","name":"Feria estatal de Arizona","alternateName":"AZ State Fair","url":"https:\/\/azstatefair.com\/","logo":{"@type":"ImageObject","inLanguage":"es","@id":"https:\/\/azstatefair.com\/#\/schema\/logo\/image\/","url":"https:\/\/azstatefair.com\/wp-content\/uploads\/2024\/09\/AZ-State-Fair-featured-image.png","contentUrl":"https:\/\/azstatefair.com\/wp-content\/uploads\/2024\/09\/AZ-State-Fair-featured-image.png","width":1200,"height":630,"caption":"Arizona State Fair"},"image":{"@id":"https:\/\/azstatefair.com\/#\/schema\/logo\/image\/"},"sameAs":["https:\/\/www.facebook.com\/azstatefair","https:\/\/x.com\/azstatefair","https:\/\/www.instagram.com\/arizonastatefair","https:\/\/www.pinterest.com\/azstatefair","https:\/\/www.youtube.com\/arizonastatefair","https:\/\/www.snapchat.com\/add\/azstatefair"]}]}},"publishpress_future_action":{"enabled":false,"date":"2026-05-01 08:35:17","action":"change-status","newStatus":"draft","terms":[],"taxonomy":"page-category","extraData":[]},"publishpress_future_workflow_manual_trigger":{"enabledWorkflows":[]},"_links":{"self":[{"href":"https:\/\/azstatefair.com\/es\/wp-json\/wp\/v2\/pages\/2687","targetHints":{"allow":["GET"]}}],"collection":[{"href":"https:\/\/azstatefair.com\/es\/wp-json\/wp\/v2\/pages"}],"about":[{"href":"https:\/\/azstatefair.com\/es\/wp-json\/wp\/v2\/types\/page"}],"author":[{"embeddable":true,"href":"https:\/\/azstatefair.com\/es\/wp-json\/wp\/v2\/users\/1"}],"replies":[{"embeddable":true,"href":"https:\/\/azstatefair.com\/es\/wp-json\/wp\/v2\/comments?post=2687"}],"version-history":[{"count":0,"href":"https:\/\/azstatefair.com\/es\/wp-json\/wp\/v2\/pages\/2687\/revisions"}],"wp:featuredmedia":[{"embeddable":true,"href":"https:\/\/azstatefair.com\/es\/wp-json\/wp\/v2\/media\/18798"}],"wp:attachment":[{"href":"https:\/\/azstatefair.com\/es\/wp-json\/wp\/v2\/media?parent=2687"}],"curies":[{"name":"wp","href":"https:\/\/api.w.org\/{rel}","templated":true}]}}