{"id":2668,"date":"2023-03-27T07:08:10","date_gmt":"2023-03-27T14:08:10","guid":{"rendered":"https:\/\/azstatefair.vmgagencysites.com\/?page_id=2668"},"modified":"2026-04-29T10:51:15","modified_gmt":"2026-04-29T17:51:15","slug":"concerts","status":"publish","type":"page","link":"https:\/\/azstatefair.com\/es\/concerts\/","title":{"rendered":"Ciclo de conciertos del Coliseo"},"content":{"rendered":"<div class=\"wpb-content-wrapper\"><div class=\"vc_row wpb_row top-cta accent1\"><div class=\"container\"><div class=\"wpb_column vc_column_container vc_col-sm-12\"><div class=\"vc_column-inner\"><div class=\"wpb_wrapper\">\n\t<div class=\"wpb_text_column wpb_content_element  mb0\" >\n\t\t<div class=\"wpb_wrapper\">\n\t\t\t<p class=\"left-text\"><a href=\"https:\/\/maps.app.goo.gl\/VEcJCCViQimkUSiz7\" target=\"_blank\" rel=\"noopener\">1826 W MCDOWELL RD. PHOENIX, AZ 85007<\/a><\/p>\n\n\t\t<\/div>\n\t<\/div>\n<\/div><\/div><\/div><\/div><\/div><div class=\"vc_row wpb_row light1 history-intro-1 vc_custom_1678147607314\"><div class=\"container\"><div class=\"vert-align-desktop wpb_column vc_column_container vc_col-sm-6\"><div class=\"vc_column-inner\"><div class=\"wpb_wrapper\">\n\t<div class=\"wpb_text_column wpb_content_element  mb0-desktop\" >\n\t\t<div class=\"wpb_wrapper\">\n\t\t\t<p><img loading=\"lazy\" decoding=\"async\" class=\"aligncenter size-full wp-image-19009\" style=\"border-radius: 5%;\" src=\"https:\/\/azstatefair.com\/wp-content\/uploads\/2026\/02\/The-Format30-scaled-e1772126669421.jpg\" alt=\"elvis\" width=\"800\" height=\"520\" \/><\/p>\n\n\t\t<\/div>\n\t<\/div>\n<\/div><\/div><\/div><div class=\"vert-align-desktop wpb_column vc_column_container vc_col-sm-6\"><div class=\"vc_column-inner\"><div class=\"wpb_wrapper\">\n\t<div class=\"wpb_text_column wpb_content_element  mb0\" >\n\t\t<div class=\"wpb_wrapper\">\n\t\t\t<h2>Un escenario emblem\u00e1tico de Arizona<\/h2>\n<p><span style=\"font-weight: 400;\">Dentro del legendario <\/span><b>Coliseo Veterans Memorial<\/b><span style=\"font-weight: 400;\">, conocido por generaciones como el <\/span><i><span style=\"font-weight: 400;\">Manicomio en McDowell<\/span><\/i><span style=\"font-weight: 400;\">,La serie de conciertos del Coliseo es una de las tradiciones m\u00e1s emblem\u00e1ticas de la Feria Estatal de Arizona.<\/span><\/p>\n<p><span style=\"font-weight: 400;\">En 2025, h\u00e9roes locales de la ciudad natal <strong>El formato <\/strong>reunidos despu\u00e9s de 18 a\u00f1os para un <strong>AGOTADO <\/strong>espect\u00e1culo en el Coliseo. Originalmente sede de la <\/span><b>Phoenix Suns<\/b><span style=\"font-weight: 400;\">, el estadio ha recibido a presidentes, l\u00edderes mundiales e \u00edconos culturales. Su escenario ha sido honrado por artistas como <\/span><b>Elvis Presley<\/b><span style=\"font-weight: 400;\">, <\/span><b>Jimi Hendrix<\/b><span style=\"font-weight: 400;\">, <\/span><b>Los Rolling Stones<\/b><span style=\"font-weight: 400;\">, <\/span><b>El papa Juan Pablo II<\/b><span style=\"font-weight: 400;\">, <\/span><b>Foo Fighters<\/b><span style=\"font-weight: 400;\">, <\/span><b>Snoop Dogg<\/b><span style=\"font-weight: 400;\">y <\/span><b>Big Time Rush<\/b><span style=\"font-weight: 400;\"> \u2013 dando forma a d\u00e9cadas de noches inolvidables en Arizona.<\/span><\/p>\n<p><span style=\"font-weight: 400;\">Hoy en d\u00eda, el Coliseo sigue siendo uno de los recintos de m\u00fasica en vivo m\u00e1s nost\u00e1lgicos y emocionantes del estado, donde la producci\u00f3n a escala de estadio se une a la energ\u00eda de la Feria que se celebra justo al otro lado de sus puertas. Las luces del carnaval brillan en el exterior. La multitud se agolpa en el interior. Un concierto se convierte en toda una experiencia.<\/span><\/p>\n<p style=\"text-align: left;\"><a class=\"btn-bt default\" href=\"https:\/\/azstatefair.com\/wp-content\/uploads\/2026\/02\/ASF-Concert-History-rev.pdf\">VER ARTISTAS ANTERIORES<\/a><\/p>\n\n\t\t<\/div>\n\t<\/div>\n<\/div><\/div><\/div><\/div><\/div><div class=\"vc_row wpb_row need-a-venue-row add-parallax no-overlay-black vc_custom_1771990450835 vc_row-has-fill\"><div class=\"container\"><div class=\"wpb_column vc_column_container vc_col-sm-2\"><div class=\"vc_column-inner\"><div class=\"wpb_wrapper\"><\/div><\/div><\/div><div class=\"wpb_column vc_column_container vc_col-sm-8\"><div class=\"vc_column-inner\"><div class=\"wpb_wrapper\">\n\t<div class=\"wpb_text_column wpb_content_element  mb0\" >\n\t\t<div class=\"wpb_wrapper\">\n\t\t\t<h2 style=\"text-align: center; color: white;\">S\u00e9 el primero en conocer la alineaci\u00f3n de 2026<\/h2>\n<h5 style=\"text-align: center; color: white;\"><strong>El anuncio de la serie de conciertos del Coliseo 2026 se har\u00e1 pronto. No te pierdas las preventas, los anuncios del cartel y las fechas de venta de boletos.<\/strong><\/h5>\n<p>&nbsp;<\/p>\n<p style=\"text-align: center;\"><a class=\"btn-bt default\" href=\"https:\/\/azstatefair.com\/es\/fair-fandom\/\">INSCR\u00cdBETE HOY MISMO<\/a><\/p>\n\n\t\t<\/div>\n\t<\/div>\n<\/div><\/div><\/div><div class=\"wpb_column vc_column_container vc_col-sm-2\"><div class=\"vc_column-inner\"><div class=\"wpb_wrapper\"><\/div><\/div><\/div><\/div><\/div>\n<\/div>","protected":false},"excerpt":{"rendered":"1826 W MCDOWELL RD. PHOENIX, AZ 85007 Un escenario emblem\u00e1tico de Arizona Dentro del legendario Veterans Memorial Coliseum, conocido por generaciones como Madhouse on McDowell, se encuentra la Coliseum Concert Series... <a class=\"more-link\" href=\"https:\/\/azstatefair.com\/es\/concerts\/\">Seguir leyendo <span class=\"screen-reader-text\">Ciclo de conciertos del Coliseo<\/span><\/a>","protected":false},"author":1,"featured_media":28562,"parent":0,"menu_order":0,"comment_status":"closed","ping_status":"closed","template":"","meta":{"_acf_changed":false,"h5ap_radio_sources":[],"footnotes":""},"class_list":["post-2668","page","type-page","status-publish","has-post-thumbnail","page-category-carousel-year-round","entry"],"acf":[],"yoast_head":"<!-- This site is optimized with the Yoast SEO plugin v27.6 - https:\/\/yoast.com\/product\/yoast-seo-wordpress\/ -->\n<title>Arizona State Fair 2026 Concerts | Arizona State Fair<\/title>\n<meta name=\"description\" content=\"Concerts at the Arizona State Fair are a tradition. Join us this season for our 2026 Coliseum Concert Series.\" \/>\n<meta name=\"robots\" content=\"index, follow, max-snippet:-1, max-image-preview:large, max-video-preview:-1\" \/>\n<link rel=\"canonical\" href=\"https:\/\/azstatefair.com\/es\/concerts\/\" \/>\n<meta property=\"og:locale\" content=\"es_MX\" \/>\n<meta property=\"og:type\" content=\"article\" \/>\n<meta property=\"og:title\" content=\"Arizona State Fair 2026 Concerts | Arizona State Fair\" \/>\n<meta property=\"og:description\" content=\"Concerts at the Arizona State Fair are a tradition. Join us this season for our 2026 Coliseum Concert Series.\" \/>\n<meta property=\"og:url\" content=\"https:\/\/azstatefair.com\/es\/concerts\/\" \/>\n<meta property=\"og:site_name\" content=\"AZ State Fair\" \/>\n<meta property=\"article:publisher\" content=\"https:\/\/www.facebook.com\/azstatefair\" \/>\n<meta property=\"article:modified_time\" content=\"2026-04-29T17:51:15+00:00\" \/>\n<meta property=\"og:image\" content=\"https:\/\/azstatefair.com\/wp-content\/uploads\/2026\/02\/The-Format14.jpg\" \/>\n\t<meta property=\"og:image:width\" content=\"1086\" \/>\n\t<meta property=\"og:image:height\" content=\"724\" \/>\n\t<meta property=\"og:image:type\" content=\"image\/jpeg\" \/>\n<meta name=\"twitter:card\" content=\"summary_large_image\" \/>\n<meta name=\"twitter:site\" content=\"@azstatefair\" \/>\n<script type=\"application\/ld+json\" class=\"yoast-schema-graph\">{\"@context\":\"https:\\\/\\\/schema.org\",\"@graph\":[{\"@type\":\"WebPage\",\"@id\":\"https:\\\/\\\/azstatefair.com\\\/concerts\\\/\",\"url\":\"https:\\\/\\\/azstatefair.com\\\/concerts\\\/\",\"name\":\"Arizona State Fair 2026 Concerts | Arizona State Fair\",\"isPartOf\":{\"@id\":\"https:\\\/\\\/azstatefair.com\\\/#website\"},\"primaryImageOfPage\":{\"@id\":\"https:\\\/\\\/azstatefair.com\\\/concerts\\\/#primaryimage\"},\"image\":{\"@id\":\"https:\\\/\\\/azstatefair.com\\\/concerts\\\/#primaryimage\"},\"thumbnailUrl\":\"https:\\\/\\\/azstatefair.com\\\/wp-content\\\/uploads\\\/2026\\\/02\\\/The-Format14.jpg\",\"datePublished\":\"2023-03-27T14:08:10+00:00\",\"dateModified\":\"2026-04-29T17:51:15+00:00\",\"description\":\"Concerts at the Arizona State Fair are a tradition. Join us this season for our 2026 Coliseum Concert Series.\",\"breadcrumb\":{\"@id\":\"https:\\\/\\\/azstatefair.com\\\/concerts\\\/#breadcrumb\"},\"inLanguage\":\"es\",\"potentialAction\":[{\"@type\":\"ReadAction\",\"target\":[\"https:\\\/\\\/azstatefair.com\\\/concerts\\\/\"]}]},{\"@type\":\"ImageObject\",\"inLanguage\":\"es\",\"@id\":\"https:\\\/\\\/azstatefair.com\\\/concerts\\\/#primaryimage\",\"url\":\"https:\\\/\\\/azstatefair.com\\\/wp-content\\\/uploads\\\/2026\\\/02\\\/The-Format14.jpg\",\"contentUrl\":\"https:\\\/\\\/azstatefair.com\\\/wp-content\\\/uploads\\\/2026\\\/02\\\/The-Format14.jpg\",\"width\":1086,\"height\":724,\"caption\":\"The Format14\"},{\"@type\":\"BreadcrumbList\",\"@id\":\"https:\\\/\\\/azstatefair.com\\\/concerts\\\/#breadcrumb\",\"itemListElement\":[{\"@type\":\"ListItem\",\"position\":1,\"name\":\"Home\",\"item\":\"https:\\\/\\\/azstatefair.com\\\/\"},{\"@type\":\"ListItem\",\"position\":2,\"name\":\"Coliseum Concert Series\"}]},{\"@type\":\"WebSite\",\"@id\":\"https:\\\/\\\/azstatefair.com\\\/#website\",\"url\":\"https:\\\/\\\/azstatefair.com\\\/\",\"name\":\"AZ State Fair\",\"description\":\"Arizona State Fair &amp; Exposition\",\"publisher\":{\"@id\":\"https:\\\/\\\/azstatefair.com\\\/#organization\"},\"alternateName\":\"AZ State Fair & Exposition\",\"potentialAction\":[{\"@type\":\"SearchAction\",\"target\":{\"@type\":\"EntryPoint\",\"urlTemplate\":\"https:\\\/\\\/azstatefair.com\\\/?s={search_term_string}\"},\"query-input\":{\"@type\":\"PropertyValueSpecification\",\"valueRequired\":true,\"valueName\":\"search_term_string\"}}],\"inLanguage\":\"es\"},{\"@type\":\"Organization\",\"@id\":\"https:\\\/\\\/azstatefair.com\\\/#organization\",\"name\":\"Arizona State Fair\",\"alternateName\":\"AZ State Fair\",\"url\":\"https:\\\/\\\/azstatefair.com\\\/\",\"logo\":{\"@type\":\"ImageObject\",\"inLanguage\":\"es\",\"@id\":\"https:\\\/\\\/azstatefair.com\\\/#\\\/schema\\\/logo\\\/image\\\/\",\"url\":\"https:\\\/\\\/azstatefair.com\\\/wp-content\\\/uploads\\\/2024\\\/09\\\/AZ-State-Fair-featured-image.png\",\"contentUrl\":\"https:\\\/\\\/azstatefair.com\\\/wp-content\\\/uploads\\\/2024\\\/09\\\/AZ-State-Fair-featured-image.png\",\"width\":1200,\"height\":630,\"caption\":\"Arizona State Fair\"},\"image\":{\"@id\":\"https:\\\/\\\/azstatefair.com\\\/#\\\/schema\\\/logo\\\/image\\\/\"},\"sameAs\":[\"https:\\\/\\\/www.facebook.com\\\/azstatefair\",\"https:\\\/\\\/x.com\\\/azstatefair\",\"https:\\\/\\\/www.instagram.com\\\/arizonastatefair\",\"https:\\\/\\\/www.pinterest.com\\\/azstatefair\",\"https:\\\/\\\/www.youtube.com\\\/arizonastatefair\",\"https:\\\/\\\/www.snapchat.com\\\/add\\\/azstatefair\"]}]}<\/script>\n<!-- \/ Yoast SEO plugin. -->","yoast_head_json":{"title":"Conciertos de la Feria Estatal de Arizona 2026 | Feria Estatal de Arizona","description":"Los conciertos en la Feria Estatal de Arizona son una tradici\u00f3n. Acomp\u00e1\u00f1enos esta temporada en nuestra serie de conciertos Coliseum 2026.","robots":{"index":"index","follow":"follow","max-snippet":"max-snippet:-1","max-image-preview":"max-image-preview:large","max-video-preview":"max-video-preview:-1"},"canonical":"https:\/\/azstatefair.com\/es\/concerts\/","og_locale":"es_MX","og_type":"article","og_title":"Arizona State Fair 2026 Concerts | Arizona State Fair","og_description":"Concerts at the Arizona State Fair are a tradition. Join us this season for our 2026 Coliseum Concert Series.","og_url":"https:\/\/azstatefair.com\/es\/concerts\/","og_site_name":"AZ State Fair","article_publisher":"https:\/\/www.facebook.com\/azstatefair","article_modified_time":"2026-04-29T17:51:15+00:00","og_image":[{"width":1086,"height":724,"url":"https:\/\/azstatefair.com\/wp-content\/uploads\/2026\/02\/The-Format14.jpg","type":"image\/jpeg"}],"twitter_card":"summary_large_image","twitter_site":"@azstatefair","schema":{"@context":"https:\/\/schema.org","@graph":[{"@type":"WebPage","@id":"https:\/\/azstatefair.com\/concerts\/","url":"https:\/\/azstatefair.com\/concerts\/","name":"Conciertos de la Feria Estatal de Arizona 2026 | Feria Estatal de Arizona","isPartOf":{"@id":"https:\/\/azstatefair.com\/#website"},"primaryImageOfPage":{"@id":"https:\/\/azstatefair.com\/concerts\/#primaryimage"},"image":{"@id":"https:\/\/azstatefair.com\/concerts\/#primaryimage"},"thumbnailUrl":"https:\/\/azstatefair.com\/wp-content\/uploads\/2026\/02\/The-Format14.jpg","datePublished":"2023-03-27T14:08:10+00:00","dateModified":"2026-04-29T17:51:15+00:00","description":"Los conciertos en la Feria Estatal de Arizona son una tradici\u00f3n. Acomp\u00e1\u00f1enos esta temporada en nuestra serie de conciertos Coliseum 2026.","breadcrumb":{"@id":"https:\/\/azstatefair.com\/concerts\/#breadcrumb"},"inLanguage":"es","potentialAction":[{"@type":"ReadAction","target":["https:\/\/azstatefair.com\/concerts\/"]}]},{"@type":"ImageObject","inLanguage":"es","@id":"https:\/\/azstatefair.com\/concerts\/#primaryimage","url":"https:\/\/azstatefair.com\/wp-content\/uploads\/2026\/02\/The-Format14.jpg","contentUrl":"https:\/\/azstatefair.com\/wp-content\/uploads\/2026\/02\/The-Format14.jpg","width":1086,"height":724,"caption":"The Format14"},{"@type":"BreadcrumbList","@id":"https:\/\/azstatefair.com\/concerts\/#breadcrumb","itemListElement":[{"@type":"ListItem","position":1,"name":"Home","item":"https:\/\/azstatefair.com\/"},{"@type":"ListItem","position":2,"name":"Coliseum Concert Series"}]},{"@type":"WebSite","@id":"https:\/\/azstatefair.com\/#website","url":"https:\/\/azstatefair.com\/","name":"Feria estatal de AZ","description":"Feria y Exposici\u00f3n del Estado de Arizona","publisher":{"@id":"https:\/\/azstatefair.com\/#organization"},"alternateName":"AZ State Fair & Exposition","potentialAction":[{"@type":"SearchAction","target":{"@type":"EntryPoint","urlTemplate":"https:\/\/azstatefair.com\/?s={search_term_string}"},"query-input":{"@type":"PropertyValueSpecification","valueRequired":true,"valueName":"search_term_string"}}],"inLanguage":"es"},{"@type":"Organization","@id":"https:\/\/azstatefair.com\/#organization","name":"Feria estatal de Arizona","alternateName":"AZ State Fair","url":"https:\/\/azstatefair.com\/","logo":{"@type":"ImageObject","inLanguage":"es","@id":"https:\/\/azstatefair.com\/#\/schema\/logo\/image\/","url":"https:\/\/azstatefair.com\/wp-content\/uploads\/2024\/09\/AZ-State-Fair-featured-image.png","contentUrl":"https:\/\/azstatefair.com\/wp-content\/uploads\/2024\/09\/AZ-State-Fair-featured-image.png","width":1200,"height":630,"caption":"Arizona State Fair"},"image":{"@id":"https:\/\/azstatefair.com\/#\/schema\/logo\/image\/"},"sameAs":["https:\/\/www.facebook.com\/azstatefair","https:\/\/x.com\/azstatefair","https:\/\/www.instagram.com\/arizonastatefair","https:\/\/www.pinterest.com\/azstatefair","https:\/\/www.youtube.com\/arizonastatefair","https:\/\/www.snapchat.com\/add\/azstatefair"]}]}},"publishpress_future_action":{"enabled":false,"date":"2026-05-21 00:50:11","action":"change-status","newStatus":"draft","terms":[],"taxonomy":"page-category","extraData":[]},"publishpress_future_workflow_manual_trigger":{"enabledWorkflows":[]},"_links":{"self":[{"href":"https:\/\/azstatefair.com\/es\/wp-json\/wp\/v2\/pages\/2668","targetHints":{"allow":["GET"]}}],"collection":[{"href":"https:\/\/azstatefair.com\/es\/wp-json\/wp\/v2\/pages"}],"about":[{"href":"https:\/\/azstatefair.com\/es\/wp-json\/wp\/v2\/types\/page"}],"author":[{"embeddable":true,"href":"https:\/\/azstatefair.com\/es\/wp-json\/wp\/v2\/users\/1"}],"replies":[{"embeddable":true,"href":"https:\/\/azstatefair.com\/es\/wp-json\/wp\/v2\/comments?post=2668"}],"version-history":[{"count":0,"href":"https:\/\/azstatefair.com\/es\/wp-json\/wp\/v2\/pages\/2668\/revisions"}],"wp:featuredmedia":[{"embeddable":true,"href":"https:\/\/azstatefair.com\/es\/wp-json\/wp\/v2\/media\/28562"}],"wp:attachment":[{"href":"https:\/\/azstatefair.com\/es\/wp-json\/wp\/v2\/media?parent=2668"}],"curies":[{"name":"wp","href":"https:\/\/api.w.org\/{rel}","templated":true}]}}