{"id":2656,"date":"2022-07-18T11:51:24","date_gmt":"2022-07-18T18:51:24","guid":{"rendered":"https:\/\/azstatefair.vmgagencysites.com\/?page_id=2656"},"modified":"2026-04-09T14:49:42","modified_gmt":"2026-04-09T21:49:42","slug":"arizona-state-fair-hours","status":"publish","type":"page","link":"https:\/\/azstatefair.com\/es\/arizona-state-fair-hours\/","title":{"rendered":"Horario de la Feria Estatal de Arizona"},"content":{"rendered":"<div class=\"wpb-content-wrapper\"><div class=\"vc_row wpb_row top-cta accent1\"><div class=\"container\"><div class=\"wpb_column vc_column_container vc_col-sm-12\"><div class=\"vc_column-inner\"><div class=\"wpb_wrapper\">\n\t<div class=\"wpb_text_column wpb_content_element  mb0\" >\n\t\t<div class=\"wpb_wrapper\">\n\t\t\t<p class=\"left-text\"><a href=\"https:\/\/maps.app.goo.gl\/VEcJCCViQimkUSiz7\" target=\"_blank\" rel=\"noopener\">1826 W MCDOWELL RD. PHOENIX, AZ 85007<\/a><\/p>\n\n\t\t<\/div>\n\t<\/div>\n<\/div><\/div><\/div><\/div><\/div><div class=\"vc_row wpb_row light1 history-intro-1 vc_custom_1772730190501 vc_row-has-fill\"><div class=\"container\"><div class=\"vert-align-desktop wpb_column vc_column_container vc_col-sm-12\"><div class=\"vc_column-inner\"><div class=\"wpb_wrapper\">\n\t<div class=\"wpb_text_column wpb_content_element  mb0\" >\n\t\t<div class=\"wpb_wrapper\">\n\t\t\t<h2 style=\"text-align: center;\">Un estado de asombro<\/h2>\n<p class=\"\" style=\"text-align: center;\" data-start=\"662\" data-end=\"715\"><span style=\"font-weight: 400;\">En <\/span><b>Feria Estatal de Arizona 2026<\/b><span style=\"font-weight: 400;\"> regresa al recinto ferial del estado de Arizona en Phoenix desde <\/span><b>Del 1 de octubre al 1 de noviembre<\/b><span style=\"font-weight: 400;\">. Acomp\u00e1\u00f1enos de jueves a domingo para disfrutar de paseos, con<\/span><span style=\"font-weight: 400;\">Conciertos, comida t\u00edpica de feria, agricultura, exposiciones y momentos inolvidables bajo las luces.<\/span><\/p>\n<p style=\"text-align: center;\"><b>La entrada cuesta $17.50 (incluye todos los impuestos). <\/b>f<span style=\"font-weight: 400;\">o hu\u00e9spedes mayores de 8 a\u00f1os. <\/span><span style=\"font-weight: 400;\">Disfrute de la mayor celebraci\u00f3n de Arizona en torno a la gastronom\u00eda, las atracciones, los conciertos, la agricultura, las exposiciones y la comunidad, todo en un mismo lugar.<\/span><\/p>\n<p style=\"text-align: center;\"><a class=\"btn-bt default\" href=\"https:\/\/www.etix.com\/ticket\/p\/92883711\/2026-arizona-state-fair-general-admission-phoenix-arizona-state-fair?_gl=1*3evs98*_ga*MTY1NDMyMDgxNi4xNzcyMTI2OTY0*_ga_VR5WBS5B6C*czE3NzU3NzAzODQkbzE4OSRnMSR0MTc3NTc3MTM2NSRqMTMkbDAkaDc0MzU2NDQxNQ..*_gcl_au*MzYyNjc1NDE0LjE3NzIxMjY5NjQ.*_ga_73LPX5JS1P*czE3NzU3NzAzODQkbzczJGcxJHQxNzc1NzcxMzY1JGoxMyRsMCRoNzUyNjY3NDU0&amp;_ga=2.88121691.1183656133.1775757870-1654320816.1772126964\">COMPRA 4 ENTRADAS POR 1 TP4T20.26<\/a><\/p>\n\n\t\t<\/div>\n\t<\/div>\n<\/div><\/div><\/div><\/div><\/div><div class=\"vc_row wpb_row hr-row vc_custom_1772730198256 vc_row-has-fill\"><div class=\"container\"><div class=\"wpb_column vc_column_container vc_col-sm-12\"><div class=\"vc_column-inner\"><div class=\"wpb_wrapper\">\n\t<div class=\"wpb_text_column wpb_content_element  mb0\" >\n\t\t<div class=\"wpb_wrapper\">\n\t\t\t<hr class=\"line purple\" \/>\n\n\t\t<\/div>\n\t<\/div>\n<\/div><\/div><\/div><\/div><\/div><div class=\"vc_row wpb_row light1 history-intro-1 vc_custom_1772730204244 vc_row-has-fill\"><div class=\"container\"><div class=\"vert-align-desktop wpb_column vc_column_container vc_col-sm-6\"><div class=\"vc_column-inner\"><div class=\"wpb_wrapper\">\n\t<div class=\"wpb_text_column wpb_content_element  mb0-desktop\" >\n\t\t<div class=\"wpb_wrapper\">\n\t\t\t<p><img loading=\"lazy\" decoding=\"async\" class=\"aligncenter size-full wp-image-19009\" style=\"border-radius: 5%;\" src=\"https:\/\/azstatefair.com\/wp-content\/uploads\/2026\/02\/Sky-Ride-4-scaled-e1771968924344.jpg\" alt=\"elvis\" width=\"800\" height=\"700\" \/><\/p>\n\n\t\t<\/div>\n\t<\/div>\n<\/div><\/div><\/div><div class=\"vert-align-desktop wpb_column vc_column_container vc_col-sm-6\"><div class=\"vc_column-inner\"><div class=\"wpb_wrapper\">\n\t<div class=\"wpb_text_column wpb_content_element  mb0\" >\n\t\t<div class=\"wpb_wrapper\">\n\t\t\t<h2 data-start=\"276\" data-end=\"313\">Horario de la feria<\/h2>\n<p class=\"\" data-start=\"314\" data-end=\"370\"><strong data-start=\"314\" data-end=\"341\">Horario de entrada<\/strong><\/p>\n<ul data-start=\"371\" data-end=\"497\">\n<li class=\"\" data-start=\"371\" data-end=\"433\">\n<p class=\"\" data-start=\"373\" data-end=\"433\">Jueves y domingos: 12:00 h \u2013 \u00daltima entrada a las 21:00 h<\/p>\n<\/li>\n<li class=\"\" data-start=\"434\" data-end=\"497\">\n<p class=\"\" data-start=\"436\" data-end=\"497\">Viernes y s\u00e1bados: 12:00 h \u2013 \u00daltima entrada a las 22:00 h.<\/p>\n<\/li>\n<\/ul>\n<p><strong data-start=\"314\" data-end=\"341\">Horario del edificio<\/strong><\/p>\n<ul data-start=\"371\" data-end=\"497\">\n<li class=\"\" data-start=\"371\" data-end=\"433\">\n<p class=\"\" data-start=\"373\" data-end=\"433\">Los graneros cierran a las 9 de la noche.<\/p>\n<\/li>\n<li class=\"\" data-start=\"434\" data-end=\"497\">\n<p class=\"\" data-start=\"436\" data-end=\"497\">Las salas North &amp; South Coliseum cierran a las 10 de la noche.<\/p>\n<\/li>\n<li data-start=\"434\" data-end=\"497\">El pabell\u00f3n comercial y el Hangout cierran a las 10 de la noche.<\/li>\n<\/ul>\n<p><strong data-start=\"314\" data-end=\"341\">Horario del estacionamiento<\/strong><\/p>\n<p>Los estacionamientos norte y oeste abren todos los d\u00edas a las 10:00 a. m. <span style=\"font-weight: 400;\">Planifica con anticipaci\u00f3n, llega temprano y ad\u00e9ntrate en un estado de asombro desde el momento en que cruces las puertas. <a href=\"https:\/\/azstatefair.com\/es\/directions-parking-interim\/\">Consulte aqu\u00ed los mapas de estacionamiento y las indicaciones para llegar.<\/a><\/span><\/p>\n<p><b>\u00bfCu\u00e1ndo cierra la feria?<\/b><\/p>\n<p><span style=\"font-weight: 400;\">La feria permanece abierta en funci\u00f3n del n\u00famero de visitantes y de las actividades programadas. <\/span><span style=\"font-weight: 400;\">El carnaval concluye cuando se apagan las luces. <\/span><b>Rueda La Grande XL<\/b><span style=\"font-weight: 400;\">, ubicadas en la esquina sureste del recinto ferial, se apagan por la noche. <\/span><span style=\"font-weight: 400;\">Cuando las luces se apagan, la maravilla descansa... hasta ma\u00f1ana.<\/span><\/p>\n\n\t\t<\/div>\n\t<\/div>\n<\/div><\/div><\/div><\/div><\/div><div class=\"vc_row wpb_row accent2 carousel-row year-round-row vc_custom_1772075259528 vc_row-has-fill\"><div class=\"container\"><div class=\"wpb_column vc_column_container vc_col-sm-12\"><div class=\"vc_column-inner\"><div class=\"wpb_wrapper\">\n\t<div class=\"wpb_text_column wpb_content_element  mb0\" >\n\t\t<div class=\"wpb_wrapper\">\n\t\t\t<h2 style=\"text-align: center; color: black;\">Explore<\/h2>\n\n\t\t<\/div>\n\t<\/div>\n\n\t<div class=\"wpb_text_column wpb_content_element  mb0\" >\n\t\t<div class=\"wpb_wrapper\">\n\t\t\t<div class=\"featured-pages\">\n\n\t\t\t<div class=\"feat-page\">\n\t\t\t\t<a style=\"background-image: url('https:\/\/azstatefair.com\/wp-content\/uploads\/2023\/02\/carousel-ride-and-games-23.jpg');\" class=\"archive-post-image-link\" href=\"https:\/\/azstatefair.com\/es\/rides-games\/\"><\/a>\n\t\t\t\t<h3 class=\"feat-post-title\"><a class=\"feat-page-link\" href=\"https:\/\/azstatefair.com\/es\/rides-games\/\">Atracciones y juegos<\/a><\/h3>\n\t\t<\/div>\n\n\t\t\t<div class=\"feat-page\">\n\t\t\t\t<a style=\"background-image: url('https:\/\/azstatefair.com\/wp-content\/uploads\/2025\/04\/Copy-of-Food-Rainbow_icecream_Girl1-1568x2352.jpg');\" class=\"archive-post-image-link\" href=\"https:\/\/azstatefair.com\/es\/fair-food\/\"><\/a>\n\t\t\t\t<h3 class=\"feat-post-title\"><a class=\"feat-page-link\" href=\"https:\/\/azstatefair.com\/es\/fair-food\/\">Comida justa<\/a><\/h3>\n\t\t<\/div>\n\n\t\t\t<div class=\"feat-page\">\n\t\t\t\t<a style=\"background-image: url('https:\/\/azstatefair.com\/wp-content\/uploads\/2026\/02\/The-Format14.jpg');\" class=\"archive-post-image-link\" href=\"https:\/\/azstatefair.com\/es\/concerts\/\"><\/a>\n\t\t\t\t<h3 class=\"feat-post-title\"><a class=\"feat-page-link\" href=\"https:\/\/azstatefair.com\/es\/concerts\/\">Ciclo de conciertos del Coliseo<\/a><\/h3>\n\t\t<\/div>\n\n\t\t\t<div class=\"feat-page\">\n\t\t\t\t<a style=\"background-image: url('https:\/\/azstatefair.com\/wp-content\/uploads\/2022\/07\/blog-feat-image.jpg');\" class=\"archive-post-image-link\" href=\"https:\/\/azstatefair.com\/es\/blog\/\"><\/a>\n\t\t\t\t<h3 class=\"feat-post-title\"><a class=\"feat-page-link\" href=\"https:\/\/azstatefair.com\/es\/blog\/\">Blog<\/a><\/h3>\n\t\t<\/div>\n\n\t\n<\/div>\n\n<div class=\"slick-navbar feat-pages white-navbar\">\n\t<button class=\"slick_prev\"><i class=\"icon-angle-left\"><\/i><\/button>\n\t<div class=\"slick_dots\"><\/div>\n\t<button class=\"slick_next\"><i class=\"icon-angle-right\"><\/i><\/button>\n<\/div>\n\n\t\t<\/div>\n\t<\/div>\n<\/div><\/div><\/div><\/div><\/div><div class=\"vc_row wpb_row need-a-venue-row add-parallax no-overlay-black vc_custom_1676931352307 vc_row-has-fill\"><div class=\"container\"><div class=\"wpb_column vc_column_container vc_col-sm-2\"><div class=\"vc_column-inner\"><div class=\"wpb_wrapper\"><\/div><\/div><\/div><div class=\"wpb_column vc_column_container vc_col-sm-8\"><div class=\"vc_column-inner\"><div class=\"wpb_wrapper\">\n\t<div class=\"wpb_text_column wpb_content_element  mb0\" >\n\t\t<div class=\"wpb_wrapper\">\n\t\t\t<h2 class=\"light1\" style=\"text-align: center;\">\u00danete al Fandom de la Feria<\/h2>\n<h4 class=\"light1\" style=\"text-align: center;\">Forme parte del exclusivo Fandom de la Feria y participe en las \u00faltimas ofertas, las atracciones m\u00e1s novedosas y la diversi\u00f3n del recinto ferial durante todo el a\u00f1o.<\/h4>\n<p style=\"text-align: center;\"><a class=\"btn-bt default\" href=\"https:\/\/azstatefair.com\/es\/fair-fandom\/\">INSCR\u00cdBETE HOY MISMO<\/a><\/p>\n\n\t\t<\/div>\n\t<\/div>\n<\/div><\/div><\/div><div class=\"wpb_column vc_column_container vc_col-sm-2\"><div class=\"vc_column-inner\"><div class=\"wpb_wrapper\"><\/div><\/div><\/div><\/div><\/div>\n<\/div>","protected":false},"excerpt":{"rendered":"\u00bfNecesita un lugar? Reserve su evento o hable con un especialista en eventos en la Feria Estatal y de Exposiciones de Arizona M\u00c1S INFORMACI\u00d3N","protected":false},"author":1,"featured_media":20466,"parent":0,"menu_order":0,"comment_status":"closed","ping_status":"closed","template":"","meta":{"_acf_changed":false,"h5ap_radio_sources":[],"footnotes":""},"class_list":["post-2656","page","type-page","status-publish","has-post-thumbnail","entry"],"acf":[],"yoast_head":"<!-- This site is optimized with the Yoast SEO plugin v27.5 - https:\/\/yoast.com\/product\/yoast-seo-wordpress\/ -->\n<title>Arizona State Fair Hours | Arizona State Fair<\/title>\n<meta name=\"description\" content=\"Let&#039;s make memories together at the Arizona State Fair! Find out our hours so you can plan your visit.\" \/>\n<meta name=\"robots\" content=\"index, follow, max-snippet:-1, max-image-preview:large, max-video-preview:-1\" \/>\n<link rel=\"canonical\" href=\"https:\/\/azstatefair.com\/es\/arizona-state-fair-hours\/\" \/>\n<meta property=\"og:locale\" content=\"es_MX\" \/>\n<meta property=\"og:type\" content=\"article\" \/>\n<meta property=\"og:title\" content=\"Arizona State Fair Hours | Arizona State Fair\" \/>\n<meta property=\"og:description\" content=\"Let&#039;s make memories together at the Arizona State Fair! Find out our hours so you can plan your visit.\" \/>\n<meta property=\"og:url\" content=\"https:\/\/azstatefair.com\/es\/arizona-state-fair-hours\/\" \/>\n<meta property=\"og:site_name\" content=\"AZ State Fair\" \/>\n<meta property=\"article:publisher\" content=\"https:\/\/www.facebook.com\/azstatefair\" \/>\n<meta property=\"article:modified_time\" content=\"2026-04-09T21:49:42+00:00\" \/>\n<meta property=\"og:image\" content=\"https:\/\/azstatefair.com\/wp-content\/uploads\/2023\/09\/Misc-Fair-Crowds-scaled.jpg\" \/>\n\t<meta property=\"og:image:width\" content=\"2560\" \/>\n\t<meta property=\"og:image:height\" content=\"1706\" \/>\n\t<meta property=\"og:image:type\" content=\"image\/jpeg\" \/>\n<meta name=\"twitter:card\" content=\"summary_large_image\" \/>\n<meta name=\"twitter:site\" content=\"@azstatefair\" \/>\n<script type=\"application\/ld+json\" class=\"yoast-schema-graph\">{\"@context\":\"https:\\\/\\\/schema.org\",\"@graph\":[{\"@type\":\"WebPage\",\"@id\":\"https:\\\/\\\/azstatefair.com\\\/arizona-state-fair-hours\\\/\",\"url\":\"https:\\\/\\\/azstatefair.com\\\/arizona-state-fair-hours\\\/\",\"name\":\"Arizona State Fair Hours | Arizona State Fair\",\"isPartOf\":{\"@id\":\"https:\\\/\\\/azstatefair.com\\\/#website\"},\"primaryImageOfPage\":{\"@id\":\"https:\\\/\\\/azstatefair.com\\\/arizona-state-fair-hours\\\/#primaryimage\"},\"image\":{\"@id\":\"https:\\\/\\\/azstatefair.com\\\/arizona-state-fair-hours\\\/#primaryimage\"},\"thumbnailUrl\":\"https:\\\/\\\/azstatefair.com\\\/wp-content\\\/uploads\\\/2023\\\/09\\\/Misc-Fair-Crowds-scaled.jpg\",\"datePublished\":\"2022-07-18T18:51:24+00:00\",\"dateModified\":\"2026-04-09T21:49:42+00:00\",\"description\":\"Let's make memories together at the Arizona State Fair! Find out our hours so you can plan your visit.\",\"breadcrumb\":{\"@id\":\"https:\\\/\\\/azstatefair.com\\\/arizona-state-fair-hours\\\/#breadcrumb\"},\"inLanguage\":\"es\",\"potentialAction\":[{\"@type\":\"ReadAction\",\"target\":[\"https:\\\/\\\/azstatefair.com\\\/arizona-state-fair-hours\\\/\"]}]},{\"@type\":\"ImageObject\",\"inLanguage\":\"es\",\"@id\":\"https:\\\/\\\/azstatefair.com\\\/arizona-state-fair-hours\\\/#primaryimage\",\"url\":\"https:\\\/\\\/azstatefair.com\\\/wp-content\\\/uploads\\\/2023\\\/09\\\/Misc-Fair-Crowds-scaled.jpg\",\"contentUrl\":\"https:\\\/\\\/azstatefair.com\\\/wp-content\\\/uploads\\\/2023\\\/09\\\/Misc-Fair-Crowds-scaled.jpg\",\"width\":2560,\"height\":1706,\"caption\":\"Misc Fair Crowds\"},{\"@type\":\"BreadcrumbList\",\"@id\":\"https:\\\/\\\/azstatefair.com\\\/arizona-state-fair-hours\\\/#breadcrumb\",\"itemListElement\":[{\"@type\":\"ListItem\",\"position\":1,\"name\":\"Home\",\"item\":\"https:\\\/\\\/azstatefair.com\\\/\"},{\"@type\":\"ListItem\",\"position\":2,\"name\":\"Arizona State Fair Hours\"}]},{\"@type\":\"WebSite\",\"@id\":\"https:\\\/\\\/azstatefair.com\\\/#website\",\"url\":\"https:\\\/\\\/azstatefair.com\\\/\",\"name\":\"AZ State Fair\",\"description\":\"Arizona State Fair &amp; Exposition\",\"publisher\":{\"@id\":\"https:\\\/\\\/azstatefair.com\\\/#organization\"},\"alternateName\":\"AZ State Fair & Exposition\",\"potentialAction\":[{\"@type\":\"SearchAction\",\"target\":{\"@type\":\"EntryPoint\",\"urlTemplate\":\"https:\\\/\\\/azstatefair.com\\\/?s={search_term_string}\"},\"query-input\":{\"@type\":\"PropertyValueSpecification\",\"valueRequired\":true,\"valueName\":\"search_term_string\"}}],\"inLanguage\":\"es\"},{\"@type\":\"Organization\",\"@id\":\"https:\\\/\\\/azstatefair.com\\\/#organization\",\"name\":\"Arizona State Fair\",\"alternateName\":\"AZ State Fair\",\"url\":\"https:\\\/\\\/azstatefair.com\\\/\",\"logo\":{\"@type\":\"ImageObject\",\"inLanguage\":\"es\",\"@id\":\"https:\\\/\\\/azstatefair.com\\\/#\\\/schema\\\/logo\\\/image\\\/\",\"url\":\"https:\\\/\\\/azstatefair.com\\\/wp-content\\\/uploads\\\/2024\\\/09\\\/AZ-State-Fair-featured-image.png\",\"contentUrl\":\"https:\\\/\\\/azstatefair.com\\\/wp-content\\\/uploads\\\/2024\\\/09\\\/AZ-State-Fair-featured-image.png\",\"width\":1200,\"height\":630,\"caption\":\"Arizona State Fair\"},\"image\":{\"@id\":\"https:\\\/\\\/azstatefair.com\\\/#\\\/schema\\\/logo\\\/image\\\/\"},\"sameAs\":[\"https:\\\/\\\/www.facebook.com\\\/azstatefair\",\"https:\\\/\\\/x.com\\\/azstatefair\",\"https:\\\/\\\/www.instagram.com\\\/arizonastatefair\",\"https:\\\/\\\/www.pinterest.com\\\/azstatefair\",\"https:\\\/\\\/www.youtube.com\\\/arizonastatefair\",\"https:\\\/\\\/www.snapchat.com\\\/add\\\/azstatefair\"]}]}<\/script>\n<!-- \/ Yoast SEO plugin. -->","yoast_head_json":{"title":"Horario de la Feria Estatal de Arizona | Feria Estatal de Arizona","description":"\u00a1Hagamos recuerdos juntos en la Feria Estatal de Arizona! Descubre nuestros horarios para planificar tu visita.","robots":{"index":"index","follow":"follow","max-snippet":"max-snippet:-1","max-image-preview":"max-image-preview:large","max-video-preview":"max-video-preview:-1"},"canonical":"https:\/\/azstatefair.com\/es\/arizona-state-fair-hours\/","og_locale":"es_MX","og_type":"article","og_title":"Arizona State Fair Hours | Arizona State Fair","og_description":"Let's make memories together at the Arizona State Fair! Find out our hours so you can plan your visit.","og_url":"https:\/\/azstatefair.com\/es\/arizona-state-fair-hours\/","og_site_name":"AZ State Fair","article_publisher":"https:\/\/www.facebook.com\/azstatefair","article_modified_time":"2026-04-09T21:49:42+00:00","og_image":[{"width":2560,"height":1706,"url":"https:\/\/azstatefair.com\/wp-content\/uploads\/2023\/09\/Misc-Fair-Crowds-scaled.jpg","type":"image\/jpeg"}],"twitter_card":"summary_large_image","twitter_site":"@azstatefair","schema":{"@context":"https:\/\/schema.org","@graph":[{"@type":"WebPage","@id":"https:\/\/azstatefair.com\/arizona-state-fair-hours\/","url":"https:\/\/azstatefair.com\/arizona-state-fair-hours\/","name":"Horario de la Feria Estatal de Arizona | Feria Estatal de Arizona","isPartOf":{"@id":"https:\/\/azstatefair.com\/#website"},"primaryImageOfPage":{"@id":"https:\/\/azstatefair.com\/arizona-state-fair-hours\/#primaryimage"},"image":{"@id":"https:\/\/azstatefair.com\/arizona-state-fair-hours\/#primaryimage"},"thumbnailUrl":"https:\/\/azstatefair.com\/wp-content\/uploads\/2023\/09\/Misc-Fair-Crowds-scaled.jpg","datePublished":"2022-07-18T18:51:24+00:00","dateModified":"2026-04-09T21:49:42+00:00","description":"\u00a1Hagamos recuerdos juntos en la Feria Estatal de Arizona! Descubre nuestros horarios para planificar tu visita.","breadcrumb":{"@id":"https:\/\/azstatefair.com\/arizona-state-fair-hours\/#breadcrumb"},"inLanguage":"es","potentialAction":[{"@type":"ReadAction","target":["https:\/\/azstatefair.com\/arizona-state-fair-hours\/"]}]},{"@type":"ImageObject","inLanguage":"es","@id":"https:\/\/azstatefair.com\/arizona-state-fair-hours\/#primaryimage","url":"https:\/\/azstatefair.com\/wp-content\/uploads\/2023\/09\/Misc-Fair-Crowds-scaled.jpg","contentUrl":"https:\/\/azstatefair.com\/wp-content\/uploads\/2023\/09\/Misc-Fair-Crowds-scaled.jpg","width":2560,"height":1706,"caption":"Misc Fair Crowds"},{"@type":"BreadcrumbList","@id":"https:\/\/azstatefair.com\/arizona-state-fair-hours\/#breadcrumb","itemListElement":[{"@type":"ListItem","position":1,"name":"Home","item":"https:\/\/azstatefair.com\/"},{"@type":"ListItem","position":2,"name":"Arizona State Fair Hours"}]},{"@type":"WebSite","@id":"https:\/\/azstatefair.com\/#website","url":"https:\/\/azstatefair.com\/","name":"Feria estatal de AZ","description":"Feria y Exposici\u00f3n del Estado de Arizona","publisher":{"@id":"https:\/\/azstatefair.com\/#organization"},"alternateName":"AZ State Fair & Exposition","potentialAction":[{"@type":"SearchAction","target":{"@type":"EntryPoint","urlTemplate":"https:\/\/azstatefair.com\/?s={search_term_string}"},"query-input":{"@type":"PropertyValueSpecification","valueRequired":true,"valueName":"search_term_string"}}],"inLanguage":"es"},{"@type":"Organization","@id":"https:\/\/azstatefair.com\/#organization","name":"Feria estatal de Arizona","alternateName":"AZ State Fair","url":"https:\/\/azstatefair.com\/","logo":{"@type":"ImageObject","inLanguage":"es","@id":"https:\/\/azstatefair.com\/#\/schema\/logo\/image\/","url":"https:\/\/azstatefair.com\/wp-content\/uploads\/2024\/09\/AZ-State-Fair-featured-image.png","contentUrl":"https:\/\/azstatefair.com\/wp-content\/uploads\/2024\/09\/AZ-State-Fair-featured-image.png","width":1200,"height":630,"caption":"Arizona State Fair"},"image":{"@id":"https:\/\/azstatefair.com\/#\/schema\/logo\/image\/"},"sameAs":["https:\/\/www.facebook.com\/azstatefair","https:\/\/x.com\/azstatefair","https:\/\/www.instagram.com\/arizonastatefair","https:\/\/www.pinterest.com\/azstatefair","https:\/\/www.youtube.com\/arizonastatefair","https:\/\/www.snapchat.com\/add\/azstatefair"]}]}},"publishpress_future_action":{"enabled":false,"date":"2026-05-06 21:14:50","action":"change-status","newStatus":"draft","terms":[],"taxonomy":"page-category","extraData":[]},"publishpress_future_workflow_manual_trigger":{"enabledWorkflows":[]},"_links":{"self":[{"href":"https:\/\/azstatefair.com\/es\/wp-json\/wp\/v2\/pages\/2656","targetHints":{"allow":["GET"]}}],"collection":[{"href":"https:\/\/azstatefair.com\/es\/wp-json\/wp\/v2\/pages"}],"about":[{"href":"https:\/\/azstatefair.com\/es\/wp-json\/wp\/v2\/types\/page"}],"author":[{"embeddable":true,"href":"https:\/\/azstatefair.com\/es\/wp-json\/wp\/v2\/users\/1"}],"replies":[{"embeddable":true,"href":"https:\/\/azstatefair.com\/es\/wp-json\/wp\/v2\/comments?post=2656"}],"version-history":[{"count":0,"href":"https:\/\/azstatefair.com\/es\/wp-json\/wp\/v2\/pages\/2656\/revisions"}],"wp:featuredmedia":[{"embeddable":true,"href":"https:\/\/azstatefair.com\/es\/wp-json\/wp\/v2\/media\/20466"}],"wp:attachment":[{"href":"https:\/\/azstatefair.com\/es\/wp-json\/wp\/v2\/media?parent=2656"}],"curies":[{"name":"wp","href":"https:\/\/api.w.org\/{rel}","templated":true}]}}