{"id":2653,"date":"2022-07-18T11:50:12","date_gmt":"2022-07-18T18:50:12","guid":{"rendered":"https:\/\/azstatefair.vmgagencysites.com\/?page_id=2653"},"modified":"2026-03-05T10:13:21","modified_gmt":"2026-03-05T17:13:21","slug":"fair-fandom","status":"publish","type":"page","link":"https:\/\/azstatefair.com\/es\/fair-fandom\/","title":{"rendered":"Fandom justo"},"content":{"rendered":"<div class=\"wpb-content-wrapper\"><div class=\"vc_row wpb_row vc_custom_1772730783713 vc_row-has-fill\"><div class=\"container\"><div class=\"wpb_column vc_column_container vc_col-sm-12\"><div class=\"vc_column-inner \"><div class=\"wpb_wrapper\">\n\t<div class=\"wpb_text_column wpb_content_element  mb0\" >\n\t\t<div class=\"wpb_wrapper\">\n\t\t\t<h3 style=\"text-align: center;\">Join the Fair Fandom<\/h3>\n<p style=\"text-align: center;\">Be a part of the exclusive Fair Fandom and get in on the latest deals, newest attractions, and Fairgrounds fun all year long.<\/p>\n\n\t\t<\/div>\n\t<\/div>\n<\/div><\/div><\/div><\/div><\/div><div class=\"vc_row wpb_row hr-row vc_custom_1772730789434 vc_row-has-fill\"><div class=\"container\"><div class=\"wpb_column vc_column_container vc_col-sm-12\"><div class=\"vc_column-inner \"><div class=\"wpb_wrapper\">\n\t<div class=\"wpb_text_column wpb_content_element  mb0\" >\n\t\t<div class=\"wpb_wrapper\">\n\t\t\t<hr class=\"line purple\" \/>\n\n\t\t<\/div>\n\t<\/div>\n<\/div><\/div><\/div><\/div><\/div><div class=\"vc_row wpb_row vc_custom_1772730794813 vc_row-has-fill\"><div class=\"container\"><div class=\"vert-align-desktop wpb_column vc_column_container vc_col-sm-6\"><div class=\"vc_column-inner \"><div class=\"wpb_wrapper\">\n\t<div class=\"wpb_text_column wpb_content_element  mb0-desktop\" >\n\t\t<div class=\"wpb_wrapper\">\n\t\t\t<p><img loading=\"lazy\" decoding=\"async\" class=\"alignnone wp-image-3022\" src=\"https:\/\/azstatefair.com\/wp-content\/uploads\/2026\/02\/ASF26-App-Banners.png\" alt=\"ferrus wheel\" width=\"398\" height=\"438\" \/><\/p>\n\n\t\t<\/div>\n\t<\/div>\n<\/div><\/div><\/div><div class=\"vert-align-desktop wpb_column vc_column_container vc_col-sm-6\"><div class=\"vc_column-inner \"><div class=\"wpb_wrapper\">\n\t<div class=\"wpb_text_column wpb_content_element  mb0\" >\n\t\t<div class=\"wpb_wrapper\">\n\t\t\t<h3 style=\"text-align: left;\">Sign Up<\/h3>\n\n\t\t<\/div>\n\t<\/div>\n\n\t<div class=\"wpb_raw_code wpb_content_element wpb_raw_html mb0\" >\n\t\t<div class=\"wpb_wrapper\">\n\t\t\t<form class=\"hive-signup-form\" onsubmit=\"HIVE_SDK('submitSignupForm', this, onFormSubmitSuccess); return false;\">\n  <!-- START SIGNUP FORM THEME CSS -->\n  <!-- you can move this section to right before your <\/head> tag -->\n  <!-- you can also change, override, or remove this section to customize how your signup form looks -->\n\n  <style type=\"text\/css\">\n  .hive-signup-form-has-error {\n      border-color: #ff00008a !important;\n  }\n  @import url(\"https:\/\/cdnjs.cloudflare.com\/ajax\/libs\/normalize\/8.0.0\/normalize.css\");\n    .hive-signup-form label, .hive-signup-form input, .hive-signup-form button, .hive-signup-form span, .hive-signup-form .iti {\n      display: block;\n      width: 100%;\n    }\n    .hive-signup-form label {\n      margin-bottom: 8px;\n    }\n    .hive-signup-form input {\n      margin-bottom: 16px;\n      padding: 8px 10px;\n      border-radius: 3px;\n      border: 1px solid rgba(0, 0, 0, 0.2);\n      box-shadow: inset 0 1px rgba(0, 0, 0, 0.04);\n    }\n    .hive-signup-form input:focus{\n      border: 1px solid rgba(0, 0, 0, 0.65);\n      outline: none;\n    }\n    .hive-signup-form label input[type=checkbox] {\n      display: inline-block;\n      width: auto;\n      margin-right: 8px;\n    }\n    \/*.hive-signup-form button {\n      padding: 10px 24px;\n      border-radius: 3px;\n      background-color: rgba(0, 0, 0, 0.1);\n      cursor: pointer;\n    }*\/\n    .hive-signup-form span {\n      display: flex;\n      margin-bottom: 16px;\n    }\n    .hive-signup-form select {\n      padding: 8px;\n      width: 50%;\n      height: 36px;\n      background-color: white;\n      margin-left: 8px;\n      border-radius: 3px;\n      border: 1px solid rgba(0, 0, 0, 0.2);\n    }\n    .hive-signup-form select:first-child {\n      margin-left: 0px;\n    }\n  <\/style>\n  <!-- END SIGNUP FORM CSS -->\n\n  <!-- START SIGNUP FORM ID (REQUIRED) -->\n  <!-- do not remove this as this is used for reporting purposes -->\n  <input data-HIVE-FORM-FIELD=\"swid\" type=\"hidden\" value=\"3269\" \/>\n  <!-- END SIGNUP FORM ID -->\n  \n  <!-- START EMAIL -->\n  <label for=\"_HIVE-email-3269\">Email<\/label>\n  <input data-HIVE-FORM-FIELD=\"email\" id=\"_HIVE-email-3269\" name=\"email\" type=\"email\" placeholder=\"Enter an email...\" autocomplete=\"email\" required \/>\n  <!-- END EMAIL -->\n\n  <!-- START FIRST NAME -->\n  <label for=\"_HIVE-firstName-3269\">First Name<\/label>\n  <input data-HIVE-FORM-FIELD=\"firstName\" id=\"_HIVE-firstName-3269\" name=\"fname\" type=\"text\" placeholder=\"Enter a first name...\" autocomplete=\"given-name\" \/>\n  <!-- END FIRST NAME -->\n\n  <!-- START PHONE NUMBER -->\n  <label for=\"_HIVE-phoneNumber-3269\">Phone Number<\/label>\n  <input data-HIVE-FORM-FIELD=\"phoneNumber\" data-HIVE-INTL-PHONE-NUMBER=\"true\" id=\"_HIVE-phoneNumber-3269\" name=\"phone\" type=\"tel\" placeholder=\"Enter a phone number...\" autocomplete=\"tel\" \/>\n  <label for=\"didSmsOptIn\" class=\"hive-signup-form-sms-optin-toggle\">\n  <input data-HIVE-FORM-FIELD=\"didSmsOptIn\" id=\"didSmsOptIn\" type=\"checkbox\" \/>\n  I consent to receive automated marketing by text message\n  <\/label>\n  <!-- END PHONE NUMBER -->\n\n  <!-- START NON-TOGGLEABLE SEGMENT -->\n  <input data-HIVE-FORM-FIELD=\"addToSegment\" type=\"hidden\" value=\"Signup Form - Homepage\" \/>\n  <!-- END NON-TOGGLEABLE SEGMENT -->\n\n  <!-- START BOT DETECTION (RECOMMENDED) -->\n  <div style=\"position: absolute; left: -5000px;\" aria-hidden=\"true\">\n  <!-- real people should not fill this in - do not remove this or risk form bot signups -->\n  <input type=\"text\" data-HIVE-FORM-FIELD=\"areUReal\" tabindex=\"-1\" value=\"\">\n  <\/div>\n  <!-- END BOT DETECTION -->\n\n  <!-- START SUCCESS\/THANK YOU MESSAGE -->\n  <!-- this element will be shown when your form is sucessfully submitted -->\n  <div data-HIVE-FORM-FIELD=\"successMessage\" style=\"display: none\">\n  <h2>Thanks for joining our mailing list<\/h2>\n  <p>You've been successfully subscribed - thanks!<\/p>\n  <\/div>\n  <!-- END SUCCESS\/THANK YOU MESSAGE -->\n\n  <!-- START SUBMIT BUTTON (REQUIRED) -->\n  <button type=\"submit\" data-HIVE-FORM-FIELD=\"submitButton\">SUBSCRIBE<\/button>\n  <!-- END SUBMIT BUTTON -->\n\n  <!-- START SIGNUP FORM JAVASCRIPT (REQUIRED) -->\n  <!-- you can move this section to right before your <\/body> tag -->\n  <script type=\"text\/javascript\">\n  (function(h,i,v,e,s,d,k){h.HiveSDKObject=s;h[s]=h[s]||function(){(h[s].q=h[s].q||[]).push(arguments)},d=i.createElement(v),k=i.getElementsByTagName(v)[0];d.async=1;d.id=s;d.src=e+'?sef=1&r='+parseInt(new Date()\/60000);k.parentNode.insertBefore(d,k)})(window,document,'script','https:\/\/cdn-prod.hive.co\/static\/js\/sdk-loader.js','HIVE_SDK')\n  HIVE_SDK('init', 130293);\n\n  function onFormSubmitSuccess(){\n    \/\/ you can use this function to do things when users sucessfully submit your form\n    \/\/ don't delete this function without modifying the onsubmit action in the form above\n  }\n  <\/script>\n  <!-- END SIGNUP FORM JAVASCRIPT -->\n<\/form>\n\t\t<\/div>\n\t<\/div>\n<\/div><\/div><\/div><\/div><\/div><div class=\"vc_row wpb_row need-a-venue-row add-parallax no-overlay-black vc_custom_1676931352307 vc_row-has-fill\"><div class=\"container\"><div class=\"wpb_column vc_column_container vc_col-sm-3\"><div class=\"vc_column-inner \"><div class=\"wpb_wrapper\"><\/div><\/div><\/div><div class=\"wpb_column vc_column_container vc_col-sm-6\"><div class=\"vc_column-inner \"><div class=\"wpb_wrapper\">\n\t<div class=\"wpb_text_column wpb_content_element  mb0\" >\n\t\t<div class=\"wpb_wrapper\">\n\t\t\t<h1 class=\"light1\" style=\"text-align: center;\">Need a Venue?<\/h1>\n<h4 class=\"light1\" style=\"text-align: center;\">Book Your Event Or Speak To An Event Specialist At The Arizona Exposition And State Fair<\/h4>\n<p style=\"text-align: center;\"><a class=\"btn-bt default\" href=\"\/venue-rental\">LEARN MORE<\/a><\/p>\n\n\t\t<\/div>\n\t<\/div>\n<\/div><\/div><\/div><div class=\"wpb_column vc_column_container vc_col-sm-3\"><div class=\"vc_column-inner \"><div class=\"wpb_wrapper\"><\/div><\/div><\/div><\/div><\/div>\n<\/div>","protected":false},"excerpt":{"rendered":"\u00danete al Fandom de la Feria Forma parte del exclusivo Fandom de la Feria y ent\u00e9rate de las \u00faltimas ofertas, las atracciones m\u00e1s nuevas y la diversi\u00f3n del recinto ferial durante todo el a\u00f1o. Reg\u00edstrate Email... <a class=\"more-link\" href=\"https:\/\/azstatefair.com\/es\/fair-fandom\/\">Seguir leyendo <span class=\"screen-reader-text\">Fandom justo<\/span><\/a>","protected":false},"author":1,"featured_media":23579,"parent":0,"menu_order":0,"comment_status":"closed","ping_status":"closed","template":"","meta":{"_acf_changed":false,"h5ap_radio_sources":[],"footnotes":""},"class_list":["post-2653","page","type-page","status-publish","has-post-thumbnail","entry"],"acf":[],"yoast_head":"<!-- This site is optimized with the Yoast SEO plugin v27.5 - https:\/\/yoast.com\/product\/yoast-seo-wordpress\/ -->\n<title>Arizona State Fair Fair Fandom | Arizona State Fair<\/title>\n<meta name=\"description\" content=\"It\u2019s FREE and easy to be a part of the Arizona State Fair Fan Club! Sign up to get in on deals, newest attractions, and events all year long.\" \/>\n<meta name=\"robots\" content=\"index, follow, max-snippet:-1, max-image-preview:large, max-video-preview:-1\" \/>\n<link rel=\"canonical\" href=\"https:\/\/azstatefair.com\/es\/fair-fandom\/\" \/>\n<meta property=\"og:locale\" content=\"es_MX\" \/>\n<meta property=\"og:type\" content=\"article\" \/>\n<meta property=\"og:title\" content=\"Arizona State Fair Fair Fandom | Arizona State Fair\" \/>\n<meta property=\"og:description\" content=\"It\u2019s FREE and easy to be a part of the Arizona State Fair Fan Club! Sign up to get in on deals, newest attractions, and events all year long.\" \/>\n<meta property=\"og:url\" content=\"https:\/\/azstatefair.com\/es\/fair-fandom\/\" \/>\n<meta property=\"og:site_name\" content=\"AZ State Fair\" \/>\n<meta property=\"article:publisher\" content=\"https:\/\/www.facebook.com\/azstatefair\" \/>\n<meta property=\"article:modified_time\" content=\"2026-03-05T17:13:21+00:00\" \/>\n<meta property=\"og:image\" content=\"https:\/\/azstatefair.com\/wp-content\/uploads\/2025\/04\/Big-Top-Swinger-2-1-scaled-e1743797621538.jpg\" \/>\n\t<meta property=\"og:image:width\" content=\"2560\" \/>\n\t<meta property=\"og:image:height\" content=\"1562\" \/>\n\t<meta property=\"og:image:type\" content=\"image\/jpeg\" \/>\n<meta name=\"twitter:card\" content=\"summary_large_image\" \/>\n<meta name=\"twitter:site\" content=\"@azstatefair\" \/>\n<script type=\"application\/ld+json\" class=\"yoast-schema-graph\">{\"@context\":\"https:\\\/\\\/schema.org\",\"@graph\":[{\"@type\":\"WebPage\",\"@id\":\"https:\\\/\\\/azstatefair.com\\\/fair-fandom\\\/\",\"url\":\"https:\\\/\\\/azstatefair.com\\\/fair-fandom\\\/\",\"name\":\"Arizona State Fair Fair Fandom | Arizona State Fair\",\"isPartOf\":{\"@id\":\"https:\\\/\\\/azstatefair.com\\\/#website\"},\"primaryImageOfPage\":{\"@id\":\"https:\\\/\\\/azstatefair.com\\\/fair-fandom\\\/#primaryimage\"},\"image\":{\"@id\":\"https:\\\/\\\/azstatefair.com\\\/fair-fandom\\\/#primaryimage\"},\"thumbnailUrl\":\"https:\\\/\\\/azstatefair.com\\\/wp-content\\\/uploads\\\/2025\\\/04\\\/Big-Top-Swinger-2-1-scaled-e1743797621538.jpg\",\"datePublished\":\"2022-07-18T18:50:12+00:00\",\"dateModified\":\"2026-03-05T17:13:21+00:00\",\"description\":\"It\u2019s FREE and easy to be a part of the Arizona State Fair Fan Club! Sign up to get in on deals, newest attractions, and events all year long.\",\"breadcrumb\":{\"@id\":\"https:\\\/\\\/azstatefair.com\\\/fair-fandom\\\/#breadcrumb\"},\"inLanguage\":\"es\",\"potentialAction\":[{\"@type\":\"ReadAction\",\"target\":[\"https:\\\/\\\/azstatefair.com\\\/fair-fandom\\\/\"]}]},{\"@type\":\"ImageObject\",\"inLanguage\":\"es\",\"@id\":\"https:\\\/\\\/azstatefair.com\\\/fair-fandom\\\/#primaryimage\",\"url\":\"https:\\\/\\\/azstatefair.com\\\/wp-content\\\/uploads\\\/2025\\\/04\\\/Big-Top-Swinger-2-1-scaled-e1743797621538.jpg\",\"contentUrl\":\"https:\\\/\\\/azstatefair.com\\\/wp-content\\\/uploads\\\/2025\\\/04\\\/Big-Top-Swinger-2-1-scaled-e1743797621538.jpg\",\"width\":2560,\"height\":1562,\"caption\":\"Big Top Swinger 2 (1)\"},{\"@type\":\"BreadcrumbList\",\"@id\":\"https:\\\/\\\/azstatefair.com\\\/fair-fandom\\\/#breadcrumb\",\"itemListElement\":[{\"@type\":\"ListItem\",\"position\":1,\"name\":\"Home\",\"item\":\"https:\\\/\\\/azstatefair.com\\\/\"},{\"@type\":\"ListItem\",\"position\":2,\"name\":\"Fair Fandom\"}]},{\"@type\":\"WebSite\",\"@id\":\"https:\\\/\\\/azstatefair.com\\\/#website\",\"url\":\"https:\\\/\\\/azstatefair.com\\\/\",\"name\":\"AZ State Fair\",\"description\":\"Arizona State Fair &amp; Exposition\",\"publisher\":{\"@id\":\"https:\\\/\\\/azstatefair.com\\\/#organization\"},\"alternateName\":\"AZ State Fair & Exposition\",\"potentialAction\":[{\"@type\":\"SearchAction\",\"target\":{\"@type\":\"EntryPoint\",\"urlTemplate\":\"https:\\\/\\\/azstatefair.com\\\/?s={search_term_string}\"},\"query-input\":{\"@type\":\"PropertyValueSpecification\",\"valueRequired\":true,\"valueName\":\"search_term_string\"}}],\"inLanguage\":\"es\"},{\"@type\":\"Organization\",\"@id\":\"https:\\\/\\\/azstatefair.com\\\/#organization\",\"name\":\"Arizona State Fair\",\"alternateName\":\"AZ State Fair\",\"url\":\"https:\\\/\\\/azstatefair.com\\\/\",\"logo\":{\"@type\":\"ImageObject\",\"inLanguage\":\"es\",\"@id\":\"https:\\\/\\\/azstatefair.com\\\/#\\\/schema\\\/logo\\\/image\\\/\",\"url\":\"https:\\\/\\\/azstatefair.com\\\/wp-content\\\/uploads\\\/2024\\\/09\\\/AZ-State-Fair-featured-image.png\",\"contentUrl\":\"https:\\\/\\\/azstatefair.com\\\/wp-content\\\/uploads\\\/2024\\\/09\\\/AZ-State-Fair-featured-image.png\",\"width\":1200,\"height\":630,\"caption\":\"Arizona State Fair\"},\"image\":{\"@id\":\"https:\\\/\\\/azstatefair.com\\\/#\\\/schema\\\/logo\\\/image\\\/\"},\"sameAs\":[\"https:\\\/\\\/www.facebook.com\\\/azstatefair\",\"https:\\\/\\\/x.com\\\/azstatefair\",\"https:\\\/\\\/www.instagram.com\\\/arizonastatefair\",\"https:\\\/\\\/www.pinterest.com\\\/azstatefair\",\"https:\\\/\\\/www.youtube.com\\\/arizonastatefair\",\"https:\\\/\\\/www.snapchat.com\\\/add\\\/azstatefair\"]}]}<\/script>\n<!-- \/ Yoast SEO plugin. -->","yoast_head_json":{"title":"Arizona State Fair Fandom | Feria del Estado de Arizona","description":"Formar parte del Club de Fans de la Feria Estatal de Arizona es f\u00e1cil y GRATUITO. Inscr\u00edbete para recibir ofertas, las atracciones m\u00e1s nuevas y eventos durante todo el a\u00f1o.","robots":{"index":"index","follow":"follow","max-snippet":"max-snippet:-1","max-image-preview":"max-image-preview:large","max-video-preview":"max-video-preview:-1"},"canonical":"https:\/\/azstatefair.com\/es\/fair-fandom\/","og_locale":"es_MX","og_type":"article","og_title":"Arizona State Fair Fair Fandom | Arizona State Fair","og_description":"It\u2019s FREE and easy to be a part of the Arizona State Fair Fan Club! Sign up to get in on deals, newest attractions, and events all year long.","og_url":"https:\/\/azstatefair.com\/es\/fair-fandom\/","og_site_name":"AZ State Fair","article_publisher":"https:\/\/www.facebook.com\/azstatefair","article_modified_time":"2026-03-05T17:13:21+00:00","og_image":[{"width":2560,"height":1562,"url":"https:\/\/azstatefair.com\/wp-content\/uploads\/2025\/04\/Big-Top-Swinger-2-1-scaled-e1743797621538.jpg","type":"image\/jpeg"}],"twitter_card":"summary_large_image","twitter_site":"@azstatefair","schema":{"@context":"https:\/\/schema.org","@graph":[{"@type":"WebPage","@id":"https:\/\/azstatefair.com\/fair-fandom\/","url":"https:\/\/azstatefair.com\/fair-fandom\/","name":"Arizona State Fair Fandom | Feria del Estado de Arizona","isPartOf":{"@id":"https:\/\/azstatefair.com\/#website"},"primaryImageOfPage":{"@id":"https:\/\/azstatefair.com\/fair-fandom\/#primaryimage"},"image":{"@id":"https:\/\/azstatefair.com\/fair-fandom\/#primaryimage"},"thumbnailUrl":"https:\/\/azstatefair.com\/wp-content\/uploads\/2025\/04\/Big-Top-Swinger-2-1-scaled-e1743797621538.jpg","datePublished":"2022-07-18T18:50:12+00:00","dateModified":"2026-03-05T17:13:21+00:00","description":"Formar parte del Club de Fans de la Feria Estatal de Arizona es f\u00e1cil y GRATUITO. Inscr\u00edbete para recibir ofertas, las atracciones m\u00e1s nuevas y eventos durante todo el a\u00f1o.","breadcrumb":{"@id":"https:\/\/azstatefair.com\/fair-fandom\/#breadcrumb"},"inLanguage":"es","potentialAction":[{"@type":"ReadAction","target":["https:\/\/azstatefair.com\/fair-fandom\/"]}]},{"@type":"ImageObject","inLanguage":"es","@id":"https:\/\/azstatefair.com\/fair-fandom\/#primaryimage","url":"https:\/\/azstatefair.com\/wp-content\/uploads\/2025\/04\/Big-Top-Swinger-2-1-scaled-e1743797621538.jpg","contentUrl":"https:\/\/azstatefair.com\/wp-content\/uploads\/2025\/04\/Big-Top-Swinger-2-1-scaled-e1743797621538.jpg","width":2560,"height":1562,"caption":"Big Top Swinger 2 (1)"},{"@type":"BreadcrumbList","@id":"https:\/\/azstatefair.com\/fair-fandom\/#breadcrumb","itemListElement":[{"@type":"ListItem","position":1,"name":"Home","item":"https:\/\/azstatefair.com\/"},{"@type":"ListItem","position":2,"name":"Fair Fandom"}]},{"@type":"WebSite","@id":"https:\/\/azstatefair.com\/#website","url":"https:\/\/azstatefair.com\/","name":"Feria estatal de AZ","description":"Feria y Exposici\u00f3n del Estado de Arizona","publisher":{"@id":"https:\/\/azstatefair.com\/#organization"},"alternateName":"AZ State Fair & Exposition","potentialAction":[{"@type":"SearchAction","target":{"@type":"EntryPoint","urlTemplate":"https:\/\/azstatefair.com\/?s={search_term_string}"},"query-input":{"@type":"PropertyValueSpecification","valueRequired":true,"valueName":"search_term_string"}}],"inLanguage":"es"},{"@type":"Organization","@id":"https:\/\/azstatefair.com\/#organization","name":"Feria estatal de Arizona","alternateName":"AZ State Fair","url":"https:\/\/azstatefair.com\/","logo":{"@type":"ImageObject","inLanguage":"es","@id":"https:\/\/azstatefair.com\/#\/schema\/logo\/image\/","url":"https:\/\/azstatefair.com\/wp-content\/uploads\/2024\/09\/AZ-State-Fair-featured-image.png","contentUrl":"https:\/\/azstatefair.com\/wp-content\/uploads\/2024\/09\/AZ-State-Fair-featured-image.png","width":1200,"height":630,"caption":"Arizona State Fair"},"image":{"@id":"https:\/\/azstatefair.com\/#\/schema\/logo\/image\/"},"sameAs":["https:\/\/www.facebook.com\/azstatefair","https:\/\/x.com\/azstatefair","https:\/\/www.instagram.com\/arizonastatefair","https:\/\/www.pinterest.com\/azstatefair","https:\/\/www.youtube.com\/arizonastatefair","https:\/\/www.snapchat.com\/add\/azstatefair"]}]}},"publishpress_future_action":{"enabled":false,"date":"2026-05-11 03:46:30","action":"change-status","newStatus":"draft","terms":[],"taxonomy":"page-category","extraData":[]},"publishpress_future_workflow_manual_trigger":{"enabledWorkflows":[]},"_links":{"self":[{"href":"https:\/\/azstatefair.com\/es\/wp-json\/wp\/v2\/pages\/2653","targetHints":{"allow":["GET"]}}],"collection":[{"href":"https:\/\/azstatefair.com\/es\/wp-json\/wp\/v2\/pages"}],"about":[{"href":"https:\/\/azstatefair.com\/es\/wp-json\/wp\/v2\/types\/page"}],"author":[{"embeddable":true,"href":"https:\/\/azstatefair.com\/es\/wp-json\/wp\/v2\/users\/1"}],"replies":[{"embeddable":true,"href":"https:\/\/azstatefair.com\/es\/wp-json\/wp\/v2\/comments?post=2653"}],"version-history":[{"count":0,"href":"https:\/\/azstatefair.com\/es\/wp-json\/wp\/v2\/pages\/2653\/revisions"}],"wp:featuredmedia":[{"embeddable":true,"href":"https:\/\/azstatefair.com\/es\/wp-json\/wp\/v2\/media\/23579"}],"wp:attachment":[{"href":"https:\/\/azstatefair.com\/es\/wp-json\/wp\/v2\/media?parent=2653"}],"curies":[{"name":"wp","href":"https:\/\/api.w.org\/{rel}","templated":true}]}}