{"id":2605,"date":"2022-07-15T12:15:53","date_gmt":"2022-07-15T19:15:53","guid":{"rendered":"https:\/\/azstatefair.vmgagencysites.com\/?page_id=2605"},"modified":"2026-03-05T10:17:16","modified_gmt":"2026-03-05T17:17:16","slug":"vendors","status":"publish","type":"page","link":"https:\/\/azstatefair.com\/es\/vendors\/","title":{"rendered":"Vendedores"},"content":{"rendered":"<div class=\"wpb-content-wrapper\"><div class=\"vc_row wpb_row vc_custom_1772731028147 vc_row-has-fill\"><div class=\"container\"><div class=\"vert-align-desktop wpb_column vc_column_container vc_col-sm-6\"><div class=\"vc_column-inner\"><div class=\"wpb_wrapper\">\n\t<div class=\"wpb_text_column wpb_content_element  mb0-desktop\" >\n\t\t<div class=\"wpb_wrapper\">\n\t\t\t<p><img loading=\"lazy\" decoding=\"async\" class=\"aligncenter size-full wp-image-19009\" style=\"border-radius: 5%;\" src=\"\/wp-content\/uploads\/2022\/11\/vendors-image.jpg\" alt=\"fairgoer looking at store products\" width=\"800\" height=\"520\" \/><\/p>\n\n\t\t<\/div>\n\t<\/div>\n<\/div><\/div><\/div><div class=\"vert-align-desktop wpb_column vc_column_container vc_col-sm-6\"><div class=\"vc_column-inner\"><div class=\"wpb_wrapper\">\n\t<div class=\"wpb_text_column wpb_content_element  mb0\" >\n\t\t<div class=\"wpb_wrapper\">\n\t\t\t<h3 style=\"text-align: left;\">Oportunidad de ser proveedor<\/h3>\n<p style=\"text-align: left;\"><strong>Compras y alimentaci\u00f3n <\/strong><\/p>\n<p style=\"text-align: left;\">Con m\u00e1s de un mill\u00f3n de visitantes durante sus 23 d\u00edas de duraci\u00f3n, la Feria Estatal de Arizona es el evento definitivo para dar a conocer su negocio.<\/p>\n<p><!-- We are so pleased you are interested in participating as a vendor at the 2025 Arizona State Fair! Links for applications for Food and Non-Food vendors are below. -->Si tiene alguna pregunta, ll\u00e1menos al <a href=\"tel:602-252-6771\">602-257-7110<\/a>\u00a0o env\u00edenos un correo electr\u00f3nico directamente a\u00a0<a href=\"mailto:commercialsales@azstatefair.com\">commercialsales@azstatefair.com<\/a>.<\/p>\n<p><strong>Las solicitudes para convertirse en proveedor a\u00fan no est\u00e1n abiertas. Vuelva pronto para ver las actualizaciones.<\/strong><\/p>\n\n\t\t<\/div>\n\t<\/div>\n<\/div><\/div><\/div><\/div><\/div><div class=\"vc_row wpb_row need-a-venue-row add-parallax no-overlay-black vc_custom_1676931352307 vc_row-has-fill\"><div class=\"container\"><div class=\"wpb_column vc_column_container vc_col-sm-3\"><div class=\"vc_column-inner\"><div class=\"wpb_wrapper\"><\/div><\/div><\/div><div class=\"wpb_column vc_column_container vc_col-sm-6\"><div class=\"vc_column-inner\"><div class=\"wpb_wrapper\">\n\t<div class=\"wpb_text_column wpb_content_element  mb0\" >\n\t\t<div class=\"wpb_wrapper\">\n\t\t\t<h2 class=\"light1\" style=\"text-align: center;\">\u00danete al Fandom de la Feria<\/h2>\n<h4 class=\"light1\" style=\"text-align: center;\">Forme parte del exclusivo Fandom de la Feria y participe en las \u00faltimas ofertas, las atracciones m\u00e1s novedosas y la diversi\u00f3n del recinto ferial durante todo el a\u00f1o.<\/h4>\n<p style=\"text-align: center;\"><a class=\"btn-bt default\" href=\"https:\/\/azstatefair.com\/es\/fair-fandom\/\">INSCR\u00cdBETE HOY MISMO<\/a><\/p>\n\n\t\t<\/div>\n\t<\/div>\n<\/div><\/div><\/div><div class=\"wpb_column vc_column_container vc_col-sm-3\"><div class=\"vc_column-inner\"><div class=\"wpb_wrapper\"><\/div><\/div><\/div><\/div><\/div>\n<\/div>","protected":false},"excerpt":{"rendered":"Oportunidad de ser proveedor Compras y comida Con m\u00e1s de un mill\u00f3n de visitantes durante sus 23 d\u00edas de duraci\u00f3n, la Feria Estatal de Arizona es el evento definitivo para mostrar su... <a class=\"more-link\" href=\"https:\/\/azstatefair.com\/es\/vendors\/\">Seguir leyendo <span class=\"screen-reader-text\">Vendedores<\/span><\/a>","protected":false},"author":1,"featured_media":19060,"parent":0,"menu_order":0,"comment_status":"closed","ping_status":"closed","template":"","meta":{"_acf_changed":false,"h5ap_radio_sources":[],"footnotes":""},"class_list":["post-2605","page","type-page","status-publish","has-post-thumbnail","entry"],"acf":[],"yoast_head":"<!-- This site is optimized with the Yoast SEO plugin v27.4 - https:\/\/yoast.com\/product\/yoast-seo-wordpress\/ -->\n<title>2026 Arizona State Fair Vendors | Arizona State Fair<\/title>\n<meta name=\"description\" content=\"Click here to learn about being a vendor at this year&#039;s Arizona State Fair. There are opportunities to be a shopping or food vendor.\" \/>\n<meta name=\"robots\" content=\"index, follow, max-snippet:-1, max-image-preview:large, max-video-preview:-1\" \/>\n<link rel=\"canonical\" href=\"https:\/\/azstatefair.com\/es\/vendors\/\" \/>\n<meta property=\"og:locale\" content=\"es_MX\" \/>\n<meta property=\"og:type\" content=\"article\" \/>\n<meta property=\"og:title\" content=\"2026 Arizona State Fair Vendors | Arizona State Fair\" \/>\n<meta property=\"og:description\" content=\"Click here to learn about being a vendor at this year&#039;s Arizona State Fair. There are opportunities to be a shopping or food vendor.\" \/>\n<meta property=\"og:url\" content=\"https:\/\/azstatefair.com\/es\/vendors\/\" \/>\n<meta property=\"og:site_name\" content=\"AZ State Fair\" \/>\n<meta property=\"article:publisher\" content=\"https:\/\/www.facebook.com\/azstatefair\" \/>\n<meta property=\"article:modified_time\" content=\"2026-03-05T17:17:16+00:00\" \/>\n<meta property=\"og:image\" content=\"https:\/\/azstatefair.com\/wp-content\/uploads\/2023\/03\/feat-vendors-image.jpg\" \/>\n\t<meta property=\"og:image:width\" content=\"540\" \/>\n\t<meta property=\"og:image:height\" content=\"371\" \/>\n\t<meta property=\"og:image:type\" content=\"image\/jpeg\" \/>\n<meta name=\"twitter:card\" content=\"summary_large_image\" \/>\n<meta name=\"twitter:site\" content=\"@azstatefair\" \/>\n<script type=\"application\/ld+json\" class=\"yoast-schema-graph\">{\"@context\":\"https:\\\/\\\/schema.org\",\"@graph\":[{\"@type\":\"WebPage\",\"@id\":\"https:\\\/\\\/azstatefair.com\\\/vendors\\\/\",\"url\":\"https:\\\/\\\/azstatefair.com\\\/vendors\\\/\",\"name\":\"2026 Arizona State Fair Vendors | Arizona State Fair\",\"isPartOf\":{\"@id\":\"https:\\\/\\\/azstatefair.com\\\/#website\"},\"primaryImageOfPage\":{\"@id\":\"https:\\\/\\\/azstatefair.com\\\/vendors\\\/#primaryimage\"},\"image\":{\"@id\":\"https:\\\/\\\/azstatefair.com\\\/vendors\\\/#primaryimage\"},\"thumbnailUrl\":\"https:\\\/\\\/azstatefair.com\\\/wp-content\\\/uploads\\\/2023\\\/03\\\/feat-vendors-image.jpg\",\"datePublished\":\"2022-07-15T19:15:53+00:00\",\"dateModified\":\"2026-03-05T17:17:16+00:00\",\"description\":\"Click here to learn about being a vendor at this year's Arizona State Fair. There are opportunities to be a shopping or food vendor.\",\"breadcrumb\":{\"@id\":\"https:\\\/\\\/azstatefair.com\\\/vendors\\\/#breadcrumb\"},\"inLanguage\":\"es\",\"potentialAction\":[{\"@type\":\"ReadAction\",\"target\":[\"https:\\\/\\\/azstatefair.com\\\/vendors\\\/\"]}]},{\"@type\":\"ImageObject\",\"inLanguage\":\"es\",\"@id\":\"https:\\\/\\\/azstatefair.com\\\/vendors\\\/#primaryimage\",\"url\":\"https:\\\/\\\/azstatefair.com\\\/wp-content\\\/uploads\\\/2023\\\/03\\\/feat-vendors-image.jpg\",\"contentUrl\":\"https:\\\/\\\/azstatefair.com\\\/wp-content\\\/uploads\\\/2023\\\/03\\\/feat-vendors-image.jpg\",\"width\":540,\"height\":371,\"caption\":\"feat vendors image\"},{\"@type\":\"BreadcrumbList\",\"@id\":\"https:\\\/\\\/azstatefair.com\\\/vendors\\\/#breadcrumb\",\"itemListElement\":[{\"@type\":\"ListItem\",\"position\":1,\"name\":\"Home\",\"item\":\"https:\\\/\\\/azstatefair.com\\\/\"},{\"@type\":\"ListItem\",\"position\":2,\"name\":\"Vendors\"}]},{\"@type\":\"WebSite\",\"@id\":\"https:\\\/\\\/azstatefair.com\\\/#website\",\"url\":\"https:\\\/\\\/azstatefair.com\\\/\",\"name\":\"AZ State Fair\",\"description\":\"Arizona State Fair &amp; Exposition\",\"publisher\":{\"@id\":\"https:\\\/\\\/azstatefair.com\\\/#organization\"},\"alternateName\":\"AZ State Fair & Exposition\",\"potentialAction\":[{\"@type\":\"SearchAction\",\"target\":{\"@type\":\"EntryPoint\",\"urlTemplate\":\"https:\\\/\\\/azstatefair.com\\\/?s={search_term_string}\"},\"query-input\":{\"@type\":\"PropertyValueSpecification\",\"valueRequired\":true,\"valueName\":\"search_term_string\"}}],\"inLanguage\":\"es\"},{\"@type\":\"Organization\",\"@id\":\"https:\\\/\\\/azstatefair.com\\\/#organization\",\"name\":\"Arizona State Fair\",\"alternateName\":\"AZ State Fair\",\"url\":\"https:\\\/\\\/azstatefair.com\\\/\",\"logo\":{\"@type\":\"ImageObject\",\"inLanguage\":\"es\",\"@id\":\"https:\\\/\\\/azstatefair.com\\\/#\\\/schema\\\/logo\\\/image\\\/\",\"url\":\"https:\\\/\\\/azstatefair.com\\\/wp-content\\\/uploads\\\/2024\\\/09\\\/AZ-State-Fair-featured-image.png\",\"contentUrl\":\"https:\\\/\\\/azstatefair.com\\\/wp-content\\\/uploads\\\/2024\\\/09\\\/AZ-State-Fair-featured-image.png\",\"width\":1200,\"height\":630,\"caption\":\"Arizona State Fair\"},\"image\":{\"@id\":\"https:\\\/\\\/azstatefair.com\\\/#\\\/schema\\\/logo\\\/image\\\/\"},\"sameAs\":[\"https:\\\/\\\/www.facebook.com\\\/azstatefair\",\"https:\\\/\\\/x.com\\\/azstatefair\",\"https:\\\/\\\/www.instagram.com\\\/arizonastatefair\",\"https:\\\/\\\/www.pinterest.com\\\/azstatefair\",\"https:\\\/\\\/www.youtube.com\\\/arizonastatefair\",\"https:\\\/\\\/www.snapchat.com\\\/add\\\/azstatefair\"]}]}<\/script>\n<!-- \/ Yoast SEO plugin. -->","yoast_head_json":{"title":"Vendedores de la Feria Estatal de Arizona 2026 | Feria Estatal de Arizona","description":"Haga clic aqu\u00ed para obtener informaci\u00f3n sobre c\u00f3mo ser vendedor en la Feria Estatal de Arizona de este a\u00f1o. Hay oportunidades para ser un vendedor de compras o de alimentos.","robots":{"index":"index","follow":"follow","max-snippet":"max-snippet:-1","max-image-preview":"max-image-preview:large","max-video-preview":"max-video-preview:-1"},"canonical":"https:\/\/azstatefair.com\/es\/vendors\/","og_locale":"es_MX","og_type":"article","og_title":"2026 Arizona State Fair Vendors | Arizona State Fair","og_description":"Click here to learn about being a vendor at this year's Arizona State Fair. There are opportunities to be a shopping or food vendor.","og_url":"https:\/\/azstatefair.com\/es\/vendors\/","og_site_name":"AZ State Fair","article_publisher":"https:\/\/www.facebook.com\/azstatefair","article_modified_time":"2026-03-05T17:17:16+00:00","og_image":[{"width":540,"height":371,"url":"https:\/\/azstatefair.com\/wp-content\/uploads\/2023\/03\/feat-vendors-image.jpg","type":"image\/jpeg"}],"twitter_card":"summary_large_image","twitter_site":"@azstatefair","schema":{"@context":"https:\/\/schema.org","@graph":[{"@type":"WebPage","@id":"https:\/\/azstatefair.com\/vendors\/","url":"https:\/\/azstatefair.com\/vendors\/","name":"Vendedores de la Feria Estatal de Arizona 2026 | Feria Estatal de Arizona","isPartOf":{"@id":"https:\/\/azstatefair.com\/#website"},"primaryImageOfPage":{"@id":"https:\/\/azstatefair.com\/vendors\/#primaryimage"},"image":{"@id":"https:\/\/azstatefair.com\/vendors\/#primaryimage"},"thumbnailUrl":"https:\/\/azstatefair.com\/wp-content\/uploads\/2023\/03\/feat-vendors-image.jpg","datePublished":"2022-07-15T19:15:53+00:00","dateModified":"2026-03-05T17:17:16+00:00","description":"Haga clic aqu\u00ed para obtener informaci\u00f3n sobre c\u00f3mo ser vendedor en la Feria Estatal de Arizona de este a\u00f1o. Hay oportunidades para ser un vendedor de compras o de alimentos.","breadcrumb":{"@id":"https:\/\/azstatefair.com\/vendors\/#breadcrumb"},"inLanguage":"es","potentialAction":[{"@type":"ReadAction","target":["https:\/\/azstatefair.com\/vendors\/"]}]},{"@type":"ImageObject","inLanguage":"es","@id":"https:\/\/azstatefair.com\/vendors\/#primaryimage","url":"https:\/\/azstatefair.com\/wp-content\/uploads\/2023\/03\/feat-vendors-image.jpg","contentUrl":"https:\/\/azstatefair.com\/wp-content\/uploads\/2023\/03\/feat-vendors-image.jpg","width":540,"height":371,"caption":"feat vendors image"},{"@type":"BreadcrumbList","@id":"https:\/\/azstatefair.com\/vendors\/#breadcrumb","itemListElement":[{"@type":"ListItem","position":1,"name":"Home","item":"https:\/\/azstatefair.com\/"},{"@type":"ListItem","position":2,"name":"Vendors"}]},{"@type":"WebSite","@id":"https:\/\/azstatefair.com\/#website","url":"https:\/\/azstatefair.com\/","name":"Feria estatal de AZ","description":"Feria y Exposici\u00f3n del Estado de Arizona","publisher":{"@id":"https:\/\/azstatefair.com\/#organization"},"alternateName":"AZ State Fair & Exposition","potentialAction":[{"@type":"SearchAction","target":{"@type":"EntryPoint","urlTemplate":"https:\/\/azstatefair.com\/?s={search_term_string}"},"query-input":{"@type":"PropertyValueSpecification","valueRequired":true,"valueName":"search_term_string"}}],"inLanguage":"es"},{"@type":"Organization","@id":"https:\/\/azstatefair.com\/#organization","name":"Feria estatal de Arizona","alternateName":"AZ State Fair","url":"https:\/\/azstatefair.com\/","logo":{"@type":"ImageObject","inLanguage":"es","@id":"https:\/\/azstatefair.com\/#\/schema\/logo\/image\/","url":"https:\/\/azstatefair.com\/wp-content\/uploads\/2024\/09\/AZ-State-Fair-featured-image.png","contentUrl":"https:\/\/azstatefair.com\/wp-content\/uploads\/2024\/09\/AZ-State-Fair-featured-image.png","width":1200,"height":630,"caption":"Arizona State Fair"},"image":{"@id":"https:\/\/azstatefair.com\/#\/schema\/logo\/image\/"},"sameAs":["https:\/\/www.facebook.com\/azstatefair","https:\/\/x.com\/azstatefair","https:\/\/www.instagram.com\/arizonastatefair","https:\/\/www.pinterest.com\/azstatefair","https:\/\/www.youtube.com\/arizonastatefair","https:\/\/www.snapchat.com\/add\/azstatefair"]}]}},"publishpress_future_action":{"enabled":false,"date":"2026-05-04 02:21:39","action":"change-status","newStatus":"draft","terms":[],"taxonomy":"page-category","extraData":[]},"publishpress_future_workflow_manual_trigger":{"enabledWorkflows":[]},"_links":{"self":[{"href":"https:\/\/azstatefair.com\/es\/wp-json\/wp\/v2\/pages\/2605","targetHints":{"allow":["GET"]}}],"collection":[{"href":"https:\/\/azstatefair.com\/es\/wp-json\/wp\/v2\/pages"}],"about":[{"href":"https:\/\/azstatefair.com\/es\/wp-json\/wp\/v2\/types\/page"}],"author":[{"embeddable":true,"href":"https:\/\/azstatefair.com\/es\/wp-json\/wp\/v2\/users\/1"}],"replies":[{"embeddable":true,"href":"https:\/\/azstatefair.com\/es\/wp-json\/wp\/v2\/comments?post=2605"}],"version-history":[{"count":0,"href":"https:\/\/azstatefair.com\/es\/wp-json\/wp\/v2\/pages\/2605\/revisions"}],"wp:featuredmedia":[{"embeddable":true,"href":"https:\/\/azstatefair.com\/es\/wp-json\/wp\/v2\/media\/19060"}],"wp:attachment":[{"href":"https:\/\/azstatefair.com\/es\/wp-json\/wp\/v2\/media?parent=2605"}],"curies":[{"name":"wp","href":"https:\/\/api.w.org\/{rel}","templated":true}]}}