{"id":2599,"date":"2022-07-15T12:13:01","date_gmt":"2022-07-15T19:13:01","guid":{"rendered":"https:\/\/azstatefair.vmgagencysites.com\/?page_id=2599"},"modified":"2026-03-26T14:54:44","modified_gmt":"2026-03-26T21:54:44","slug":"jobs-internships","status":"publish","type":"page","link":"https:\/\/azstatefair.com\/es\/jobs-internships\/","title":{"rendered":"\u00danete a nuestra tripulaci\u00f3n"},"content":{"rendered":"<div class=\"wpb-content-wrapper\"><div class=\"vc_row wpb_row hr-row\"><div class=\"container\"><div class=\"wpb_column vc_column_container vc_col-sm-12\"><div class=\"vc_column-inner\"><div class=\"wpb_wrapper\">\n\t<div class=\"wpb_text_column wpb_content_element  mb0\" >\n\t\t<div class=\"wpb_wrapper\">\n\t\t\t<h2 style=\"text-align: center;\">Puestos de temporada<\/h2>\n\n\t\t<\/div>\n\t<\/div>\n\n\t<div class=\"wpb_text_column wpb_content_element  vc_custom_1745350440384 mb0\" >\n\t\t<div class=\"wpb_wrapper\">\n\t\t\t<hr class=\"line purple\" \/>\n\n\t\t<\/div>\n\t<\/div>\n\n\t<div class=\"wpb_text_column wpb_content_element  mb0\" >\n\t\t<div class=\"wpb_wrapper\">\n\t\t\t<h4 style=\"text-align: center;\">Pr\u00e1cticas de dise\u00f1o gr\u00e1fico para el verano y el oto\u00f1o de 2026<\/h4>\n<p style=\"text-align: center;\">Buscamos un pasante motivado y creativo que desee adquirir experiencia pr\u00e1ctica en dise\u00f1o gr\u00e1fico en el evento comunitario m\u00e1s grande de Arizona. La creatividad, la iniciativa y la capacidad de colaboraci\u00f3n son las habilidades fundamentales que buscamos en un posible pasante. El per\u00edodo de pr\u00e1cticas abarca desde el 7 de julio de 2026 hasta el 6 de noviembre de 2026. Los interesados deben enviar una carta de presentaci\u00f3n, su curr\u00edculum y un portafolio de dise\u00f1o a: <a href=\"mailto:naomi.johnson@azstatefair.com\">naomi.johnson@azstatefair.com<\/a><\/p>\n<p style=\"text-align: center;\"><a class=\"btn-bt default gradient-btn\" href=\"https:\/\/azstatefair.com\/wp-content\/uploads\/2026\/03\/2026-Graphic-Design-Internship.docx.pdf\" target=\"_blank\" rel=\"noopener\">VER SOLICITUD AQU\u00cd<\/a><\/p>\n\n\t\t<\/div>\n\t<\/div>\n\n\t<div class=\"wpb_text_column wpb_content_element  vc_custom_1745350440384 mb0\" >\n\t\t<div class=\"wpb_wrapper\">\n\t\t\t<hr class=\"line purple\" \/>\n\n\t\t<\/div>\n\t<\/div>\n\n\t<div class=\"wpb_text_column wpb_content_element  mb0\" >\n\t\t<div class=\"wpb_wrapper\">\n\t\t\t<h4 style=\"text-align: center;\">Pr\u00e1cticas en redes sociales y colaboraciones para eventos de verano\/oto\u00f1o de 2026<\/h4>\n<p style=\"text-align: center;\">Buscamos pasantes brillantes, motivados y extrovertidos que deseen adquirir experiencia pr\u00e1ctica en patrocinio de eventos y redes sociales en el evento comunitario m\u00e1s grande de Arizona. La redacci\u00f3n, la investigaci\u00f3n, las relaciones con los clientes y el ingenio son las habilidades fundamentales que buscamos en los posibles pasantes. El per\u00edodo de pr\u00e1cticas abarca desde el 7 de julio de 2026 hasta el 13 de noviembre de 2026. Los interesados deben enviar una carta de presentaci\u00f3n, su curr\u00edculum y una muestra de redacci\u00f3n a: <a href=\"mailto:lilli.scoglio@azstatefair.com\">lilli.scoglio@azstatefair.com<\/a><\/p>\n<p style=\"text-align: center;\"><a class=\"btn-bt default gradient-btn\" href=\"https:\/\/azstatefair.com\/wp-content\/uploads\/2026\/03\/2026-Event-Sponsorship-with-an-emphasis-in-Social-Media-Internship.pdf\" target=\"_blank\" rel=\"noopener\">VER SOLICITUD AQU\u00cd<\/a><\/p>\n\n\t\t<\/div>\n\t<\/div>\n\n\t<div class=\"wpb_text_column wpb_content_element  vc_custom_1745350440384 mb0\" >\n\t\t<div class=\"wpb_wrapper\">\n\t\t\t<hr class=\"line purple\" \/>\n\n\t\t<\/div>\n\t<\/div>\n<\/div><\/div><\/div><\/div><\/div><div class=\"vc_row wpb_row vc_custom_1768586291246 vc_row-has-fill\"><div class=\"container\"><div class=\"wpb_column vc_column_container vc_col-sm-12\"><div class=\"vc_column-inner\"><div class=\"wpb_wrapper\">\n\t<div class=\"wpb_text_column wpb_content_element  mb0\" >\n\t\t<div class=\"wpb_wrapper\">\n\t\t\t<h2 style=\"text-align: center;\">Contrataci\u00f3n inmediata - Solicitud de empleo estacional<\/h2>\n<p style=\"text-align: center;\">Puesto Temporal con Oportunidad de un Puesto Permanente a Tiempo Completo con Beneficios<\/p>\n<p style=\"text-align: center;\"><a class=\"btn-bt default gradient-btn\" href=\"https:\/\/app.smartsheet.com\/b\/form\/85c663c5ef714c1fbf3d89989530e4da\" target=\"_blank\" rel=\"noopener\">SOLICITAR AQU\u00cd<\/a><\/p>\n<p style=\"text-align: center;\">O en el siguiente formulario.<\/p>\n<p style=\"text-align: center;\"><iframe loading=\"lazy\" src=\"https:\/\/app.smartsheet.com\/b\/form\/85c663c5ef714c1fbf3d89989530e4da\" width=\"900\" height=\"600\"><\/iframe><\/p>\n\n\t\t<\/div>\n\t<\/div>\n<\/div><\/div><\/div><\/div><\/div><div class=\"vc_row wpb_row vc_custom_1772731623681 vc_row-has-fill\"><div class=\"container\"><div class=\"wpb_column vc_column_container vc_col-sm-12\"><div class=\"vc_column-inner\"><div class=\"wpb_wrapper\">\n\t<div class=\"wpb_text_column wpb_content_element  mb0\" >\n\t\t<div class=\"wpb_wrapper\">\n\t\t\t<h2 style=\"text-align: center;\">El Gobierno del Estado de Arizona es un Empleador EOE\/ADA de Acomodaci\u00f3n Razonable<\/h2>\n<p style=\"text-align: center;\">Haga clic a continuaci\u00f3n para consultar nuestra pol\u00edtica de no discriminaci\u00f3n.<\/p>\n<p style=\"text-align: center;\"><a class=\"btn-bt default gradient-btn\" href=\"\/wp-content\/uploads\/2022\/08\/non-discrimination-policy.pdf\" target=\"_blank\" rel=\"noopener\">Pol\u00edtica de no discriminaci\u00f3n<\/a><\/p>\n\n\t\t<\/div>\n\t<\/div>\n<\/div><\/div><\/div><\/div><\/div><div class=\"vc_row wpb_row need-a-venue-row add-parallax no-overlay-black vc_custom_1676931352307 vc_row-has-fill\"><div class=\"container\"><div class=\"wpb_column vc_column_container vc_col-sm-3\"><div class=\"vc_column-inner\"><div class=\"wpb_wrapper\"><\/div><\/div><\/div><div class=\"wpb_column vc_column_container vc_col-sm-6\"><div class=\"vc_column-inner\"><div class=\"wpb_wrapper\">\n\t<div class=\"wpb_text_column wpb_content_element  mb0\" >\n\t\t<div class=\"wpb_wrapper\">\n\t\t\t<h1 class=\"light1\" style=\"text-align: center;\">\u00bfNecesita un lugar?<\/h1>\n<h4 class=\"light1\" style=\"text-align: center;\">Reserve su evento o hable con un especialista en eventos en la Exposici\u00f3n y Feria Estatal de Arizona<\/h4>\n<p style=\"text-align: center;\"><a class=\"btn-bt default\" href=\"\/es\/venue-rental\/\">SABER M\u00c1S<\/a><\/p>\n\n\t\t<\/div>\n\t<\/div>\n<\/div><\/div><\/div><div class=\"wpb_column vc_column_container vc_col-sm-3\"><div class=\"vc_column-inner\"><div class=\"wpb_wrapper\"><\/div><\/div><\/div><\/div><\/div>\n<\/div>","protected":false},"excerpt":{"rendered":"Se busca personal - Puestos temporales: Pr\u00e1cticas de dise\u00f1o gr\u00e1fico para el verano y el oto\u00f1o de 2026. Buscamos un becario motivado y creativo que desee adquirir experiencia pr\u00e1ctica en dise\u00f1o gr\u00e1fico en... <a class=\"more-link\" href=\"https:\/\/azstatefair.com\/es\/jobs-internships\/\">Seguir leyendo <span class=\"screen-reader-text\">\u00danete a nuestra tripulaci\u00f3n<\/span><\/a>","protected":false},"author":1,"featured_media":2756,"parent":0,"menu_order":0,"comment_status":"closed","ping_status":"closed","template":"","meta":{"_acf_changed":false,"h5ap_radio_sources":[],"footnotes":""},"class_list":["post-2599","page","type-page","status-publish","has-post-thumbnail","entry"],"acf":[],"yoast_head":"<!-- This site is optimized with the Yoast SEO plugin v27.5 - https:\/\/yoast.com\/product\/yoast-seo-wordpress\/ -->\n<title>Join the Arizona State Fair Crew | Arizona State Fair<\/title>\n<meta name=\"description\" content=\"The Arizona Exposition and State Fair has a wide variety of jobs and internships available year round.\" \/>\n<meta name=\"robots\" content=\"index, follow, max-snippet:-1, max-image-preview:large, max-video-preview:-1\" \/>\n<link rel=\"canonical\" href=\"https:\/\/azstatefair.com\/es\/jobs-internships\/\" \/>\n<meta property=\"og:locale\" content=\"es_MX\" \/>\n<meta property=\"og:type\" content=\"article\" \/>\n<meta property=\"og:title\" content=\"Join the Arizona State Fair Crew | Arizona State Fair\" \/>\n<meta property=\"og:description\" content=\"The Arizona Exposition and State Fair has a wide variety of jobs and internships available year round.\" \/>\n<meta property=\"og:url\" content=\"https:\/\/azstatefair.com\/es\/jobs-internships\/\" \/>\n<meta property=\"og:site_name\" content=\"AZ State Fair\" \/>\n<meta property=\"article:publisher\" content=\"https:\/\/www.facebook.com\/azstatefair\" \/>\n<meta property=\"article:modified_time\" content=\"2026-03-26T21:54:44+00:00\" \/>\n<meta property=\"og:image\" content=\"https:\/\/azstatefair.com\/wp-content\/uploads\/2022\/07\/jobs-internships-custom-feat-image.jpg\" \/>\n\t<meta property=\"og:image:width\" content=\"540\" \/>\n\t<meta property=\"og:image:height\" content=\"371\" \/>\n\t<meta property=\"og:image:type\" content=\"image\/jpeg\" \/>\n<meta name=\"twitter:card\" content=\"summary_large_image\" \/>\n<meta name=\"twitter:site\" content=\"@azstatefair\" \/>\n<script type=\"application\/ld+json\" class=\"yoast-schema-graph\">{\"@context\":\"https:\\\/\\\/schema.org\",\"@graph\":[{\"@type\":\"WebPage\",\"@id\":\"https:\\\/\\\/azstatefair.com\\\/jobs-internships\\\/\",\"url\":\"https:\\\/\\\/azstatefair.com\\\/jobs-internships\\\/\",\"name\":\"Join the Arizona State Fair Crew | Arizona State Fair\",\"isPartOf\":{\"@id\":\"https:\\\/\\\/azstatefair.com\\\/#website\"},\"primaryImageOfPage\":{\"@id\":\"https:\\\/\\\/azstatefair.com\\\/jobs-internships\\\/#primaryimage\"},\"image\":{\"@id\":\"https:\\\/\\\/azstatefair.com\\\/jobs-internships\\\/#primaryimage\"},\"thumbnailUrl\":\"https:\\\/\\\/azstatefair.com\\\/wp-content\\\/uploads\\\/2022\\\/07\\\/jobs-internships-custom-feat-image.jpg\",\"datePublished\":\"2022-07-15T19:13:01+00:00\",\"dateModified\":\"2026-03-26T21:54:44+00:00\",\"description\":\"The Arizona Exposition and State Fair has a wide variety of jobs and internships available year round.\",\"breadcrumb\":{\"@id\":\"https:\\\/\\\/azstatefair.com\\\/jobs-internships\\\/#breadcrumb\"},\"inLanguage\":\"es\",\"potentialAction\":[{\"@type\":\"ReadAction\",\"target\":[\"https:\\\/\\\/azstatefair.com\\\/jobs-internships\\\/\"]}]},{\"@type\":\"ImageObject\",\"inLanguage\":\"es\",\"@id\":\"https:\\\/\\\/azstatefair.com\\\/jobs-internships\\\/#primaryimage\",\"url\":\"https:\\\/\\\/azstatefair.com\\\/wp-content\\\/uploads\\\/2022\\\/07\\\/jobs-internships-custom-feat-image.jpg\",\"contentUrl\":\"https:\\\/\\\/azstatefair.com\\\/wp-content\\\/uploads\\\/2022\\\/07\\\/jobs-internships-custom-feat-image.jpg\",\"width\":540,\"height\":371,\"caption\":\"jobs internships custom feat image\"},{\"@type\":\"BreadcrumbList\",\"@id\":\"https:\\\/\\\/azstatefair.com\\\/jobs-internships\\\/#breadcrumb\",\"itemListElement\":[{\"@type\":\"ListItem\",\"position\":1,\"name\":\"Home\",\"item\":\"https:\\\/\\\/azstatefair.com\\\/\"},{\"@type\":\"ListItem\",\"position\":2,\"name\":\"Join Our Crew\"}]},{\"@type\":\"WebSite\",\"@id\":\"https:\\\/\\\/azstatefair.com\\\/#website\",\"url\":\"https:\\\/\\\/azstatefair.com\\\/\",\"name\":\"AZ State Fair\",\"description\":\"Arizona State Fair &amp; Exposition\",\"publisher\":{\"@id\":\"https:\\\/\\\/azstatefair.com\\\/#organization\"},\"alternateName\":\"AZ State Fair & Exposition\",\"potentialAction\":[{\"@type\":\"SearchAction\",\"target\":{\"@type\":\"EntryPoint\",\"urlTemplate\":\"https:\\\/\\\/azstatefair.com\\\/?s={search_term_string}\"},\"query-input\":{\"@type\":\"PropertyValueSpecification\",\"valueRequired\":true,\"valueName\":\"search_term_string\"}}],\"inLanguage\":\"es\"},{\"@type\":\"Organization\",\"@id\":\"https:\\\/\\\/azstatefair.com\\\/#organization\",\"name\":\"Arizona State Fair\",\"alternateName\":\"AZ State Fair\",\"url\":\"https:\\\/\\\/azstatefair.com\\\/\",\"logo\":{\"@type\":\"ImageObject\",\"inLanguage\":\"es\",\"@id\":\"https:\\\/\\\/azstatefair.com\\\/#\\\/schema\\\/logo\\\/image\\\/\",\"url\":\"https:\\\/\\\/azstatefair.com\\\/wp-content\\\/uploads\\\/2024\\\/09\\\/AZ-State-Fair-featured-image.png\",\"contentUrl\":\"https:\\\/\\\/azstatefair.com\\\/wp-content\\\/uploads\\\/2024\\\/09\\\/AZ-State-Fair-featured-image.png\",\"width\":1200,\"height\":630,\"caption\":\"Arizona State Fair\"},\"image\":{\"@id\":\"https:\\\/\\\/azstatefair.com\\\/#\\\/schema\\\/logo\\\/image\\\/\"},\"sameAs\":[\"https:\\\/\\\/www.facebook.com\\\/azstatefair\",\"https:\\\/\\\/x.com\\\/azstatefair\",\"https:\\\/\\\/www.instagram.com\\\/arizonastatefair\",\"https:\\\/\\\/www.pinterest.com\\\/azstatefair\",\"https:\\\/\\\/www.youtube.com\\\/arizonastatefair\",\"https:\\\/\\\/www.snapchat.com\\\/add\\\/azstatefair\"]}]}<\/script>\n<!-- \/ Yoast SEO plugin. -->","yoast_head_json":{"title":"\u00danete al equipo de la Feria Estatal de Arizona | Feria Estatal de Arizona","description":"La Feria Estatal y de Exposiciones de Arizona ofrece una amplia variedad de puestos de trabajo y pr\u00e1cticas durante todo el a\u00f1o.","robots":{"index":"index","follow":"follow","max-snippet":"max-snippet:-1","max-image-preview":"max-image-preview:large","max-video-preview":"max-video-preview:-1"},"canonical":"https:\/\/azstatefair.com\/es\/jobs-internships\/","og_locale":"es_MX","og_type":"article","og_title":"Join the Arizona State Fair Crew | Arizona State Fair","og_description":"The Arizona Exposition and State Fair has a wide variety of jobs and internships available year round.","og_url":"https:\/\/azstatefair.com\/es\/jobs-internships\/","og_site_name":"AZ State Fair","article_publisher":"https:\/\/www.facebook.com\/azstatefair","article_modified_time":"2026-03-26T21:54:44+00:00","og_image":[{"width":540,"height":371,"url":"https:\/\/azstatefair.com\/wp-content\/uploads\/2022\/07\/jobs-internships-custom-feat-image.jpg","type":"image\/jpeg"}],"twitter_card":"summary_large_image","twitter_site":"@azstatefair","schema":{"@context":"https:\/\/schema.org","@graph":[{"@type":"WebPage","@id":"https:\/\/azstatefair.com\/jobs-internships\/","url":"https:\/\/azstatefair.com\/jobs-internships\/","name":"\u00danete al equipo de la Feria Estatal de Arizona | Feria Estatal de Arizona","isPartOf":{"@id":"https:\/\/azstatefair.com\/#website"},"primaryImageOfPage":{"@id":"https:\/\/azstatefair.com\/jobs-internships\/#primaryimage"},"image":{"@id":"https:\/\/azstatefair.com\/jobs-internships\/#primaryimage"},"thumbnailUrl":"https:\/\/azstatefair.com\/wp-content\/uploads\/2022\/07\/jobs-internships-custom-feat-image.jpg","datePublished":"2022-07-15T19:13:01+00:00","dateModified":"2026-03-26T21:54:44+00:00","description":"La Feria Estatal y de Exposiciones de Arizona ofrece una amplia variedad de puestos de trabajo y pr\u00e1cticas durante todo el a\u00f1o.","breadcrumb":{"@id":"https:\/\/azstatefair.com\/jobs-internships\/#breadcrumb"},"inLanguage":"es","potentialAction":[{"@type":"ReadAction","target":["https:\/\/azstatefair.com\/jobs-internships\/"]}]},{"@type":"ImageObject","inLanguage":"es","@id":"https:\/\/azstatefair.com\/jobs-internships\/#primaryimage","url":"https:\/\/azstatefair.com\/wp-content\/uploads\/2022\/07\/jobs-internships-custom-feat-image.jpg","contentUrl":"https:\/\/azstatefair.com\/wp-content\/uploads\/2022\/07\/jobs-internships-custom-feat-image.jpg","width":540,"height":371,"caption":"jobs internships custom feat image"},{"@type":"BreadcrumbList","@id":"https:\/\/azstatefair.com\/jobs-internships\/#breadcrumb","itemListElement":[{"@type":"ListItem","position":1,"name":"Home","item":"https:\/\/azstatefair.com\/"},{"@type":"ListItem","position":2,"name":"Join Our Crew"}]},{"@type":"WebSite","@id":"https:\/\/azstatefair.com\/#website","url":"https:\/\/azstatefair.com\/","name":"Feria estatal de AZ","description":"Feria y Exposici\u00f3n del Estado de Arizona","publisher":{"@id":"https:\/\/azstatefair.com\/#organization"},"alternateName":"AZ State Fair & Exposition","potentialAction":[{"@type":"SearchAction","target":{"@type":"EntryPoint","urlTemplate":"https:\/\/azstatefair.com\/?s={search_term_string}"},"query-input":{"@type":"PropertyValueSpecification","valueRequired":true,"valueName":"search_term_string"}}],"inLanguage":"es"},{"@type":"Organization","@id":"https:\/\/azstatefair.com\/#organization","name":"Feria estatal de Arizona","alternateName":"AZ State Fair","url":"https:\/\/azstatefair.com\/","logo":{"@type":"ImageObject","inLanguage":"es","@id":"https:\/\/azstatefair.com\/#\/schema\/logo\/image\/","url":"https:\/\/azstatefair.com\/wp-content\/uploads\/2024\/09\/AZ-State-Fair-featured-image.png","contentUrl":"https:\/\/azstatefair.com\/wp-content\/uploads\/2024\/09\/AZ-State-Fair-featured-image.png","width":1200,"height":630,"caption":"Arizona State Fair"},"image":{"@id":"https:\/\/azstatefair.com\/#\/schema\/logo\/image\/"},"sameAs":["https:\/\/www.facebook.com\/azstatefair","https:\/\/x.com\/azstatefair","https:\/\/www.instagram.com\/arizonastatefair","https:\/\/www.pinterest.com\/azstatefair","https:\/\/www.youtube.com\/arizonastatefair","https:\/\/www.snapchat.com\/add\/azstatefair"]}]}},"publishpress_future_action":{"enabled":false,"date":"2026-05-06 17:22:11","action":"change-status","newStatus":"draft","terms":[],"taxonomy":"page-category","extraData":[]},"publishpress_future_workflow_manual_trigger":{"enabledWorkflows":[]},"_links":{"self":[{"href":"https:\/\/azstatefair.com\/es\/wp-json\/wp\/v2\/pages\/2599","targetHints":{"allow":["GET"]}}],"collection":[{"href":"https:\/\/azstatefair.com\/es\/wp-json\/wp\/v2\/pages"}],"about":[{"href":"https:\/\/azstatefair.com\/es\/wp-json\/wp\/v2\/types\/page"}],"author":[{"embeddable":true,"href":"https:\/\/azstatefair.com\/es\/wp-json\/wp\/v2\/users\/1"}],"replies":[{"embeddable":true,"href":"https:\/\/azstatefair.com\/es\/wp-json\/wp\/v2\/comments?post=2599"}],"version-history":[{"count":0,"href":"https:\/\/azstatefair.com\/es\/wp-json\/wp\/v2\/pages\/2599\/revisions"}],"wp:featuredmedia":[{"embeddable":true,"href":"https:\/\/azstatefair.com\/es\/wp-json\/wp\/v2\/media\/2756"}],"wp:attachment":[{"href":"https:\/\/azstatefair.com\/es\/wp-json\/wp\/v2\/media?parent=2599"}],"curies":[{"name":"wp","href":"https:\/\/api.w.org\/{rel}","templated":true}]}}