{"id":2587,"date":"2022-07-15T11:59:22","date_gmt":"2022-07-15T18:59:22","guid":{"rendered":"https:\/\/azstatefair.vmgagencysites.com\/?page_id=2587"},"modified":"2026-03-05T10:11:37","modified_gmt":"2026-03-05T17:11:37","slug":"directions-parking-interim","status":"publish","type":"page","link":"https:\/\/azstatefair.com\/es\/directions-parking-interim\/","title":{"rendered":"C\u00f3mo llegar y aparcar"},"content":{"rendered":"<div class=\"wpb-content-wrapper\"><div class=\"vc_row wpb_row top-cta accent1\"><div class=\"container\"><div class=\"wpb_column vc_column_container vc_col-sm-12\"><div class=\"vc_column-inner\"><div class=\"wpb_wrapper\">\n\t<div class=\"wpb_text_column wpb_content_element  mb0\" >\n\t\t<div class=\"wpb_wrapper\">\n\t\t\t<p class=\"left-text\"><a href=\"https:\/\/maps.app.goo.gl\/VEcJCCViQimkUSiz7\" target=\"_blank\" rel=\"noopener\">1826 W MCDOWELL RD. PHOENIX, AZ 85007<\/a><\/p>\n\n\t\t<\/div>\n\t<\/div>\n<\/div><\/div><\/div><\/div><\/div><div class=\"vc_row wpb_row light1\"><div class=\"container\"><div class=\"wpb_column vc_column_container vc_col-sm-12\"><div class=\"vc_column-inner\"><div class=\"wpb_wrapper\">\n\t<div class=\"wpb_text_column wpb_content_element\" >\n\t\t<div class=\"wpb_wrapper\">\n\t\t\t<h2 style=\"text-align: center;\">Informaci\u00f3n sobre el aparcamiento<\/h2>\n\n\t\t<\/div>\n\t<\/div>\n\n\t<div class=\"wpb_text_column wpb_content_element  mb0\" >\n\t\t<div class=\"wpb_wrapper\">\n\t\t\t<p style=\"text-align: center;\">Nota: Los aparcamientos que se indican a continuaci\u00f3n son los \u00fanicos aparcamientos oficiales de la Exposici\u00f3n y Feria Estatal de Arizona. Otros aparcamientos cercanos son de propiedad privada.<\/p>\n\n\t\t<\/div>\n\t<\/div>\n<\/div><\/div><\/div><\/div><\/div><div class=\"vc_row wpb_row parking-entrances vc_custom_1772730659651 vc_row-has-fill\"><div class=\"container\"><div class=\"vert-align-desktop wpb_column vc_column_container vc_col-sm-2\/5\"><div class=\"vc_column-inner\"><div class=\"wpb_wrapper\">\n\t<div class=\"wpb_text_column wpb_content_element\" >\n\t\t<div class=\"wpb_wrapper\">\n\t\t\t<h3>Entradas a aparcamientos<\/h3>\n\n\t\t<\/div>\n\t<\/div>\n\n\t<div class=\"wpb_text_column wpb_content_element\" >\n\t\t<div class=\"wpb_wrapper\">\n\t\t\t<p><img loading=\"lazy\" decoding=\"async\" class=\"alignnone wp-image-2844\" src=\"https:\/\/azstatefair.com\/wp-content\/uploads\/2026\/02\/ASF25-Website-Parking-Map_NORTH.png\" alt=\"North-Lot-1\" width=\"181\" height=\"180\" \/><\/p>\n<h5>Puerta de Monte Vista<\/h5>\n<h4><span style=\"font-size: 20px; font-weight: normal;\">Avenida 19 y Monte Vista<\/span><\/h4>\n\n\t\t<\/div>\n\t<\/div>\n\n\t<div class=\"wpb_text_column wpb_content_element  mb0-desktop\" >\n\t\t<div class=\"wpb_wrapper\">\n\t\t\t<p><img loading=\"lazy\" decoding=\"async\" class=\"alignnone size-full wp-image-2846\" src=\"https:\/\/azstatefair.com\/wp-content\/uploads\/2026\/02\/ASF25-Website-Parking-Map_WEST.png\" alt=\"West-Lot-1\" width=\"181\" height=\"180\" \/><\/p>\n<h5>Bulevar Encanto<\/h5>\n<p>entre la Avenida 19 y la Avenida 20<\/p>\n\n\t\t<\/div>\n\t<\/div>\n\n\t<div class=\"wpb_text_column wpb_content_element  vc_custom_1772075845741 mb0-desktop\" >\n\t\t<div class=\"wpb_wrapper\">\n\t\t\t<p><img loading=\"lazy\" decoding=\"async\" class=\"alignnone size-full wp-image-2846\" src=\"https:\/\/azstatefair.com\/wp-content\/uploads\/2026\/02\/ASF25-Website-Parking-Map-05.png\" alt=\"West-Lot-1\" width=\"181\" height=\"180\" \/><\/p>\n<h5>Aparcamiento Sur<\/h5>\n<p>17th Ave y McDowell Rd.<\/p>\n\n\t\t<\/div>\n\t<\/div>\n<\/div><\/div><\/div><div class=\"wpb_column vc_column_container vc_col-sm-3\/5\"><div class=\"vc_column-inner\"><div class=\"wpb_wrapper\">\n\t<div class=\"wpb_text_column wpb_content_element  mb0\" >\n\t\t<div class=\"wpb_wrapper\">\n\t\t\t<p><img loading=\"lazy\" decoding=\"async\" class=\"alignnone size-full wp-image-2843\" src=\"https:\/\/azstatefair.com\/wp-content\/uploads\/2026\/02\/Fairgrounds-parking-2026-themed.png\" alt=\"Fairgrounds-Parking-Map-optimized\" width=\"1042\" height=\"1349\" \/><\/p>\n\n\t\t<\/div>\n\t<\/div>\n<\/div><\/div><\/div><\/div><\/div><div class=\"vc_row wpb_row light1\"><div class=\"container\"><div class=\"wpb_column vc_column_container vc_col-sm-12\"><div class=\"vc_column-inner\"><div class=\"wpb_wrapper\">\n\t<div class=\"wpb_text_column wpb_content_element  mb0\" >\n\t\t<div class=\"wpb_wrapper\">\n\t\t\t<h2 style=\"text-align: center;\">C\u00f3mo llegar en coche<\/h2>\n\n\t\t<\/div>\n\t<\/div>\n<\/div><\/div><\/div><\/div><\/div><div class=\"vc_row wpb_row vc_custom_1772730671758 vc_row-has-fill\"><div class=\"container\"><div class=\"vert-align-desktop wpb_column vc_column_container vc_col-sm-6\"><div class=\"vc_column-inner\"><div class=\"wpb_wrapper\">\n\t<div class=\"wpb_text_column wpb_content_element  mb0-desktop\" >\n\t\t<div class=\"wpb_wrapper\">\n\t\t\t<p><strong>De ciudades del este del valle y del sur de Arizona:<\/strong><br \/>\nDesde la I-10 en direcci\u00f3n oeste, tome la salida #143 C (salida 19th Avenue). Gire a la derecha (norte) en 19th Avenue. Pase McDowell Road hasta las entradas de Monte Vista o Encanto.<\/p>\n<p><strong>Del Valle Oeste:<\/strong><br \/>\nDesde la I-10 en direcci\u00f3n este, tome la salida #142 (salida 27th Avenue). Gire a la izquierda (norte) en 27th Avenue hasta Thomas Road. Gire a la derecha en Thomas (este) y contin\u00fae hasta 19th Avenue. Gire a la derecha (sur) en la 19\u00aa Avenida hasta las entradas de los aparcamientos Monte Vista o Encanto.<\/p>\n<p><strong>Del Valle Norte:<\/strong><br \/>\nTome la I-17 hasta la salida #197 (Avenida 19, salida State Capitol). Siga hacia el norte por la Avenida 19 hasta las entradas de Monte Vista o Encanto.<\/p>\n\n\t\t<\/div>\n\t<\/div>\n<\/div><\/div><\/div><div class=\"wpb_column vc_column_container vc_col-sm-6\"><div class=\"vc_column-inner\"><div class=\"wpb_wrapper\"><div class=\"wpb_gmaps_widget wpb_content_element mb0\" >\n\t\t<div class=\"wpb_wrapper\">\n\t\t<div class=\"wpb_map_wraper\">\n\t\t\t<iframe src=\"https:\/\/www.google.com\/maps\/embed?pb=!1m14!1m8!1m3!1d3328.250326113639!2d-112.1032118!3d33.4688329!3m2!1i1024!2i768!4f13.1!3m3!1m2!1s0x872b13d0e86e8b7b%3A0xa72be9e0f57c96a2!2sArizona%20State%20Fair!5e0!3m2!1sen!2sus!4v1659558427468!5m2!1sen!2sus\" width=\"100%\" height=\"450\" style=\"border:0;\" allowfullscreen=\"\" loading=\"lazy\" referrerpolicy=\"no-referrer-when-downgrade\"><\/iframe>\t\t<\/div>\n\t<\/div>\n<\/div>\n<\/div><\/div><\/div><\/div><\/div><div class=\"vc_row wpb_row light1 carousel-row year-round-row\"><div class=\"container\"><div class=\"wpb_column vc_column_container vc_col-sm-12\"><div class=\"vc_column-inner\"><div class=\"wpb_wrapper\">\n\t<div class=\"wpb_text_column wpb_content_element  mb0\" >\n\t\t<div class=\"wpb_wrapper\">\n\t\t\t<h2 style=\"text-align: center;\">Explore<\/h2>\n\n\t\t<\/div>\n\t<\/div>\n\n\t<div class=\"wpb_text_column wpb_content_element  mb0\" >\n\t\t<div class=\"wpb_wrapper\">\n\t\t\t<div class=\"featured-pages\">\n\n\t\t\t<div class=\"feat-page\">\n\t\t\t\t<a style=\"background-image: url('https:\/\/azstatefair.com\/wp-content\/uploads\/2023\/02\/carousel-ride-and-games-23.jpg');\" class=\"archive-post-image-link\" href=\"https:\/\/azstatefair.com\/es\/rides-games\/\"><\/a>\n\t\t\t\t<h3 class=\"feat-post-title\"><a class=\"feat-page-link\" href=\"https:\/\/azstatefair.com\/es\/rides-games\/\">Atracciones y juegos<\/a><\/h3>\n\t\t<\/div>\n\n\t\t\t<div class=\"feat-page\">\n\t\t\t\t<a style=\"background-image: url('https:\/\/azstatefair.com\/wp-content\/uploads\/2025\/04\/Copy-of-Food-Rainbow_icecream_Girl1-1568x2352.jpg');\" class=\"archive-post-image-link\" href=\"https:\/\/azstatefair.com\/es\/fair-food\/\"><\/a>\n\t\t\t\t<h3 class=\"feat-post-title\"><a class=\"feat-page-link\" href=\"https:\/\/azstatefair.com\/es\/fair-food\/\">Comida justa<\/a><\/h3>\n\t\t<\/div>\n\n\t\t\t<div class=\"feat-page\">\n\t\t\t\t<a style=\"background-image: url('https:\/\/azstatefair.com\/wp-content\/uploads\/2026\/02\/The-Format14.jpg');\" class=\"archive-post-image-link\" href=\"https:\/\/azstatefair.com\/es\/concerts\/\"><\/a>\n\t\t\t\t<h3 class=\"feat-post-title\"><a class=\"feat-page-link\" href=\"https:\/\/azstatefair.com\/es\/concerts\/\">Ciclo de conciertos del Coliseo<\/a><\/h3>\n\t\t<\/div>\n\n\t\t\t<div class=\"feat-page\">\n\t\t\t\t<a style=\"background-image: url('https:\/\/azstatefair.com\/wp-content\/uploads\/2022\/07\/blog-feat-image.jpg');\" class=\"archive-post-image-link\" href=\"https:\/\/azstatefair.com\/es\/blog\/\"><\/a>\n\t\t\t\t<h3 class=\"feat-post-title\"><a class=\"feat-page-link\" href=\"https:\/\/azstatefair.com\/es\/blog\/\">Blog<\/a><\/h3>\n\t\t<\/div>\n\n\t\n<\/div>\n\n<div class=\"slick-navbar feat-pages white-navbar\">\n\t<button class=\"slick_prev\"><i class=\"icon-angle-left\"><\/i><\/button>\n\t<div class=\"slick_dots\"><\/div>\n\t<button class=\"slick_next\"><i class=\"icon-angle-right\"><\/i><\/button>\n<\/div>\n\n\t\t<\/div>\n\t<\/div>\n<\/div><\/div><\/div><\/div><\/div><div class=\"vc_row wpb_row vc_custom_1772075478495 vc_row-has-fill\"><div class=\"container\"><div class=\"wpb_column vc_column_container vc_col-sm-1\"><div class=\"vc_column-inner\"><div class=\"wpb_wrapper\"><\/div><\/div><\/div><div class=\"wpb_column vc_column_container vc_col-sm-10\"><div class=\"vc_column-inner\"><div class=\"wpb_wrapper\">\n\t<div class=\"wpb_text_column wpb_content_element  mb0\" >\n\t\t<div class=\"wpb_wrapper\">\n\t\t\t<h3 class=\"light1\" style=\"text-align: center;\">Consulte la p\u00e1gina de su evento para obtener informaci\u00f3n espec\u00edfica sobre los aparcamientos y las entradas.<\/h3>\n<p style=\"text-align: center;\"><a class=\"btn-bt light-btn\" href=\"\/es\/year-round-events\/\">CALENDARIO DE ACTOS<\/a><\/p>\n\n\t\t<\/div>\n\t<\/div>\n<\/div><\/div><\/div><div class=\"wpb_column vc_column_container vc_col-sm-1\"><div class=\"vc_column-inner\"><div class=\"wpb_wrapper\"><\/div><\/div><\/div><\/div><\/div><div class=\"vc_row wpb_row need-a-venue-row add-parallax no-overlay-black vc_custom_1676931352307 vc_row-has-fill\"><div class=\"container\"><div class=\"wpb_column vc_column_container vc_col-sm-3\"><div class=\"vc_column-inner\"><div class=\"wpb_wrapper\"><\/div><\/div><\/div><div class=\"wpb_column vc_column_container vc_col-sm-6\"><div class=\"vc_column-inner\"><div class=\"wpb_wrapper\">\n\t<div class=\"wpb_text_column wpb_content_element  mb0\" >\n\t\t<div class=\"wpb_wrapper\">\n\t\t\t<h1 class=\"light1\" style=\"text-align: center;\">\u00bfNecesita un lugar?<\/h1>\n<h4 class=\"light1\" style=\"text-align: center;\">Reserve su evento o hable con un especialista en eventos en la Exposici\u00f3n y Feria Estatal de Arizona<\/h4>\n<p style=\"text-align: center;\"><a class=\"btn-bt default\" href=\"\/es\/venue-rental\/\">SABER M\u00c1S<\/a><\/p>\n\n\t\t<\/div>\n\t<\/div>\n<\/div><\/div><\/div><div class=\"wpb_column vc_column_container vc_col-sm-3\"><div class=\"vc_column-inner\"><div class=\"wpb_wrapper\"><\/div><\/div><\/div><\/div><\/div>\n<\/div>","protected":false},"excerpt":{"rendered":"\u00bfNecesita un lugar? Reserve su evento o hable con un especialista en eventos en la Feria Estatal y de Exposiciones de Arizona M\u00c1S INFORMACI\u00d3N","protected":false},"author":1,"featured_media":22642,"parent":0,"menu_order":0,"comment_status":"closed","ping_status":"closed","template":"","meta":{"_acf_changed":false,"h5ap_radio_sources":[],"footnotes":""},"class_list":["post-2587","page","type-page","status-publish","has-post-thumbnail","entry"],"acf":[],"yoast_head":"<!-- This site is optimized with the Yoast SEO plugin v27.4 - https:\/\/yoast.com\/product\/yoast-seo-wordpress\/ -->\n<title>Fairgrounds Directions &amp; Parking | Arizona State Fair<\/title>\n<meta name=\"description\" content=\"Directions to the Arizona State Fairgrounds and parking information. Click to view our interactive map.\" \/>\n<meta name=\"robots\" content=\"index, follow, max-snippet:-1, max-image-preview:large, max-video-preview:-1\" \/>\n<link rel=\"canonical\" href=\"https:\/\/azstatefair.com\/es\/directions-parking-interim\/\" \/>\n<meta property=\"og:locale\" content=\"es_MX\" \/>\n<meta property=\"og:type\" content=\"article\" \/>\n<meta property=\"og:title\" content=\"Fairgrounds Directions &amp; Parking | Arizona State Fair\" \/>\n<meta property=\"og:description\" content=\"Directions to the Arizona State Fairgrounds and parking information. Click to view our interactive map.\" \/>\n<meta property=\"og:url\" content=\"https:\/\/azstatefair.com\/es\/directions-parking-interim\/\" \/>\n<meta property=\"og:site_name\" content=\"AZ State Fair\" \/>\n<meta property=\"article:publisher\" content=\"https:\/\/www.facebook.com\/azstatefair\" \/>\n<meta property=\"article:modified_time\" content=\"2026-03-05T17:11:37+00:00\" \/>\n<meta property=\"og:image\" content=\"https:\/\/azstatefair.com\/wp-content\/uploads\/2024\/09\/LS-North-Parking-Lot-Banners.jpg\" \/>\n\t<meta property=\"og:image:width\" content=\"1117\" \/>\n\t<meta property=\"og:image:height\" content=\"637\" \/>\n\t<meta property=\"og:image:type\" content=\"image\/jpeg\" \/>\n<meta name=\"twitter:card\" content=\"summary_large_image\" \/>\n<meta name=\"twitter:site\" content=\"@azstatefair\" \/>\n<script type=\"application\/ld+json\" class=\"yoast-schema-graph\">{\"@context\":\"https:\\\/\\\/schema.org\",\"@graph\":[{\"@type\":\"WebPage\",\"@id\":\"https:\\\/\\\/azstatefair.com\\\/directions-parking-interim\\\/\",\"url\":\"https:\\\/\\\/azstatefair.com\\\/directions-parking-interim\\\/\",\"name\":\"Fairgrounds Directions & Parking | Arizona State Fair\",\"isPartOf\":{\"@id\":\"https:\\\/\\\/azstatefair.com\\\/#website\"},\"primaryImageOfPage\":{\"@id\":\"https:\\\/\\\/azstatefair.com\\\/directions-parking-interim\\\/#primaryimage\"},\"image\":{\"@id\":\"https:\\\/\\\/azstatefair.com\\\/directions-parking-interim\\\/#primaryimage\"},\"thumbnailUrl\":\"https:\\\/\\\/azstatefair.com\\\/wp-content\\\/uploads\\\/2024\\\/09\\\/LS-North-Parking-Lot-Banners.jpg\",\"datePublished\":\"2022-07-15T18:59:22+00:00\",\"dateModified\":\"2026-03-05T17:11:37+00:00\",\"description\":\"Directions to the Arizona State Fairgrounds and parking information. Click to view our interactive map.\",\"breadcrumb\":{\"@id\":\"https:\\\/\\\/azstatefair.com\\\/directions-parking-interim\\\/#breadcrumb\"},\"inLanguage\":\"es\",\"potentialAction\":[{\"@type\":\"ReadAction\",\"target\":[\"https:\\\/\\\/azstatefair.com\\\/directions-parking-interim\\\/\"]}]},{\"@type\":\"ImageObject\",\"inLanguage\":\"es\",\"@id\":\"https:\\\/\\\/azstatefair.com\\\/directions-parking-interim\\\/#primaryimage\",\"url\":\"https:\\\/\\\/azstatefair.com\\\/wp-content\\\/uploads\\\/2024\\\/09\\\/LS-North-Parking-Lot-Banners.jpg\",\"contentUrl\":\"https:\\\/\\\/azstatefair.com\\\/wp-content\\\/uploads\\\/2024\\\/09\\\/LS-North-Parking-Lot-Banners.jpg\",\"width\":1117,\"height\":637,\"caption\":\"LS North Parking Lot Banners\"},{\"@type\":\"BreadcrumbList\",\"@id\":\"https:\\\/\\\/azstatefair.com\\\/directions-parking-interim\\\/#breadcrumb\",\"itemListElement\":[{\"@type\":\"ListItem\",\"position\":1,\"name\":\"Home\",\"item\":\"https:\\\/\\\/azstatefair.com\\\/\"},{\"@type\":\"ListItem\",\"position\":2,\"name\":\"Directions &#038; Parking\"}]},{\"@type\":\"WebSite\",\"@id\":\"https:\\\/\\\/azstatefair.com\\\/#website\",\"url\":\"https:\\\/\\\/azstatefair.com\\\/\",\"name\":\"AZ State Fair\",\"description\":\"Arizona State Fair &amp; Exposition\",\"publisher\":{\"@id\":\"https:\\\/\\\/azstatefair.com\\\/#organization\"},\"alternateName\":\"AZ State Fair & Exposition\",\"potentialAction\":[{\"@type\":\"SearchAction\",\"target\":{\"@type\":\"EntryPoint\",\"urlTemplate\":\"https:\\\/\\\/azstatefair.com\\\/?s={search_term_string}\"},\"query-input\":{\"@type\":\"PropertyValueSpecification\",\"valueRequired\":true,\"valueName\":\"search_term_string\"}}],\"inLanguage\":\"es\"},{\"@type\":\"Organization\",\"@id\":\"https:\\\/\\\/azstatefair.com\\\/#organization\",\"name\":\"Arizona State Fair\",\"alternateName\":\"AZ State Fair\",\"url\":\"https:\\\/\\\/azstatefair.com\\\/\",\"logo\":{\"@type\":\"ImageObject\",\"inLanguage\":\"es\",\"@id\":\"https:\\\/\\\/azstatefair.com\\\/#\\\/schema\\\/logo\\\/image\\\/\",\"url\":\"https:\\\/\\\/azstatefair.com\\\/wp-content\\\/uploads\\\/2024\\\/09\\\/AZ-State-Fair-featured-image.png\",\"contentUrl\":\"https:\\\/\\\/azstatefair.com\\\/wp-content\\\/uploads\\\/2024\\\/09\\\/AZ-State-Fair-featured-image.png\",\"width\":1200,\"height\":630,\"caption\":\"Arizona State Fair\"},\"image\":{\"@id\":\"https:\\\/\\\/azstatefair.com\\\/#\\\/schema\\\/logo\\\/image\\\/\"},\"sameAs\":[\"https:\\\/\\\/www.facebook.com\\\/azstatefair\",\"https:\\\/\\\/x.com\\\/azstatefair\",\"https:\\\/\\\/www.instagram.com\\\/arizonastatefair\",\"https:\\\/\\\/www.pinterest.com\\\/azstatefair\",\"https:\\\/\\\/www.youtube.com\\\/arizonastatefair\",\"https:\\\/\\\/www.snapchat.com\\\/add\\\/azstatefair\"]}]}<\/script>\n<!-- \/ Yoast SEO plugin. -->","yoast_head_json":{"title":"C\u00f3mo llegar y aparcar en el recinto ferial | Feria Estatal de Arizona","description":"C\u00f3mo llegar al recinto ferial del Estado de Arizona e informaci\u00f3n sobre el aparcamiento. Haga clic para ver nuestro mapa interactivo.","robots":{"index":"index","follow":"follow","max-snippet":"max-snippet:-1","max-image-preview":"max-image-preview:large","max-video-preview":"max-video-preview:-1"},"canonical":"https:\/\/azstatefair.com\/es\/directions-parking-interim\/","og_locale":"es_MX","og_type":"article","og_title":"Fairgrounds Directions & Parking | Arizona State Fair","og_description":"Directions to the Arizona State Fairgrounds and parking information. Click to view our interactive map.","og_url":"https:\/\/azstatefair.com\/es\/directions-parking-interim\/","og_site_name":"AZ State Fair","article_publisher":"https:\/\/www.facebook.com\/azstatefair","article_modified_time":"2026-03-05T17:11:37+00:00","og_image":[{"width":1117,"height":637,"url":"https:\/\/azstatefair.com\/wp-content\/uploads\/2024\/09\/LS-North-Parking-Lot-Banners.jpg","type":"image\/jpeg"}],"twitter_card":"summary_large_image","twitter_site":"@azstatefair","schema":{"@context":"https:\/\/schema.org","@graph":[{"@type":"WebPage","@id":"https:\/\/azstatefair.com\/directions-parking-interim\/","url":"https:\/\/azstatefair.com\/directions-parking-interim\/","name":"C\u00f3mo llegar y aparcar en el recinto ferial | Feria Estatal de Arizona","isPartOf":{"@id":"https:\/\/azstatefair.com\/#website"},"primaryImageOfPage":{"@id":"https:\/\/azstatefair.com\/directions-parking-interim\/#primaryimage"},"image":{"@id":"https:\/\/azstatefair.com\/directions-parking-interim\/#primaryimage"},"thumbnailUrl":"https:\/\/azstatefair.com\/wp-content\/uploads\/2024\/09\/LS-North-Parking-Lot-Banners.jpg","datePublished":"2022-07-15T18:59:22+00:00","dateModified":"2026-03-05T17:11:37+00:00","description":"C\u00f3mo llegar al recinto ferial del Estado de Arizona e informaci\u00f3n sobre el aparcamiento. Haga clic para ver nuestro mapa interactivo.","breadcrumb":{"@id":"https:\/\/azstatefair.com\/directions-parking-interim\/#breadcrumb"},"inLanguage":"es","potentialAction":[{"@type":"ReadAction","target":["https:\/\/azstatefair.com\/directions-parking-interim\/"]}]},{"@type":"ImageObject","inLanguage":"es","@id":"https:\/\/azstatefair.com\/directions-parking-interim\/#primaryimage","url":"https:\/\/azstatefair.com\/wp-content\/uploads\/2024\/09\/LS-North-Parking-Lot-Banners.jpg","contentUrl":"https:\/\/azstatefair.com\/wp-content\/uploads\/2024\/09\/LS-North-Parking-Lot-Banners.jpg","width":1117,"height":637,"caption":"LS North Parking Lot Banners"},{"@type":"BreadcrumbList","@id":"https:\/\/azstatefair.com\/directions-parking-interim\/#breadcrumb","itemListElement":[{"@type":"ListItem","position":1,"name":"Home","item":"https:\/\/azstatefair.com\/"},{"@type":"ListItem","position":2,"name":"Directions &#038; Parking"}]},{"@type":"WebSite","@id":"https:\/\/azstatefair.com\/#website","url":"https:\/\/azstatefair.com\/","name":"Feria estatal de AZ","description":"Feria y Exposici\u00f3n del Estado de Arizona","publisher":{"@id":"https:\/\/azstatefair.com\/#organization"},"alternateName":"AZ State Fair & Exposition","potentialAction":[{"@type":"SearchAction","target":{"@type":"EntryPoint","urlTemplate":"https:\/\/azstatefair.com\/?s={search_term_string}"},"query-input":{"@type":"PropertyValueSpecification","valueRequired":true,"valueName":"search_term_string"}}],"inLanguage":"es"},{"@type":"Organization","@id":"https:\/\/azstatefair.com\/#organization","name":"Feria estatal de Arizona","alternateName":"AZ State Fair","url":"https:\/\/azstatefair.com\/","logo":{"@type":"ImageObject","inLanguage":"es","@id":"https:\/\/azstatefair.com\/#\/schema\/logo\/image\/","url":"https:\/\/azstatefair.com\/wp-content\/uploads\/2024\/09\/AZ-State-Fair-featured-image.png","contentUrl":"https:\/\/azstatefair.com\/wp-content\/uploads\/2024\/09\/AZ-State-Fair-featured-image.png","width":1200,"height":630,"caption":"Arizona State Fair"},"image":{"@id":"https:\/\/azstatefair.com\/#\/schema\/logo\/image\/"},"sameAs":["https:\/\/www.facebook.com\/azstatefair","https:\/\/x.com\/azstatefair","https:\/\/www.instagram.com\/arizonastatefair","https:\/\/www.pinterest.com\/azstatefair","https:\/\/www.youtube.com\/arizonastatefair","https:\/\/www.snapchat.com\/add\/azstatefair"]}]}},"publishpress_future_action":{"enabled":false,"date":"2026-04-27 01:18:57","action":"change-status","newStatus":"draft","terms":[],"taxonomy":"page-category","extraData":[]},"publishpress_future_workflow_manual_trigger":{"enabledWorkflows":[]},"_links":{"self":[{"href":"https:\/\/azstatefair.com\/es\/wp-json\/wp\/v2\/pages\/2587","targetHints":{"allow":["GET"]}}],"collection":[{"href":"https:\/\/azstatefair.com\/es\/wp-json\/wp\/v2\/pages"}],"about":[{"href":"https:\/\/azstatefair.com\/es\/wp-json\/wp\/v2\/types\/page"}],"author":[{"embeddable":true,"href":"https:\/\/azstatefair.com\/es\/wp-json\/wp\/v2\/users\/1"}],"replies":[{"embeddable":true,"href":"https:\/\/azstatefair.com\/es\/wp-json\/wp\/v2\/comments?post=2587"}],"version-history":[{"count":0,"href":"https:\/\/azstatefair.com\/es\/wp-json\/wp\/v2\/pages\/2587\/revisions"}],"wp:featuredmedia":[{"embeddable":true,"href":"https:\/\/azstatefair.com\/es\/wp-json\/wp\/v2\/media\/22642"}],"wp:attachment":[{"href":"https:\/\/azstatefair.com\/es\/wp-json\/wp\/v2\/media?parent=2587"}],"curies":[{"name":"wp","href":"https:\/\/api.w.org\/{rel}","templated":true}]}}