{"id":23548,"date":"2025-04-21T15:03:00","date_gmt":"2025-04-21T22:03:00","guid":{"rendered":"https:\/\/azstatefair.com\/?page_id=23548"},"modified":"2026-03-05T10:14:43","modified_gmt":"2026-03-05T17:14:43","slug":"fair-food","status":"publish","type":"page","link":"https:\/\/azstatefair.com\/es\/fair-food\/","title":{"rendered":"Comida justa"},"content":{"rendered":"<div class=\"wpb-content-wrapper\"><div class=\"vc_row wpb_row light1 history-intro-1\"><div class=\"container\"><div class=\"vert-align-desktop wpb_column vc_column_container vc_col-sm-12\"><div class=\"vc_column-inner\"><div class=\"wpb_wrapper\">\n\t<div class=\"wpb_text_column wpb_content_element  mb0\" >\n\t\t<div class=\"wpb_wrapper\">\n\t\t\t<h2 style=\"text-align: center;\">Un estado de asombro, reci\u00e9n servido<\/h2>\n<p style=\"text-align: center;\">En la Feria Estatal de Arizona, las delicias se sirven empanizadas, ba\u00f1adas, rociadas, espolvoreadas y fritas. La comida de feria se ha convertido en una de las tradiciones m\u00e1s comentadas de Arizona, donde los sabores intensos, las creaciones extravagantes y los cl\u00e1sicos nost\u00e1lgicos se combinan de maneras inolvidables.<\/p>\n<p style=\"text-align: center;\">Desde lo dulce hasta lo salado, lo cl\u00e1sico hasta lo extravagante, cada octubre el recinto ferial se transforma en un parque de diversiones para la creatividad culinaria. A lo largo de los a\u00f1os, los visitantes han hecho fila para degustar algunas de las creaciones m\u00e1s comentadas de la feria, entre las que se incluyen:<\/p>\n\n\t\t<\/div>\n\t<\/div>\n<div class=\"vc_row wpb_row vc_inner vc_row-fluid vc_column-gap-20\"><div class=\"wpb_column vc_column_container vc_col-sm-4\"><div class=\"vc_column-inner\"><div class=\"wpb_wrapper\">\n\t<div class=\"wpb_text_column wpb_content_element  mb0-desktop\" >\n\t\t<div class=\"wpb_wrapper\">\n\t\t\t<p><img loading=\"lazy\" decoding=\"async\" class=\"aligncenter size-full wp-image-19009\" style=\"border-radius: 5%;\" src=\"https:\/\/azstatefair.com\/wp-content\/uploads\/2025\/04\/Screenshot-2025-04-04-at-12.18.35\u202fPM.png\" alt=\"pop above\" width=\"800\" height=\"520\" \/><\/p>\n<h5 style=\"text-align: center;\">Chamoy Pickle<\/h5>\n<p style=\"text-align: center;\">Una sensaci\u00f3n dulce, picante y \u00e1cida: un pepinillo gigante relleno de caramelo de chamoy con espagueti, envuelto en un Fruit Roll-Up y ba\u00f1ado en chamoy.<\/p>\n\n\t\t<\/div>\n\t<\/div>\n<\/div><\/div><\/div><div class=\"wpb_column vc_column_container vc_col-sm-4\"><div class=\"vc_column-inner\"><div class=\"wpb_wrapper\">\n\t<div class=\"wpb_text_column wpb_content_element  mb0-desktop\" >\n\t\t<div class=\"wpb_wrapper\">\n\t\t\t<p><img loading=\"lazy\" decoding=\"async\" class=\"aligncenter size-full wp-image-19009\" style=\"border-radius: 5%;\" src=\"https:\/\/azstatefair.com\/wp-content\/uploads\/2025\/04\/Screenshot-2025-04-04-at-12.18.48\u202fPM.png\" alt=\"Alicias Mexican Kitchen\" width=\"800\" height=\"520\" \/><\/p>\n<h5 style=\"text-align: center;\">Batido de pastel de cumplea\u00f1os:<\/h5>\n<p style=\"text-align: center;\">Batido de pastel con helado, vainilla, chispas de colores y coronado con un cupcake funfetti.<\/p>\n\n\t\t<\/div>\n\t<\/div>\n<\/div><\/div><\/div><div class=\"wpb_column vc_column_container vc_col-sm-4\"><div class=\"vc_column-inner\"><div class=\"wpb_wrapper\">\n\t<div class=\"wpb_text_column wpb_content_element  mb0-desktop\" >\n\t\t<div class=\"wpb_wrapper\">\n\t\t\t<p><img loading=\"lazy\" decoding=\"async\" class=\"aligncenter size-full wp-image-19009\" style=\"border-radius: 5%;\" src=\"https:\/\/azstatefair.com\/wp-content\/uploads\/2025\/04\/Screenshot-2025-04-04-at-12.19.03\u202fPM.png\" alt=\"elvis\" width=\"800\" height=\"520\" \/><\/p>\n<h5 style=\"text-align: center;\">\u00a0Cono Double Trouble<\/h5>\n<p style=\"text-align: center;\">Este es un d\u00fao de postres din\u00e1mico: dos conos de helado, ba\u00f1ados dos veces en chocolate y delicioso caramelo, y coronados con una crujiente corona de palomitas de caramelo.<\/p>\n\n\t\t<\/div>\n\t<\/div>\n<\/div><\/div><\/div><\/div><\/div><\/div><\/div><\/div><\/div><div class=\"vc_row wpb_row hr-row vc_custom_1772730876549 vc_row-has-fill\"><div class=\"container\"><div class=\"wpb_column vc_column_container vc_col-sm-12\"><div class=\"vc_column-inner\"><div class=\"wpb_wrapper\">\n\t<div class=\"wpb_text_column wpb_content_element  mb0\" >\n\t\t<div class=\"wpb_wrapper\">\n\t\t\t<hr class=\"line purple\" \/>\n\n\t\t<\/div>\n\t<\/div>\n<\/div><\/div><\/div><\/div><\/div><div class=\"vc_row wpb_row light1 history-intro-1\"><div class=\"container\"><div class=\"vert-align-desktop wpb_column vc_column_container vc_col-sm-6\"><div class=\"vc_column-inner\"><div class=\"wpb_wrapper\">\n\t<div class=\"wpb_text_column wpb_content_element  mb0-desktop\" >\n\t\t<div class=\"wpb_wrapper\">\n\t\t\t<p><img loading=\"lazy\" decoding=\"async\" class=\"aligncenter size-full wp-image-19009\" style=\"border-radius: 5%;\" src=\"https:\/\/azstatefair.com\/wp-content\/uploads\/2026\/02\/Girl-Eating-Jumbo-Corn-Dog-3-scaled-e1771991942588.jpg\" alt=\"elvis\" width=\"800\" height=\"520\" \/><\/p>\n\n\t\t<\/div>\n\t<\/div>\n<\/div><\/div><\/div><div class=\"vert-align-desktop wpb_column vc_column_container vc_col-sm-6\"><div class=\"vc_column-inner\"><div class=\"wpb_wrapper\">\n\t<div class=\"wpb_text_column wpb_content_element  mb0\" >\n\t\t<div class=\"wpb_wrapper\">\n\t\t\t<h2>Favoritos atemporales y lo que est\u00e1 por venir<\/h2>\n<p><span style=\"font-weight: 400;\">Adem\u00e1s de nuevas y atrevidas creaciones, la Feria Estatal de Arizona sigue ofreciendo los cl\u00e1sicos que generaciones y generaciones vuelven a disfrutar: muslos de pavo, bu\u00f1uelos, perritos calientes envueltos en masa, limonada fresca y palomitas de ma\u00edz. Estos alimentos b\u00e1sicos forman parte del ritual. El primer bocado. El sabor familiar. El recuerdo que se renueva una y otra vez.<\/span><\/p>\n<p><span style=\"font-weight: 400;\">Es el equilibrio entre la nostalgia y la novedad lo que hace que la comida de feria sea tan emblem\u00e1tica.<\/span><\/p>\n<p><span style=\"font-weight: 400;\">La oferta gastron\u00f3mica oficial de la Feria Estatal de Arizona 2026 se anunciar\u00e1 cuando se acerque la fecha de inauguraci\u00f3n. Prep\u00e1rate para sabores atrevidos, giros inesperados y algunas creaciones que no sab\u00edas que necesitabas... hasta ahora.<\/span><\/p>\n\n\t\t<\/div>\n\t<\/div>\n<\/div><\/div><\/div><\/div><\/div><div class=\"vc_row wpb_row need-a-venue-row add-parallax no-overlay-black vc_custom_1743794980638 vc_row-has-fill\"><div class=\"container\"><div class=\"wpb_column vc_column_container vc_col-sm-2\"><div class=\"vc_column-inner\"><div class=\"wpb_wrapper\"><\/div><\/div><\/div><div class=\"wpb_column vc_column_container vc_col-sm-8\"><div class=\"vc_column-inner\"><div class=\"wpb_wrapper\">\n\t<div class=\"wpb_text_column wpb_content_element  mb0\" >\n\t\t<div class=\"wpb_wrapper\">\n\t\t\t<h2 class=\"light1\" style=\"text-align: center;\">\u00bfQuieres conocer las novedades gastron\u00f3micas antes que nadie?<\/h2>\n<h4 class=\"light1\" style=\"text-align: center;\">Los miembros de Fair Fandom son los primeros en conocer las novedades gastron\u00f3micas, disfrutar de avances exclusivos y promociones especiales antes incluso de que se abran las puertas. S\u00e9 el primero en ver qu\u00e9 se est\u00e1 friendo.<\/h4>\n<p style=\"text-align: center;\"><a class=\"btn-bt default\" href=\"https:\/\/azstatefair.com\/es\/fair-fandom\/\">INSCR\u00cdBETE HOY MISMO<\/a><\/p>\n\n\t\t<\/div>\n\t<\/div>\n<\/div><\/div><\/div><div class=\"wpb_column vc_column_container vc_col-sm-2\"><div class=\"vc_column-inner\"><div class=\"wpb_wrapper\"><\/div><\/div><\/div><\/div><\/div>\n<\/div>","protected":false},"excerpt":{"rendered":"Un estado de maravilla, servido fresco En la Feria Estatal de Arizona, la maravilla se sirve en platos, se moja, se roc\u00eda, se espolvorea y se fr\u00ede. La comida de feria se ha convertido en una de las tradiciones m\u00e1s comentadas en... <a class=\"more-link\" href=\"https:\/\/azstatefair.com\/es\/fair-food\/\">Seguir leyendo <span class=\"screen-reader-text\">Comida justa<\/span><\/a>","protected":false},"author":10,"featured_media":23561,"parent":0,"menu_order":0,"comment_status":"closed","ping_status":"closed","template":"","meta":{"_acf_changed":false,"h5ap_radio_sources":[],"footnotes":""},"class_list":["post-23548","page","type-page","status-publish","has-post-thumbnail","page-category-carousel-year-round","entry"],"acf":[],"yoast_head":"<!-- This site is optimized with the Yoast SEO plugin v27.5 - https:\/\/yoast.com\/product\/yoast-seo-wordpress\/ -->\n<title>Fair Food | 2026 Arizona State Fair<\/title>\n<meta name=\"description\" content=\"The Arizona State Fair food scene is as wild as it is delicious - from deep-fried novelties to Instagram-worthy indulgences.\" \/>\n<meta name=\"robots\" content=\"index, follow, max-snippet:-1, max-image-preview:large, max-video-preview:-1\" \/>\n<link rel=\"canonical\" href=\"https:\/\/azstatefair.com\/es\/fair-food\/\" \/>\n<meta property=\"og:locale\" content=\"es_MX\" \/>\n<meta property=\"og:type\" content=\"article\" \/>\n<meta property=\"og:title\" content=\"Fair Food | 2026 Arizona State Fair\" \/>\n<meta property=\"og:description\" content=\"The Arizona State Fair food scene is as wild as it is delicious - from deep-fried novelties to Instagram-worthy indulgences.\" \/>\n<meta property=\"og:url\" content=\"https:\/\/azstatefair.com\/es\/fair-food\/\" \/>\n<meta property=\"og:site_name\" content=\"AZ State Fair\" \/>\n<meta property=\"article:publisher\" content=\"https:\/\/www.facebook.com\/azstatefair\" \/>\n<meta property=\"article:modified_time\" content=\"2026-03-05T17:14:43+00:00\" \/>\n<meta property=\"og:image\" content=\"https:\/\/azstatefair.com\/wp-content\/uploads\/2025\/04\/Copy-of-Food-Rainbow_icecream_Girl1-scaled.jpg\" \/>\n\t<meta property=\"og:image:width\" content=\"1706\" \/>\n\t<meta property=\"og:image:height\" content=\"2560\" \/>\n\t<meta property=\"og:image:type\" content=\"image\/jpeg\" \/>\n<meta name=\"twitter:card\" content=\"summary_large_image\" \/>\n<meta name=\"twitter:site\" content=\"@azstatefair\" \/>\n<script type=\"application\/ld+json\" class=\"yoast-schema-graph\">{\"@context\":\"https:\\\/\\\/schema.org\",\"@graph\":[{\"@type\":\"WebPage\",\"@id\":\"https:\\\/\\\/azstatefair.com\\\/fair-food\\\/\",\"url\":\"https:\\\/\\\/azstatefair.com\\\/fair-food\\\/\",\"name\":\"Fair Food | 2026 Arizona State Fair\",\"isPartOf\":{\"@id\":\"https:\\\/\\\/azstatefair.com\\\/#website\"},\"primaryImageOfPage\":{\"@id\":\"https:\\\/\\\/azstatefair.com\\\/fair-food\\\/#primaryimage\"},\"image\":{\"@id\":\"https:\\\/\\\/azstatefair.com\\\/fair-food\\\/#primaryimage\"},\"thumbnailUrl\":\"https:\\\/\\\/azstatefair.com\\\/wp-content\\\/uploads\\\/2025\\\/04\\\/Copy-of-Food-Rainbow_icecream_Girl1-scaled.jpg\",\"datePublished\":\"2025-04-21T22:03:00+00:00\",\"dateModified\":\"2026-03-05T17:14:43+00:00\",\"description\":\"The Arizona State Fair food scene is as wild as it is delicious - from deep-fried novelties to Instagram-worthy indulgences.\",\"breadcrumb\":{\"@id\":\"https:\\\/\\\/azstatefair.com\\\/fair-food\\\/#breadcrumb\"},\"inLanguage\":\"es\",\"potentialAction\":[{\"@type\":\"ReadAction\",\"target\":[\"https:\\\/\\\/azstatefair.com\\\/fair-food\\\/\"]}]},{\"@type\":\"ImageObject\",\"inLanguage\":\"es\",\"@id\":\"https:\\\/\\\/azstatefair.com\\\/fair-food\\\/#primaryimage\",\"url\":\"https:\\\/\\\/azstatefair.com\\\/wp-content\\\/uploads\\\/2025\\\/04\\\/Copy-of-Food-Rainbow_icecream_Girl1-scaled.jpg\",\"contentUrl\":\"https:\\\/\\\/azstatefair.com\\\/wp-content\\\/uploads\\\/2025\\\/04\\\/Copy-of-Food-Rainbow_icecream_Girl1-scaled.jpg\",\"width\":1706,\"height\":2560,\"caption\":\"Copy of Food-Rainbow_icecream_Girl1\"},{\"@type\":\"BreadcrumbList\",\"@id\":\"https:\\\/\\\/azstatefair.com\\\/fair-food\\\/#breadcrumb\",\"itemListElement\":[{\"@type\":\"ListItem\",\"position\":1,\"name\":\"Home\",\"item\":\"https:\\\/\\\/azstatefair.com\\\/\"},{\"@type\":\"ListItem\",\"position\":2,\"name\":\"Fair Food\"}]},{\"@type\":\"WebSite\",\"@id\":\"https:\\\/\\\/azstatefair.com\\\/#website\",\"url\":\"https:\\\/\\\/azstatefair.com\\\/\",\"name\":\"AZ State Fair\",\"description\":\"Arizona State Fair &amp; Exposition\",\"publisher\":{\"@id\":\"https:\\\/\\\/azstatefair.com\\\/#organization\"},\"alternateName\":\"AZ State Fair & Exposition\",\"potentialAction\":[{\"@type\":\"SearchAction\",\"target\":{\"@type\":\"EntryPoint\",\"urlTemplate\":\"https:\\\/\\\/azstatefair.com\\\/?s={search_term_string}\"},\"query-input\":{\"@type\":\"PropertyValueSpecification\",\"valueRequired\":true,\"valueName\":\"search_term_string\"}}],\"inLanguage\":\"es\"},{\"@type\":\"Organization\",\"@id\":\"https:\\\/\\\/azstatefair.com\\\/#organization\",\"name\":\"Arizona State Fair\",\"alternateName\":\"AZ State Fair\",\"url\":\"https:\\\/\\\/azstatefair.com\\\/\",\"logo\":{\"@type\":\"ImageObject\",\"inLanguage\":\"es\",\"@id\":\"https:\\\/\\\/azstatefair.com\\\/#\\\/schema\\\/logo\\\/image\\\/\",\"url\":\"https:\\\/\\\/azstatefair.com\\\/wp-content\\\/uploads\\\/2024\\\/09\\\/AZ-State-Fair-featured-image.png\",\"contentUrl\":\"https:\\\/\\\/azstatefair.com\\\/wp-content\\\/uploads\\\/2024\\\/09\\\/AZ-State-Fair-featured-image.png\",\"width\":1200,\"height\":630,\"caption\":\"Arizona State Fair\"},\"image\":{\"@id\":\"https:\\\/\\\/azstatefair.com\\\/#\\\/schema\\\/logo\\\/image\\\/\"},\"sameAs\":[\"https:\\\/\\\/www.facebook.com\\\/azstatefair\",\"https:\\\/\\\/x.com\\\/azstatefair\",\"https:\\\/\\\/www.instagram.com\\\/arizonastatefair\",\"https:\\\/\\\/www.pinterest.com\\\/azstatefair\",\"https:\\\/\\\/www.youtube.com\\\/arizonastatefair\",\"https:\\\/\\\/www.snapchat.com\\\/add\\\/azstatefair\"]}]}<\/script>\n<!-- \/ Yoast SEO plugin. -->","yoast_head_json":{"title":"Comida justa | Feria Estatal de Arizona 2026","description":"El panorama gastron\u00f3mico de la Feria Estatal de Arizona es tan salvaje como delicioso: desde novedades fritas hasta caprichos dignos de Instagram.","robots":{"index":"index","follow":"follow","max-snippet":"max-snippet:-1","max-image-preview":"max-image-preview:large","max-video-preview":"max-video-preview:-1"},"canonical":"https:\/\/azstatefair.com\/es\/fair-food\/","og_locale":"es_MX","og_type":"article","og_title":"Fair Food | 2026 Arizona State Fair","og_description":"The Arizona State Fair food scene is as wild as it is delicious - from deep-fried novelties to Instagram-worthy indulgences.","og_url":"https:\/\/azstatefair.com\/es\/fair-food\/","og_site_name":"AZ State Fair","article_publisher":"https:\/\/www.facebook.com\/azstatefair","article_modified_time":"2026-03-05T17:14:43+00:00","og_image":[{"width":1706,"height":2560,"url":"https:\/\/azstatefair.com\/wp-content\/uploads\/2025\/04\/Copy-of-Food-Rainbow_icecream_Girl1-scaled.jpg","type":"image\/jpeg"}],"twitter_card":"summary_large_image","twitter_site":"@azstatefair","schema":{"@context":"https:\/\/schema.org","@graph":[{"@type":"WebPage","@id":"https:\/\/azstatefair.com\/fair-food\/","url":"https:\/\/azstatefair.com\/fair-food\/","name":"Comida justa | Feria Estatal de Arizona 2026","isPartOf":{"@id":"https:\/\/azstatefair.com\/#website"},"primaryImageOfPage":{"@id":"https:\/\/azstatefair.com\/fair-food\/#primaryimage"},"image":{"@id":"https:\/\/azstatefair.com\/fair-food\/#primaryimage"},"thumbnailUrl":"https:\/\/azstatefair.com\/wp-content\/uploads\/2025\/04\/Copy-of-Food-Rainbow_icecream_Girl1-scaled.jpg","datePublished":"2025-04-21T22:03:00+00:00","dateModified":"2026-03-05T17:14:43+00:00","description":"El panorama gastron\u00f3mico de la Feria Estatal de Arizona es tan salvaje como delicioso: desde novedades fritas hasta caprichos dignos de Instagram.","breadcrumb":{"@id":"https:\/\/azstatefair.com\/fair-food\/#breadcrumb"},"inLanguage":"es","potentialAction":[{"@type":"ReadAction","target":["https:\/\/azstatefair.com\/fair-food\/"]}]},{"@type":"ImageObject","inLanguage":"es","@id":"https:\/\/azstatefair.com\/fair-food\/#primaryimage","url":"https:\/\/azstatefair.com\/wp-content\/uploads\/2025\/04\/Copy-of-Food-Rainbow_icecream_Girl1-scaled.jpg","contentUrl":"https:\/\/azstatefair.com\/wp-content\/uploads\/2025\/04\/Copy-of-Food-Rainbow_icecream_Girl1-scaled.jpg","width":1706,"height":2560,"caption":"Copy of Food-Rainbow_icecream_Girl1"},{"@type":"BreadcrumbList","@id":"https:\/\/azstatefair.com\/fair-food\/#breadcrumb","itemListElement":[{"@type":"ListItem","position":1,"name":"Home","item":"https:\/\/azstatefair.com\/"},{"@type":"ListItem","position":2,"name":"Fair Food"}]},{"@type":"WebSite","@id":"https:\/\/azstatefair.com\/#website","url":"https:\/\/azstatefair.com\/","name":"Feria estatal de AZ","description":"Feria y Exposici\u00f3n del Estado de Arizona","publisher":{"@id":"https:\/\/azstatefair.com\/#organization"},"alternateName":"AZ State Fair & Exposition","potentialAction":[{"@type":"SearchAction","target":{"@type":"EntryPoint","urlTemplate":"https:\/\/azstatefair.com\/?s={search_term_string}"},"query-input":{"@type":"PropertyValueSpecification","valueRequired":true,"valueName":"search_term_string"}}],"inLanguage":"es"},{"@type":"Organization","@id":"https:\/\/azstatefair.com\/#organization","name":"Feria estatal de Arizona","alternateName":"AZ State Fair","url":"https:\/\/azstatefair.com\/","logo":{"@type":"ImageObject","inLanguage":"es","@id":"https:\/\/azstatefair.com\/#\/schema\/logo\/image\/","url":"https:\/\/azstatefair.com\/wp-content\/uploads\/2024\/09\/AZ-State-Fair-featured-image.png","contentUrl":"https:\/\/azstatefair.com\/wp-content\/uploads\/2024\/09\/AZ-State-Fair-featured-image.png","width":1200,"height":630,"caption":"Arizona State Fair"},"image":{"@id":"https:\/\/azstatefair.com\/#\/schema\/logo\/image\/"},"sameAs":["https:\/\/www.facebook.com\/azstatefair","https:\/\/x.com\/azstatefair","https:\/\/www.instagram.com\/arizonastatefair","https:\/\/www.pinterest.com\/azstatefair","https:\/\/www.youtube.com\/arizonastatefair","https:\/\/www.snapchat.com\/add\/azstatefair"]}]}},"publishpress_future_action":{"enabled":false,"date":"2026-05-06 21:14:10","action":"change-status","newStatus":"draft","terms":[],"taxonomy":"page-category","extraData":[]},"publishpress_future_workflow_manual_trigger":{"enabledWorkflows":[]},"_links":{"self":[{"href":"https:\/\/azstatefair.com\/es\/wp-json\/wp\/v2\/pages\/23548","targetHints":{"allow":["GET"]}}],"collection":[{"href":"https:\/\/azstatefair.com\/es\/wp-json\/wp\/v2\/pages"}],"about":[{"href":"https:\/\/azstatefair.com\/es\/wp-json\/wp\/v2\/types\/page"}],"author":[{"embeddable":true,"href":"https:\/\/azstatefair.com\/es\/wp-json\/wp\/v2\/users\/10"}],"replies":[{"embeddable":true,"href":"https:\/\/azstatefair.com\/es\/wp-json\/wp\/v2\/comments?post=23548"}],"version-history":[{"count":0,"href":"https:\/\/azstatefair.com\/es\/wp-json\/wp\/v2\/pages\/23548\/revisions"}],"wp:featuredmedia":[{"embeddable":true,"href":"https:\/\/azstatefair.com\/es\/wp-json\/wp\/v2\/media\/23561"}],"wp:attachment":[{"href":"https:\/\/azstatefair.com\/es\/wp-json\/wp\/v2\/media?parent=23548"}],"curies":[{"name":"wp","href":"https:\/\/api.w.org\/{rel}","templated":true}]}}