{"id":23283,"date":"2024-12-10T10:52:58","date_gmt":"2024-12-10T17:52:58","guid":{"rendered":"https:\/\/azstatefair.com\/?page_id=23283"},"modified":"2026-04-28T11:23:40","modified_gmt":"2026-04-28T18:23:40","slug":"entertainers","status":"publish","type":"page","link":"https:\/\/azstatefair.com\/es\/entertainers\/","title":{"rendered":"Artistas contratados"},"content":{"rendered":"<div class=\"wpb-content-wrapper\"><div class=\"vc_row wpb_row vc_custom_1772731099745 vc_row-has-fill\"><div class=\"container\"><div class=\"vert-align-desktop wpb_column vc_column_container vc_col-sm-6\"><div class=\"vc_column-inner\"><div class=\"wpb_wrapper\">\n\t<div class=\"wpb_text_column wpb_content_element  mb0-desktop\" >\n\t\t<div class=\"wpb_wrapper\">\n\t\t\t<p><img loading=\"lazy\" decoding=\"async\" class=\"aligncenter size-full wp-image-19009\" style=\"border-radius: 5%;\" src=\"https:\/\/azstatefair.com\/wp-content\/uploads\/2023\/08\/Bill-and-Stephanie-Photo-e1723315426241.jpg\" alt=\"fair performers\" width=\"800\" height=\"520\" \/><\/p>\n\n\t\t<\/div>\n\t<\/div>\n<\/div><\/div><\/div><div class=\"vert-align-desktop wpb_column vc_column_container vc_col-sm-6\"><div class=\"vc_column-inner\"><div class=\"wpb_wrapper\">\n\t<div class=\"wpb_text_column wpb_content_element  mb0\" >\n\t\t<div class=\"wpb_wrapper\">\n\t\t\t<h3 style=\"text-align: left;\">\u00danete a los focos de la Feria Estatal de Arizona<\/h3>\n<p>El entretenimiento siempre ha estado en el coraz\u00f3n de las ferias y festivales, creando momentos inolvidables para p\u00fablicos de todas las edades. En la Feria Estatal de Arizona, estamos orgullosos de contar con un incre\u00edble elenco de talentosos artistas: desde hipnotizadores magos y atrevidos acr\u00f3batas hasta hipnotizadores y malabaristas que hacen las delicias del p\u00fablico.<\/p>\n<p>\u00bfTienes un n\u00famero espectacular? \u00a1Nos encantar\u00eda verlo! Env\u00eda tu n\u00famero hoy mismo para que sea considerado para la Feria Estatal de Arizona de 2026. <a href=\"https:\/\/docs.google.com\/forms\/d\/e\/1FAIpQLSeboBhz8EzNbqGApSsOVbv3tls-bhrosmkr3Bd2VBjIAW_fvQ\/viewform\" target=\"_blank\" rel=\"noopener nofollow noreferrer\">Rellene este formulario<\/a> que comparta su talento con nosotros.<\/p>\n<p style=\"text-align: left;\"><b><i><u>Tenga en cuenta lo siguiente:<\/u><\/i><\/b><b><i> This form is exclusively for paid entertainers. To perform on the Community Stage, please visit our dedicated <u><a href=\"\/es\/communitystage\/\">Animadores comunitarios<\/a>\u00a0<\/u>p\u00e1gina. S\u00f3lo nos pondremos en contacto con los actos que nos llamen la atenci\u00f3n, as\u00ed que \u00a1brilla!\u00a0<\/i><\/b><\/p>\n\n\t\t<\/div>\n\t<\/div>\n<div class=\"vc_row wpb_row vc_inner vc_row-fluid\"><div class=\"wpb_column vc_column_container vc_col-sm-12\"><div class=\"vc_column-inner\"><div class=\"wpb_wrapper\">\n\t<div class=\"wpb_text_column wpb_content_element  mb0\" >\n\t\t<div class=\"wpb_wrapper\">\n\t\t\t<p><a class=\"btn-bt default\" href=\"https:\/\/docs.google.com\/forms\/d\/e\/1FAIpQLSeboBhz8EzNbqGApSsOVbv3tls-bhrosmkr3Bd2VBjIAW_fvQ\/viewform\" target=\"_blank\" rel=\"noopener\">SOLICITUD DE ARTISTA<\/a><\/p>\n\n\t\t<\/div>\n\t<\/div>\n<\/div><\/div><\/div><\/div><\/div><\/div><\/div><\/div><\/div><div class=\"vc_row wpb_row need-a-venue-row add-parallax no-overlay-black vc_custom_1676931352307 vc_row-has-fill\"><div class=\"container\"><div class=\"wpb_column vc_column_container vc_col-sm-3\"><div class=\"vc_column-inner\"><div class=\"wpb_wrapper\"><\/div><\/div><\/div><div class=\"wpb_column vc_column_container vc_col-sm-6\"><div class=\"vc_column-inner\"><div class=\"wpb_wrapper\">\n\t<div class=\"wpb_text_column wpb_content_element  mb0\" >\n\t\t<div class=\"wpb_wrapper\">\n\t\t\t<h2 class=\"light1\" style=\"text-align: center;\">\u00danete al Fandom de la Feria<\/h2>\n<h4 class=\"light1\" style=\"text-align: center;\">Forme parte del exclusivo Fandom de la Feria y participe en las \u00faltimas ofertas, las atracciones m\u00e1s novedosas y la diversi\u00f3n del recinto ferial durante todo el a\u00f1o.<\/h4>\n<p style=\"text-align: center;\"><a class=\"btn-bt default\" href=\"https:\/\/azstatefair.com\/es\/fair-fandom\/\">INSCR\u00cdBETE HOY MISMO<\/a><\/p>\n\n\t\t<\/div>\n\t<\/div>\n<\/div><\/div><\/div><div class=\"wpb_column vc_column_container vc_col-sm-3\"><div class=\"vc_column-inner\"><div class=\"wpb_wrapper\"><\/div><\/div><\/div><\/div><\/div>\n<\/div>","protected":false},"excerpt":{"rendered":"\u00danete a los focos de la Feria Estatal de Arizona El entretenimiento siempre ha estado en el coraz\u00f3n de las ferias y festivales, creando momentos inolvidables para el p\u00fablico de todas las edades. En la Feria... <a class=\"more-link\" href=\"https:\/\/azstatefair.com\/es\/entertainers\/\">Seguir leyendo <span class=\"screen-reader-text\">Artistas contratados<\/span><\/a>","protected":false},"author":10,"featured_media":23287,"parent":0,"menu_order":0,"comment_status":"closed","ping_status":"closed","template":"","meta":{"_acf_changed":false,"h5ap_radio_sources":[],"footnotes":""},"class_list":["post-23283","page","type-page","status-publish","has-post-thumbnail","entry"],"acf":[],"yoast_head":"<!-- This site is optimized with the Yoast SEO plugin v27.5 - https:\/\/yoast.com\/product\/yoast-seo-wordpress\/ -->\n<title>Entertainers | Arizona State Fair<\/title>\n<meta name=\"description\" content=\"Join the spotlight at the Arizona State Fair as a paid entertainer.\" \/>\n<meta name=\"robots\" content=\"index, follow, max-snippet:-1, max-image-preview:large, max-video-preview:-1\" \/>\n<link rel=\"canonical\" href=\"https:\/\/azstatefair.com\/es\/entertainers\/\" \/>\n<meta property=\"og:locale\" content=\"es_MX\" \/>\n<meta property=\"og:type\" content=\"article\" \/>\n<meta property=\"og:title\" content=\"Entertainers | Arizona State Fair\" \/>\n<meta property=\"og:description\" content=\"Join the spotlight at the Arizona State Fair as a paid entertainer.\" \/>\n<meta property=\"og:url\" content=\"https:\/\/azstatefair.com\/es\/entertainers\/\" \/>\n<meta property=\"og:site_name\" content=\"AZ State Fair\" \/>\n<meta property=\"article:publisher\" content=\"https:\/\/www.facebook.com\/azstatefair\" \/>\n<meta property=\"article:modified_time\" content=\"2026-04-28T18:23:40+00:00\" \/>\n<meta property=\"og:image\" content=\"https:\/\/azstatefair.com\/wp-content\/uploads\/2024\/11\/0-16-e1732140434716.jpg\" \/>\n\t<meta property=\"og:image:width\" content=\"627\" \/>\n\t<meta property=\"og:image:height\" content=\"712\" \/>\n\t<meta property=\"og:image:type\" content=\"image\/jpeg\" \/>\n<meta name=\"twitter:card\" content=\"summary_large_image\" \/>\n<meta name=\"twitter:site\" content=\"@azstatefair\" \/>\n<script type=\"application\/ld+json\" class=\"yoast-schema-graph\">{\"@context\":\"https:\\\/\\\/schema.org\",\"@graph\":[{\"@type\":\"WebPage\",\"@id\":\"https:\\\/\\\/azstatefair.com\\\/entertainers\\\/\",\"url\":\"https:\\\/\\\/azstatefair.com\\\/entertainers\\\/\",\"name\":\"Entertainers | Arizona State Fair\",\"isPartOf\":{\"@id\":\"https:\\\/\\\/azstatefair.com\\\/#website\"},\"primaryImageOfPage\":{\"@id\":\"https:\\\/\\\/azstatefair.com\\\/entertainers\\\/#primaryimage\"},\"image\":{\"@id\":\"https:\\\/\\\/azstatefair.com\\\/entertainers\\\/#primaryimage\"},\"thumbnailUrl\":\"https:\\\/\\\/azstatefair.com\\\/wp-content\\\/uploads\\\/2024\\\/11\\\/0-16-e1732140434716.jpg\",\"datePublished\":\"2024-12-10T17:52:58+00:00\",\"dateModified\":\"2026-04-28T18:23:40+00:00\",\"description\":\"Join the spotlight at the Arizona State Fair as a paid entertainer.\",\"breadcrumb\":{\"@id\":\"https:\\\/\\\/azstatefair.com\\\/entertainers\\\/#breadcrumb\"},\"inLanguage\":\"es\",\"potentialAction\":[{\"@type\":\"ReadAction\",\"target\":[\"https:\\\/\\\/azstatefair.com\\\/entertainers\\\/\"]}]},{\"@type\":\"ImageObject\",\"inLanguage\":\"es\",\"@id\":\"https:\\\/\\\/azstatefair.com\\\/entertainers\\\/#primaryimage\",\"url\":\"https:\\\/\\\/azstatefair.com\\\/wp-content\\\/uploads\\\/2024\\\/11\\\/0-16-e1732140434716.jpg\",\"contentUrl\":\"https:\\\/\\\/azstatefair.com\\\/wp-content\\\/uploads\\\/2024\\\/11\\\/0-16-e1732140434716.jpg\",\"width\":627,\"height\":712,\"caption\":\"0 (16)\"},{\"@type\":\"BreadcrumbList\",\"@id\":\"https:\\\/\\\/azstatefair.com\\\/entertainers\\\/#breadcrumb\",\"itemListElement\":[{\"@type\":\"ListItem\",\"position\":1,\"name\":\"Home\",\"item\":\"https:\\\/\\\/azstatefair.com\\\/\"},{\"@type\":\"ListItem\",\"position\":2,\"name\":\"Paid Entertainers\"}]},{\"@type\":\"WebSite\",\"@id\":\"https:\\\/\\\/azstatefair.com\\\/#website\",\"url\":\"https:\\\/\\\/azstatefair.com\\\/\",\"name\":\"AZ State Fair\",\"description\":\"Arizona State Fair &amp; Exposition\",\"publisher\":{\"@id\":\"https:\\\/\\\/azstatefair.com\\\/#organization\"},\"alternateName\":\"AZ State Fair & Exposition\",\"potentialAction\":[{\"@type\":\"SearchAction\",\"target\":{\"@type\":\"EntryPoint\",\"urlTemplate\":\"https:\\\/\\\/azstatefair.com\\\/?s={search_term_string}\"},\"query-input\":{\"@type\":\"PropertyValueSpecification\",\"valueRequired\":true,\"valueName\":\"search_term_string\"}}],\"inLanguage\":\"es\"},{\"@type\":\"Organization\",\"@id\":\"https:\\\/\\\/azstatefair.com\\\/#organization\",\"name\":\"Arizona State Fair\",\"alternateName\":\"AZ State Fair\",\"url\":\"https:\\\/\\\/azstatefair.com\\\/\",\"logo\":{\"@type\":\"ImageObject\",\"inLanguage\":\"es\",\"@id\":\"https:\\\/\\\/azstatefair.com\\\/#\\\/schema\\\/logo\\\/image\\\/\",\"url\":\"https:\\\/\\\/azstatefair.com\\\/wp-content\\\/uploads\\\/2024\\\/09\\\/AZ-State-Fair-featured-image.png\",\"contentUrl\":\"https:\\\/\\\/azstatefair.com\\\/wp-content\\\/uploads\\\/2024\\\/09\\\/AZ-State-Fair-featured-image.png\",\"width\":1200,\"height\":630,\"caption\":\"Arizona State Fair\"},\"image\":{\"@id\":\"https:\\\/\\\/azstatefair.com\\\/#\\\/schema\\\/logo\\\/image\\\/\"},\"sameAs\":[\"https:\\\/\\\/www.facebook.com\\\/azstatefair\",\"https:\\\/\\\/x.com\\\/azstatefair\",\"https:\\\/\\\/www.instagram.com\\\/arizonastatefair\",\"https:\\\/\\\/www.pinterest.com\\\/azstatefair\",\"https:\\\/\\\/www.youtube.com\\\/arizonastatefair\",\"https:\\\/\\\/www.snapchat.com\\\/add\\\/azstatefair\"]}]}<\/script>\n<!-- \/ Yoast SEO plugin. -->","yoast_head_json":{"title":"Artistas | Feria Estatal de Arizona","description":"\u00danete al centro de atenci\u00f3n en la Feria Estatal de Arizona como artista remunerado.","robots":{"index":"index","follow":"follow","max-snippet":"max-snippet:-1","max-image-preview":"max-image-preview:large","max-video-preview":"max-video-preview:-1"},"canonical":"https:\/\/azstatefair.com\/es\/entertainers\/","og_locale":"es_MX","og_type":"article","og_title":"Entertainers | Arizona State Fair","og_description":"Join the spotlight at the Arizona State Fair as a paid entertainer.","og_url":"https:\/\/azstatefair.com\/es\/entertainers\/","og_site_name":"AZ State Fair","article_publisher":"https:\/\/www.facebook.com\/azstatefair","article_modified_time":"2026-04-28T18:23:40+00:00","og_image":[{"width":627,"height":712,"url":"https:\/\/azstatefair.com\/wp-content\/uploads\/2024\/11\/0-16-e1732140434716.jpg","type":"image\/jpeg"}],"twitter_card":"summary_large_image","twitter_site":"@azstatefair","schema":{"@context":"https:\/\/schema.org","@graph":[{"@type":"WebPage","@id":"https:\/\/azstatefair.com\/entertainers\/","url":"https:\/\/azstatefair.com\/entertainers\/","name":"Artistas | Feria Estatal de Arizona","isPartOf":{"@id":"https:\/\/azstatefair.com\/#website"},"primaryImageOfPage":{"@id":"https:\/\/azstatefair.com\/entertainers\/#primaryimage"},"image":{"@id":"https:\/\/azstatefair.com\/entertainers\/#primaryimage"},"thumbnailUrl":"https:\/\/azstatefair.com\/wp-content\/uploads\/2024\/11\/0-16-e1732140434716.jpg","datePublished":"2024-12-10T17:52:58+00:00","dateModified":"2026-04-28T18:23:40+00:00","description":"\u00danete al centro de atenci\u00f3n en la Feria Estatal de Arizona como artista remunerado.","breadcrumb":{"@id":"https:\/\/azstatefair.com\/entertainers\/#breadcrumb"},"inLanguage":"es","potentialAction":[{"@type":"ReadAction","target":["https:\/\/azstatefair.com\/entertainers\/"]}]},{"@type":"ImageObject","inLanguage":"es","@id":"https:\/\/azstatefair.com\/entertainers\/#primaryimage","url":"https:\/\/azstatefair.com\/wp-content\/uploads\/2024\/11\/0-16-e1732140434716.jpg","contentUrl":"https:\/\/azstatefair.com\/wp-content\/uploads\/2024\/11\/0-16-e1732140434716.jpg","width":627,"height":712,"caption":"0 (16)"},{"@type":"BreadcrumbList","@id":"https:\/\/azstatefair.com\/entertainers\/#breadcrumb","itemListElement":[{"@type":"ListItem","position":1,"name":"Home","item":"https:\/\/azstatefair.com\/"},{"@type":"ListItem","position":2,"name":"Paid Entertainers"}]},{"@type":"WebSite","@id":"https:\/\/azstatefair.com\/#website","url":"https:\/\/azstatefair.com\/","name":"Feria estatal de AZ","description":"Feria y Exposici\u00f3n del Estado de Arizona","publisher":{"@id":"https:\/\/azstatefair.com\/#organization"},"alternateName":"AZ State Fair & Exposition","potentialAction":[{"@type":"SearchAction","target":{"@type":"EntryPoint","urlTemplate":"https:\/\/azstatefair.com\/?s={search_term_string}"},"query-input":{"@type":"PropertyValueSpecification","valueRequired":true,"valueName":"search_term_string"}}],"inLanguage":"es"},{"@type":"Organization","@id":"https:\/\/azstatefair.com\/#organization","name":"Feria estatal de Arizona","alternateName":"AZ State Fair","url":"https:\/\/azstatefair.com\/","logo":{"@type":"ImageObject","inLanguage":"es","@id":"https:\/\/azstatefair.com\/#\/schema\/logo\/image\/","url":"https:\/\/azstatefair.com\/wp-content\/uploads\/2024\/09\/AZ-State-Fair-featured-image.png","contentUrl":"https:\/\/azstatefair.com\/wp-content\/uploads\/2024\/09\/AZ-State-Fair-featured-image.png","width":1200,"height":630,"caption":"Arizona State Fair"},"image":{"@id":"https:\/\/azstatefair.com\/#\/schema\/logo\/image\/"},"sameAs":["https:\/\/www.facebook.com\/azstatefair","https:\/\/x.com\/azstatefair","https:\/\/www.instagram.com\/arizonastatefair","https:\/\/www.pinterest.com\/azstatefair","https:\/\/www.youtube.com\/arizonastatefair","https:\/\/www.snapchat.com\/add\/azstatefair"]}]}},"publishpress_future_action":{"enabled":false,"date":"2026-05-05 15:27:38","action":"change-status","newStatus":"draft","terms":[],"taxonomy":"page-category","extraData":[]},"publishpress_future_workflow_manual_trigger":{"enabledWorkflows":[]},"_links":{"self":[{"href":"https:\/\/azstatefair.com\/es\/wp-json\/wp\/v2\/pages\/23283","targetHints":{"allow":["GET"]}}],"collection":[{"href":"https:\/\/azstatefair.com\/es\/wp-json\/wp\/v2\/pages"}],"about":[{"href":"https:\/\/azstatefair.com\/es\/wp-json\/wp\/v2\/types\/page"}],"author":[{"embeddable":true,"href":"https:\/\/azstatefair.com\/es\/wp-json\/wp\/v2\/users\/10"}],"replies":[{"embeddable":true,"href":"https:\/\/azstatefair.com\/es\/wp-json\/wp\/v2\/comments?post=23283"}],"version-history":[{"count":1,"href":"https:\/\/azstatefair.com\/es\/wp-json\/wp\/v2\/pages\/23283\/revisions"}],"predecessor-version":[{"id":28839,"href":"https:\/\/azstatefair.com\/es\/wp-json\/wp\/v2\/pages\/23283\/revisions\/28839"}],"wp:featuredmedia":[{"embeddable":true,"href":"https:\/\/azstatefair.com\/es\/wp-json\/wp\/v2\/media\/23287"}],"wp:attachment":[{"href":"https:\/\/azstatefair.com\/es\/wp-json\/wp\/v2\/media?parent=23283"}],"curies":[{"name":"wp","href":"https:\/\/api.w.org\/{rel}","templated":true}]}}