{"id":214,"date":"2017-09-19T08:33:36","date_gmt":"2017-09-19T15:33:36","guid":{"rendered":"http:\/\/web-2018.vmgagencysites.com\/?page_id=214"},"modified":"2026-04-14T12:12:54","modified_gmt":"2026-04-14T19:12:54","slug":"home","status":"publish","type":"page","link":"https:\/\/azstatefair.com\/es\/","title":{"rendered":"Inicio"},"content":{"rendered":"<div class=\"wpb-content-wrapper\"><div class=\"vc_row wpb_row light1 carousel-row year-round-row\"><div class=\"container\"><div class=\"wpb_column vc_column_container vc_col-sm-12\"><div class=\"vc_column-inner\"><div class=\"wpb_wrapper\">\n\t<div class=\"wpb_text_column wpb_content_element  vc_custom_1772124880914\" >\n\t\t<div class=\"wpb_wrapper\">\n\t\t\t<h2 style=\"text-align: center;\">Maravillas de la feria<\/h2>\n\n\t\t<\/div>\n\t<\/div>\n\n\t<div class=\"wpb_text_column wpb_content_element  mb0\" >\n\t\t<div class=\"wpb_wrapper\">\n\t\t\t<div class=\"featured-pages\">\n\n\t\t\t<div class=\"feat-page\">\n\t\t\t\t<a style=\"background-image: url('https:\/\/azstatefair.com\/wp-content\/uploads\/2023\/02\/carousel-ride-and-games-23.jpg');\" class=\"archive-post-image-link\" href=\"https:\/\/azstatefair.com\/es\/rides-games\/\"><\/a>\n\t\t\t\t<h3 class=\"feat-post-title\"><a class=\"feat-page-link\" href=\"https:\/\/azstatefair.com\/es\/rides-games\/\">Atracciones y juegos<\/a><\/h3>\n\t\t<\/div>\n\n\t\t\t<div class=\"feat-page\">\n\t\t\t\t<a style=\"background-image: url('https:\/\/azstatefair.com\/wp-content\/uploads\/2025\/04\/Copy-of-Food-Rainbow_icecream_Girl1-1568x2352.jpg');\" class=\"archive-post-image-link\" href=\"https:\/\/azstatefair.com\/es\/fair-food\/\"><\/a>\n\t\t\t\t<h3 class=\"feat-post-title\"><a class=\"feat-page-link\" href=\"https:\/\/azstatefair.com\/es\/fair-food\/\">Comida justa<\/a><\/h3>\n\t\t<\/div>\n\n\t\t\t<div class=\"feat-page\">\n\t\t\t\t<a style=\"background-image: url('https:\/\/azstatefair.com\/wp-content\/uploads\/2026\/02\/The-Format14.jpg');\" class=\"archive-post-image-link\" href=\"https:\/\/azstatefair.com\/es\/concerts\/\"><\/a>\n\t\t\t\t<h3 class=\"feat-post-title\"><a class=\"feat-page-link\" href=\"https:\/\/azstatefair.com\/es\/concerts\/\">Ciclo de conciertos del Coliseo<\/a><\/h3>\n\t\t<\/div>\n\n\t\t\t<div class=\"feat-page\">\n\t\t\t\t<a style=\"background-image: url('https:\/\/azstatefair.com\/wp-content\/uploads\/2022\/07\/blog-feat-image.jpg');\" class=\"archive-post-image-link\" href=\"https:\/\/azstatefair.com\/es\/blog\/\"><\/a>\n\t\t\t\t<h3 class=\"feat-post-title\"><a class=\"feat-page-link\" href=\"https:\/\/azstatefair.com\/es\/blog\/\">Blog<\/a><\/h3>\n\t\t<\/div>\n\n\t\n<\/div>\n\n<div class=\"slick-navbar feat-pages white-navbar\">\n\t<button class=\"slick_prev\"><i class=\"icon-angle-left\"><\/i><\/button>\n\t<div class=\"slick_dots\"><\/div>\n\t<button class=\"slick_next\"><i class=\"icon-angle-right\"><\/i><\/button>\n<\/div>\n\n\t\t<\/div>\n\t<\/div>\n<\/div><\/div><\/div><\/div><\/div><div class=\"vc_row wpb_row the-events-calendar-row upcoming-events-tec home-events vc_custom_1762978071087 vc_row-has-fill\"><div class=\"container\"><div class=\"wpb_column vc_column_container vc_col-sm-12\"><div class=\"vc_column-inner\"><div class=\"wpb_wrapper\">\n\t<div class=\"wpb_text_column wpb_content_element  mb0\" >\n\t\t<div class=\"wpb_wrapper\">\n\t\t\t<h2 style=\"text-align: center;\">Eventos en recintos feriales<\/h2>\n\n\t\t<\/div>\n\t<\/div>\n\n\t<div class=\"wpb_text_column wpb_content_element\" >\n\t\t<div class=\"wpb_wrapper\">\n\t\t\t<p class=\"p1\">\n    <div class=\"events-dump\">\n\n                    <div class=\"upcoming-event event-18840\">\n                <a class=\"upcoming-event-image-link\" href=\"https:\/\/azstatefair.com\/es\/events\/arizona-bridal-wedding-expo-2\/\"><img decoding=\"async\" class=\"upcoming-event-image\" src=\"https:\/\/azstatefair.com\/wp-content\/uploads\/2025\/11\/bridal-expo-2026.png\" width=\"100%\" height=\"auto\" \/><\/a>\n                <div class=\"event-details\">\n                    <div class=\"event-date-title-time\">\n                        <h3 class=\"upcoming-event-title\"><a class=\"upcoming-event-title-link\" href=\"https:\/\/azstatefair.com\/es\/events\/arizona-bridal-wedding-expo-2\/\">Exposici\u00f3n de bodas y novias de Arizona<\/a><\/h3>\n                                                                                <div class=\"event-when\">\n                                                                    <p class=\"date-time\"><span class=\"date\">2 de mayo de 2026<\/span> <span class=\"time\">De 12:30 p. m. a 5:00 p. m.<\/span><\/p>                                                                                                        <p class=\"date-time\"><span class=\"date\">3 de mayo de 2026<\/span> <span class=\"time\">De 12:30 p. m. a 5:00 p. m.<\/span><\/p>                                                                                                <\/div><!-- .event-when -->\n                                                                        <\/div><!-- .event-date-title-time -->\n                    <p class=\"event-venue\">\n                        <a class=\"event-venue-link\" href=\"https:\/\/azstatefair.com\/es\/venue-rental\/agriculture-center\/\">Centro de Agricultura<\/a>                    <\/p>\n                <\/div><!-- .event-details -->\n                                    <a class=\"event-learn-more btn-bt default\" href=\"https:\/\/azstatefair.com\/es\/events\/arizona-bridal-wedding-expo-2\/\">SABER M\u00c1S<\/a>\n                            <\/div><!-- .upcoming-event -->\n\n                    <div class=\"upcoming-event event-21275\">\n                <a class=\"upcoming-event-image-link\" href=\"https:\/\/azstatefair.com\/es\/events\/phoenix-union-high-school-graduations\/\"><img decoding=\"async\" class=\"upcoming-event-image\" src=\"https:\/\/azstatefair.com\/wp-content\/uploads\/2023\/11\/PXU-logo.png\" width=\"100%\" height=\"auto\" \/><\/a>\n                <div class=\"event-details\">\n                    <div class=\"event-date-title-time\">\n                        <h3 class=\"upcoming-event-title\"><a class=\"upcoming-event-title-link\" href=\"https:\/\/azstatefair.com\/es\/events\/phoenix-union-high-school-graduations\/\">Graduaciones de Phoenix Union High School<\/a><\/h3>\n                                                                                <div class=\"event-when\">\n                                                                    <p class=\"date-time\"><span class=\"date\">19 de mayo de 2026<\/span> <span class=\"time\">De 14:30 a 21:00<\/span><\/p>                                                                                                        <p class=\"date-time\"><span class=\"date\">20 de mayo de 2026<\/span> <span class=\"time\">De 14:30 a 21:00<\/span><\/p>                                                                            <!-- Display \"See more\" button here -->\n                                                                                                        <p class=\"date-time\"><span class=\"date\">21 de mayo de 2026<\/span> <span class=\"time\">De 8:30 a. m. a 9:00 p. m.<\/span><\/p>                                                                                                <\/div><!-- .event-when -->\n                                                            <button type=\"button\" class=\"expand-when\">M\u00e1s informaci\u00f3n<\/button>\n                                                                        <\/div><!-- .event-date-title-time -->\n                    <p class=\"event-venue\">\n                        <a class=\"event-venue-link\" href=\"https:\/\/azstatefair.com\/es\/venue-rental\/veterans-memorial-coliseum\/\">Coliseo Veterans Memorial<\/a>                    <\/p>\n                <\/div><!-- .event-details -->\n                                    <a class=\"event-learn-more btn-bt default\" href=\"https:\/\/azstatefair.com\/es\/events\/phoenix-union-high-school-graduations\/\">SABER M\u00c1S<\/a>\n                            <\/div><!-- .upcoming-event -->\n\n                    <div class=\"upcoming-event event-23212\">\n                <a class=\"upcoming-event-image-link\" href=\"https:\/\/azstatefair.com\/es\/events\/crossroads-of-the-west-gun-show-july\/\"><img decoding=\"async\" class=\"upcoming-event-image\" src=\"https:\/\/azstatefair.com\/wp-content\/uploads\/2023\/02\/Crossroads-of-the-West-Gun-Show-ft-img.jpg\" width=\"100%\" height=\"auto\" \/><\/a>\n                <div class=\"event-details\">\n                    <div class=\"event-date-title-time\">\n                        <h3 class=\"upcoming-event-title\"><a class=\"upcoming-event-title-link\" href=\"https:\/\/azstatefair.com\/es\/events\/crossroads-of-the-west-gun-show-july\/\">Exposici\u00f3n de armas Crossroads of the West<\/a><\/h3>\n                                                                                <div class=\"event-when\">\n                                                                    <p class=\"date-time\"><span class=\"date\">11 de julio de 2026<\/span> <span class=\"time\">De 9.00 a 17.00 horas<\/span><\/p>                                                                                                        <p class=\"date-time\"><span class=\"date\">12 de julio de 2026<\/span> <span class=\"time\">De 9.00 a 15.00 horas<\/span><\/p>                                                                                                <\/div><!-- .event-when -->\n                                                                        <\/div><!-- .event-date-title-time -->\n                    <p class=\"event-venue\">\n                        <a class=\"event-venue-link\" href=\"https:\/\/azstatefair.com\/es\/venue-rental\/veterans-memorial-coliseum\/\">Coliseo Veterans Memorial<\/a>                    <\/p>\n                <\/div><!-- .event-details -->\n                                    <a class=\"event-learn-more btn-bt default\" href=\"https:\/\/azstatefair.com\/es\/events\/crossroads-of-the-west-gun-show-july\/\">SABER M\u00c1S<\/a>\n                            <\/div><!-- .upcoming-event -->\n\n                    <div class=\"upcoming-event event-23681\">\n                <a class=\"upcoming-event-image-link\" href=\"https:\/\/azstatefair.com\/es\/events\/crossroads-of-the-west-gun-show-september\/\"><img decoding=\"async\" class=\"upcoming-event-image\" src=\"https:\/\/azstatefair.com\/wp-content\/uploads\/2023\/02\/Crossroads-of-the-West-Gun-Show-ft-img.jpg\" width=\"100%\" height=\"auto\" \/><\/a>\n                <div class=\"event-details\">\n                    <div class=\"event-date-title-time\">\n                        <h3 class=\"upcoming-event-title\"><a class=\"upcoming-event-title-link\" href=\"https:\/\/azstatefair.com\/es\/events\/crossroads-of-the-west-gun-show-september\/\">Exposici\u00f3n de armas Crossroads of the West<\/a><\/h3>\n                                                                                <div class=\"event-when\">\n                                                                    <p class=\"date-time\"><span class=\"date\">5 de septiembre de 2026<\/span> <span class=\"time\">De 9.00 a 17.00 horas<\/span><\/p>                                                                                                        <p class=\"date-time\"><span class=\"date\">6 de septiembre de 2026<\/span> <span class=\"time\">De 9.00 a 15.00 horas<\/span><\/p>                                                                                                <\/div><!-- .event-when -->\n                                                                        <\/div><!-- .event-date-title-time -->\n                    <p class=\"event-venue\">\n                        <a class=\"event-venue-link\" href=\"https:\/\/azstatefair.com\/es\/venue-rental\/veterans-memorial-coliseum\/\">Coliseo Veterans Memorial<\/a>                    <\/p>\n                <\/div><!-- .event-details -->\n                                    <a class=\"event-learn-more btn-bt default\" href=\"https:\/\/azstatefair.com\/es\/events\/crossroads-of-the-west-gun-show-september\/\">SABER M\u00c1S<\/a>\n                            <\/div><!-- .upcoming-event -->\n\n        \n    <\/div><!-- .events-dump -->\n\n    <\/p>\n\n\t\t<\/div>\n\t<\/div>\n\n\t<div class=\"wpb_raw_code wpb_content_element wpb_raw_html\" >\n\t\t<div class=\"wpb_wrapper\">\n\t\t\t<div class=\"slick-navbar home-events-nav white-navbar\">\n\t<button class=\"slick_prev\"><i class=\"icon-angle-left\"><\/i><\/button>\n\t<div class=\"slick_dots\"><\/div>\n\t<button class=\"slick_next\"><i class=\"icon-angle-right\"><\/i><\/button>\n<\/div>\n\t\t<\/div>\n\t<\/div>\n<\/div><\/div><\/div><\/div><\/div><div class=\"vc_row wpb_row need-a-venue-row add-parallax no-overlay-black vc_custom_1676931352307 vc_row-has-fill\"><div class=\"container\"><div class=\"wpb_column vc_column_container vc_col-sm-3\"><div class=\"vc_column-inner\"><div class=\"wpb_wrapper\"><\/div><\/div><\/div><div class=\"wpb_column vc_column_container vc_col-sm-6\"><div class=\"vc_column-inner\"><div class=\"wpb_wrapper\">\n\t<div class=\"wpb_text_column wpb_content_element  mb0\" >\n\t\t<div class=\"wpb_wrapper\">\n\t\t\t<h1 class=\"light1\" style=\"text-align: center;\">\u00bfNecesita un lugar?<\/h1>\n<h4 class=\"light1\" style=\"text-align: center;\">Reserve su evento o hable con un especialista en eventos en la Exposici\u00f3n y Feria Estatal de Arizona<\/h4>\n<p style=\"text-align: center;\"><a class=\"btn-bt default\" href=\"\/es\/venue-rental\/\">SABER M\u00c1S<\/a><\/p>\n\n\t\t<\/div>\n\t<\/div>\n<\/div><\/div><\/div><div class=\"wpb_column vc_column_container vc_col-sm-3\"><div class=\"vc_column-inner\"><div class=\"wpb_wrapper\"><\/div><\/div><\/div><\/div><\/div>\n<\/div>","protected":false},"excerpt":{"rendered":"","protected":false},"author":1,"featured_media":22936,"parent":0,"menu_order":0,"comment_status":"closed","ping_status":"closed","template":"","meta":{"_acf_changed":false,"h5ap_radio_sources":[],"footnotes":""},"class_list":["post-214","page","type-page","status-publish","has-post-thumbnail","entry"],"acf":[],"yoast_head":"<!-- This site is optimized with the Yoast SEO plugin v27.5 - https:\/\/yoast.com\/product\/yoast-seo-wordpress\/ -->\n<title>Welcome to the Arizona State Fairgrounds<\/title>\n<meta name=\"description\" content=\"The fun continues all year long! Explore what events are being hosted at the Arizona State Fairgrounds this year.\" \/>\n<meta name=\"robots\" content=\"index, follow, max-snippet:-1, max-image-preview:large, max-video-preview:-1\" \/>\n<link rel=\"canonical\" href=\"https:\/\/azstatefair.com\/es\/\" \/>\n<meta property=\"og:locale\" content=\"es_MX\" \/>\n<meta property=\"og:type\" content=\"article\" \/>\n<meta property=\"og:title\" content=\"Welcome to the Arizona State Fairgrounds\" \/>\n<meta property=\"og:description\" content=\"The fun continues all year long! Explore what events are being hosted at the Arizona State Fairgrounds this year.\" \/>\n<meta property=\"og:url\" content=\"https:\/\/azstatefair.com\/es\/\" \/>\n<meta property=\"og:site_name\" content=\"AZ State Fair\" \/>\n<meta property=\"article:publisher\" content=\"https:\/\/www.facebook.com\/azstatefair\" \/>\n<meta property=\"article:modified_time\" content=\"2026-04-14T19:12:54+00:00\" \/>\n<meta property=\"og:image\" content=\"https:\/\/azstatefair.com\/wp-content\/uploads\/2024\/09\/AZ-State-Fair-featured-image.png\" \/>\n\t<meta property=\"og:image:width\" content=\"1200\" \/>\n\t<meta property=\"og:image:height\" content=\"630\" \/>\n\t<meta property=\"og:image:type\" content=\"image\/png\" \/>\n<meta name=\"twitter:card\" content=\"summary_large_image\" \/>\n<meta name=\"twitter:image\" content=\"https:\/\/azstatefair.com\/wp-content\/uploads\/2024\/09\/AZ-State-Fair-featured-image.png\" \/>\n<meta name=\"twitter:site\" content=\"@azstatefair\" \/>\n<script type=\"application\/ld+json\" class=\"yoast-schema-graph\">{\"@context\":\"https:\\\/\\\/schema.org\",\"@graph\":[{\"@type\":\"WebPage\",\"@id\":\"https:\\\/\\\/azstatefair.com\\\/\",\"url\":\"https:\\\/\\\/azstatefair.com\\\/\",\"name\":\"Welcome to the Arizona State Fairgrounds\",\"isPartOf\":{\"@id\":\"https:\\\/\\\/azstatefair.com\\\/#website\"},\"primaryImageOfPage\":{\"@id\":\"https:\\\/\\\/azstatefair.com\\\/#primaryimage\"},\"image\":{\"@id\":\"https:\\\/\\\/azstatefair.com\\\/#primaryimage\"},\"thumbnailUrl\":\"https:\\\/\\\/azstatefair.com\\\/wp-content\\\/uploads\\\/2024\\\/09\\\/AZ-State-Fair-featured-image.png\",\"datePublished\":\"2017-09-19T15:33:36+00:00\",\"dateModified\":\"2026-04-14T19:12:54+00:00\",\"description\":\"The fun continues all year long! Explore what events are being hosted at the Arizona State Fairgrounds this year.\",\"breadcrumb\":{\"@id\":\"https:\\\/\\\/azstatefair.com\\\/#breadcrumb\"},\"inLanguage\":\"es\",\"potentialAction\":[{\"@type\":\"ReadAction\",\"target\":[\"https:\\\/\\\/azstatefair.com\\\/\"]}]},{\"@type\":\"ImageObject\",\"inLanguage\":\"es\",\"@id\":\"https:\\\/\\\/azstatefair.com\\\/#primaryimage\",\"url\":\"https:\\\/\\\/azstatefair.com\\\/wp-content\\\/uploads\\\/2024\\\/09\\\/AZ-State-Fair-featured-image.png\",\"contentUrl\":\"https:\\\/\\\/azstatefair.com\\\/wp-content\\\/uploads\\\/2024\\\/09\\\/AZ-State-Fair-featured-image.png\",\"width\":1200,\"height\":630,\"caption\":\"AZ State Fair featured image\"},{\"@type\":\"BreadcrumbList\",\"@id\":\"https:\\\/\\\/azstatefair.com\\\/#breadcrumb\",\"itemListElement\":[{\"@type\":\"ListItem\",\"position\":1,\"name\":\"Home\",\"item\":\"https:\\\/\\\/azstatefair.com\\\/\"},{\"@type\":\"ListItem\",\"position\":2,\"name\":\"Home\"}]},{\"@type\":\"WebSite\",\"@id\":\"https:\\\/\\\/azstatefair.com\\\/#website\",\"url\":\"https:\\\/\\\/azstatefair.com\\\/\",\"name\":\"AZ State Fair\",\"description\":\"Arizona State Fair &amp; Exposition\",\"publisher\":{\"@id\":\"https:\\\/\\\/azstatefair.com\\\/#organization\"},\"alternateName\":\"AZ State Fair & Exposition\",\"potentialAction\":[{\"@type\":\"SearchAction\",\"target\":{\"@type\":\"EntryPoint\",\"urlTemplate\":\"https:\\\/\\\/azstatefair.com\\\/?s={search_term_string}\"},\"query-input\":{\"@type\":\"PropertyValueSpecification\",\"valueRequired\":true,\"valueName\":\"search_term_string\"}}],\"inLanguage\":\"es\"},{\"@type\":\"Organization\",\"@id\":\"https:\\\/\\\/azstatefair.com\\\/#organization\",\"name\":\"Arizona State Fair\",\"alternateName\":\"AZ State Fair\",\"url\":\"https:\\\/\\\/azstatefair.com\\\/\",\"logo\":{\"@type\":\"ImageObject\",\"inLanguage\":\"es\",\"@id\":\"https:\\\/\\\/azstatefair.com\\\/#\\\/schema\\\/logo\\\/image\\\/\",\"url\":\"https:\\\/\\\/azstatefair.com\\\/wp-content\\\/uploads\\\/2024\\\/09\\\/AZ-State-Fair-featured-image.png\",\"contentUrl\":\"https:\\\/\\\/azstatefair.com\\\/wp-content\\\/uploads\\\/2024\\\/09\\\/AZ-State-Fair-featured-image.png\",\"width\":1200,\"height\":630,\"caption\":\"Arizona State Fair\"},\"image\":{\"@id\":\"https:\\\/\\\/azstatefair.com\\\/#\\\/schema\\\/logo\\\/image\\\/\"},\"sameAs\":[\"https:\\\/\\\/www.facebook.com\\\/azstatefair\",\"https:\\\/\\\/x.com\\\/azstatefair\",\"https:\\\/\\\/www.instagram.com\\\/arizonastatefair\",\"https:\\\/\\\/www.pinterest.com\\\/azstatefair\",\"https:\\\/\\\/www.youtube.com\\\/arizonastatefair\",\"https:\\\/\\\/www.snapchat.com\\\/add\\\/azstatefair\"]}]}<\/script>\n<!-- \/ Yoast SEO plugin. -->","yoast_head_json":{"title":"Bienvenido a la Feria Estatal de Arizona","description":"La diversi\u00f3n contin\u00faa durante todo el a\u00f1o. Descubra los eventos que se celebran este a\u00f1o en la Feria Estatal de Arizona.","robots":{"index":"index","follow":"follow","max-snippet":"max-snippet:-1","max-image-preview":"max-image-preview:large","max-video-preview":"max-video-preview:-1"},"canonical":"https:\/\/azstatefair.com\/es\/","og_locale":"es_MX","og_type":"article","og_title":"Welcome to the Arizona State Fairgrounds","og_description":"The fun continues all year long! Explore what events are being hosted at the Arizona State Fairgrounds this year.","og_url":"https:\/\/azstatefair.com\/es\/","og_site_name":"AZ State Fair","article_publisher":"https:\/\/www.facebook.com\/azstatefair","article_modified_time":"2026-04-14T19:12:54+00:00","og_image":[{"width":1200,"height":630,"url":"https:\/\/azstatefair.com\/wp-content\/uploads\/2024\/09\/AZ-State-Fair-featured-image.png","type":"image\/png"}],"twitter_card":"summary_large_image","twitter_image":"https:\/\/azstatefair.com\/wp-content\/uploads\/2024\/09\/AZ-State-Fair-featured-image.png","twitter_site":"@azstatefair","schema":{"@context":"https:\/\/schema.org","@graph":[{"@type":"WebPage","@id":"https:\/\/azstatefair.com\/","url":"https:\/\/azstatefair.com\/","name":"Bienvenido a la Feria Estatal de Arizona","isPartOf":{"@id":"https:\/\/azstatefair.com\/#website"},"primaryImageOfPage":{"@id":"https:\/\/azstatefair.com\/#primaryimage"},"image":{"@id":"https:\/\/azstatefair.com\/#primaryimage"},"thumbnailUrl":"https:\/\/azstatefair.com\/wp-content\/uploads\/2024\/09\/AZ-State-Fair-featured-image.png","datePublished":"2017-09-19T15:33:36+00:00","dateModified":"2026-04-14T19:12:54+00:00","description":"La diversi\u00f3n contin\u00faa durante todo el a\u00f1o. Descubra los eventos que se celebran este a\u00f1o en la Feria Estatal de Arizona.","breadcrumb":{"@id":"https:\/\/azstatefair.com\/#breadcrumb"},"inLanguage":"es","potentialAction":[{"@type":"ReadAction","target":["https:\/\/azstatefair.com\/"]}]},{"@type":"ImageObject","inLanguage":"es","@id":"https:\/\/azstatefair.com\/#primaryimage","url":"https:\/\/azstatefair.com\/wp-content\/uploads\/2024\/09\/AZ-State-Fair-featured-image.png","contentUrl":"https:\/\/azstatefair.com\/wp-content\/uploads\/2024\/09\/AZ-State-Fair-featured-image.png","width":1200,"height":630,"caption":"AZ State Fair featured image"},{"@type":"BreadcrumbList","@id":"https:\/\/azstatefair.com\/#breadcrumb","itemListElement":[{"@type":"ListItem","position":1,"name":"Home","item":"https:\/\/azstatefair.com\/"},{"@type":"ListItem","position":2,"name":"Home"}]},{"@type":"WebSite","@id":"https:\/\/azstatefair.com\/#website","url":"https:\/\/azstatefair.com\/","name":"Feria estatal de AZ","description":"Feria y Exposici\u00f3n del Estado de Arizona","publisher":{"@id":"https:\/\/azstatefair.com\/#organization"},"alternateName":"AZ State Fair & Exposition","potentialAction":[{"@type":"SearchAction","target":{"@type":"EntryPoint","urlTemplate":"https:\/\/azstatefair.com\/?s={search_term_string}"},"query-input":{"@type":"PropertyValueSpecification","valueRequired":true,"valueName":"search_term_string"}}],"inLanguage":"es"},{"@type":"Organization","@id":"https:\/\/azstatefair.com\/#organization","name":"Feria estatal de Arizona","alternateName":"AZ State Fair","url":"https:\/\/azstatefair.com\/","logo":{"@type":"ImageObject","inLanguage":"es","@id":"https:\/\/azstatefair.com\/#\/schema\/logo\/image\/","url":"https:\/\/azstatefair.com\/wp-content\/uploads\/2024\/09\/AZ-State-Fair-featured-image.png","contentUrl":"https:\/\/azstatefair.com\/wp-content\/uploads\/2024\/09\/AZ-State-Fair-featured-image.png","width":1200,"height":630,"caption":"Arizona State Fair"},"image":{"@id":"https:\/\/azstatefair.com\/#\/schema\/logo\/image\/"},"sameAs":["https:\/\/www.facebook.com\/azstatefair","https:\/\/x.com\/azstatefair","https:\/\/www.instagram.com\/arizonastatefair","https:\/\/www.pinterest.com\/azstatefair","https:\/\/www.youtube.com\/arizonastatefair","https:\/\/www.snapchat.com\/add\/azstatefair"]}]}},"publishpress_future_action":{"enabled":false,"date":"2026-05-05 15:27:05","action":"change-status","newStatus":"draft","terms":[],"taxonomy":"page-category","extraData":[]},"publishpress_future_workflow_manual_trigger":{"enabledWorkflows":[]},"_links":{"self":[{"href":"https:\/\/azstatefair.com\/es\/wp-json\/wp\/v2\/pages\/214","targetHints":{"allow":["GET"]}}],"collection":[{"href":"https:\/\/azstatefair.com\/es\/wp-json\/wp\/v2\/pages"}],"about":[{"href":"https:\/\/azstatefair.com\/es\/wp-json\/wp\/v2\/types\/page"}],"author":[{"embeddable":true,"href":"https:\/\/azstatefair.com\/es\/wp-json\/wp\/v2\/users\/1"}],"replies":[{"embeddable":true,"href":"https:\/\/azstatefair.com\/es\/wp-json\/wp\/v2\/comments?post=214"}],"version-history":[{"count":1,"href":"https:\/\/azstatefair.com\/es\/wp-json\/wp\/v2\/pages\/214\/revisions"}],"predecessor-version":[{"id":28842,"href":"https:\/\/azstatefair.com\/es\/wp-json\/wp\/v2\/pages\/214\/revisions\/28842"}],"wp:featuredmedia":[{"embeddable":true,"href":"https:\/\/azstatefair.com\/es\/wp-json\/wp\/v2\/media\/22936"}],"wp:attachment":[{"href":"https:\/\/azstatefair.com\/es\/wp-json\/wp\/v2\/media?parent=214"}],"curies":[{"name":"wp","href":"https:\/\/api.w.org\/{rel}","templated":true}]}}