{"id":1627,"date":"2019-06-06T16:27:41","date_gmt":"2019-06-06T23:27:41","guid":{"rendered":"https:\/\/sales.vdigitalservices.com\/dev-shell-vc\/?page_id=1627"},"modified":"2023-02-20T14:22:48","modified_gmt":"2023-02-20T21:22:48","slug":"website-accessibility","status":"publish","type":"page","link":"https:\/\/azstatefair.com\/es\/website-accessibility\/","title":{"rendered":"Accesibilidad del sitio web"},"content":{"rendered":"<div class=\"wpb-content-wrapper\"><div class=\"vc_row wpb_row\"><div class=\"container\"><div class=\"wpb_column vc_column_container vc_col-sm-12\"><div class=\"vc_column-inner\"><div class=\"wpb_wrapper\">\n\t<div class=\"wpb_text_column wpb_content_element\" >\n\t\t<div class=\"wpb_wrapper\">\n\t\t\t<p>La accesibilidad del sitio web es un esfuerzo continuo y estamos tomando medidas para mejorar la accesibilidad de la\nFeria Estatal de Arizona. Si tiene dificultades para utilizar o acceder a cualquier elemento de este sitio web, p\u00f3ngase en contacto con nosotros a trav\u00e9s del formulario de contacto de nuestro sitio web, por tel\u00e9fono o por correo electr\u00f3nico y trabajaremos con usted para proporcionarle la informaci\u00f3n, el art\u00edculo o la transacci\u00f3n que busca a trav\u00e9s de un m\u00e9todo de comunicaci\u00f3n que sea accesible para usted, de acuerdo con la legislaci\u00f3n aplicable.<\/p>\n<h3>NUESTRO COMPROMISO CON LA DIVERSIDAD Y LA INCLUSI\u00d3N<\/h3>\n<p>En\nArizona State Fair, la accesibilidad, la diversidad y la inclusi\u00f3n son valores importantes que afectan a todo lo que hacemos. Tanto si utilizas un lector de pantalla, un software de reconocimiento de voz u otro tipo de tecnolog\u00eda de asistencia, queremos ser accesibles para ti y f\u00e1ciles de navegar.<\/p>\n<h3>ALCANZAR LOS OBJETIVOS DE ACCESIBILIDAD<\/h3>\n<p>Nuestras normas de accesibilidad web son estrictas y trabajamos para cumplirlas. Nuestro equipo se esfuerza por garantizar que nuestro sitio web cumpla todas las leyes y directrices y cree una experiencia de uso para todos los clientes.<\/p>\n<h3>C\u00d3MO HA CAMBIADO Y EST\u00c1 CAMBIANDO NUESTRO SITIO WEB:<\/h3>\n<p>Estas son algunas de las cosas que hemos hecho y seguimos haciendo para que nuestro sitio sea f\u00e1cil de usar para todos:<\/p>\n<h3>MEJORAR LA ESTRUCTURA DEL SITIO<\/h3>\n<p>Estamos trabajando para editar las p\u00e1ginas de modo que incluyan t\u00edtulos, listas, p\u00e1rrafos y otros formatos adecuados para mejorar su uso con tecnolog\u00eda de asistencia.<\/p>\n<h3>A\u00d1ADIR EQUIVALENTES DE TEXTO<\/h3>\n<p>A\u00f1adimos texto alternativo, subt\u00edtulos y transcripciones a im\u00e1genes y v\u00eddeos para que los usuarios que no pueden ver u o\u00edr tengan un equivalente textual con el que interactuar.<\/p>\n<h3>EDIFICIO PARA ACCESO TOTAL AL TECLADO<\/h3>\n<p>Estamos desarrollando nuevas p\u00e1ginas teniendo en cuenta la accesibilidad mediante teclado, de modo que los usuarios puedan desplazarse f\u00e1cilmente por una p\u00e1gina para encontrar el contenido que necesitan.<\/p>\n<h3>CREAR COHERENCIA EN EL SITIO WEB<\/h3>\n<p>Estamos creando plantillas para nuestro sitio con el fin de garantizar la coherencia. Una vez que se haya familiarizado con el funcionamiento de nuestras p\u00e1ginas y men\u00fas, podr\u00e1 esperar una funcionalidad similar en todo el sitio, cada vez que lo visite.<\/p>\n<p>La visita a nuestro sitio web supone la aceptaci\u00f3n expl\u00edcita de esta declaraci\u00f3n de accesibilidad, la pol\u00edtica de cookies, las condiciones del servicio y la pol\u00edtica de privacidad descritas en nuestro sitio web.<\/p>\n<p>Al utilizar este sitio web usted acepta que no seremos responsables de ninguna y todas las reclamaciones presentadas en relaci\u00f3n con la accesibilidad y las dificultades de accesibilidad. Al utilizar este sitio web, usted reconoce que nos tomamos muy en serio las cuestiones de accesibilidad y que trabajamos para proporcionarle toda la informaci\u00f3n, art\u00edculos, transacciones, o de otro tipo, que busque a trav\u00e9s de un m\u00e9todo de comunicaci\u00f3n que sea accesible para usted, de conformidad con la legislaci\u00f3n aplicable. Si tiene dificultades para utilizar o acceder a cualquier elemento de este sitio web, p\u00f3ngase en contacto con nosotros a trav\u00e9s del formulario de contacto de nuestro sitio web, ll\u00e1menos al tel\u00e9fono <a href=\"tel:(602) 252-6771\">\n(602) 252-6771<\/a> o env\u00edenos un correo electr\u00f3nico a <a href=\"mailto:info@azstatefair.com\">\ninfo@azstatefair.com<\/a>y trabajaremos con usted para proporcionarle la informaci\u00f3n, el art\u00edculo o la transacci\u00f3n que busca a trav\u00e9s de un m\u00e9todo de comunicaci\u00f3n que sea accesible para usted, de acuerdo con la legislaci\u00f3n aplicable.<\/p>\n<p>Si no puede acceder a alguna informaci\u00f3n o elemento de nuestro sitio web, ll\u00e1menos al <a href=\"tel:(602) 252-6771\">\n(602) 252-6771<\/a> o env\u00edenos un correo electr\u00f3nico a <a href=\"mailto:info@azstatefair.com\">\ninfo@azstatefair.com<\/a> de asistencia.<\/p>\n\n\t\t<\/div>\n\t<\/div>\n<\/div><\/div><\/div><\/div><\/div>\n<\/div>","protected":false},"excerpt":{"rendered":"La accesibilidad del sitio web es un esfuerzo continuo y estamos tomando medidas para mejorar la accesibilidad de la Feria Estatal de Arizona. Si tiene dificultades para utilizar o acceder... <a class=\"more-link\" href=\"https:\/\/azstatefair.com\/es\/website-accessibility\/\">Seguir leyendo <span class=\"screen-reader-text\">Accesibilidad del sitio web<\/span><\/a>","protected":false},"author":1,"featured_media":0,"parent":0,"menu_order":0,"comment_status":"closed","ping_status":"closed","template":"","meta":{"_acf_changed":false,"h5ap_radio_sources":[],"footnotes":""},"class_list":["post-1627","page","type-page","status-publish","entry"],"acf":[],"yoast_head":"<!-- This site is optimized with the Yoast SEO plugin v27.5 - https:\/\/yoast.com\/product\/yoast-seo-wordpress\/ -->\n<title>Website Accessibility | Arizona State Fair<\/title>\n<meta name=\"description\" content=\"LET&#039;S MAKE MEMORIES TOGETHER AT THE AZ STATE FAIR!\" \/>\n<meta name=\"robots\" content=\"index, follow, max-snippet:-1, max-image-preview:large, max-video-preview:-1\" \/>\n<link rel=\"canonical\" href=\"https:\/\/azstatefair.com\/es\/website-accessibility\/\" \/>\n<meta property=\"og:locale\" content=\"es_MX\" \/>\n<meta property=\"og:type\" content=\"article\" \/>\n<meta property=\"og:title\" content=\"Website Accessibility | Arizona State Fair\" \/>\n<meta property=\"og:description\" content=\"LET&#039;S MAKE MEMORIES TOGETHER AT THE AZ STATE FAIR!\" \/>\n<meta property=\"og:url\" content=\"https:\/\/azstatefair.com\/es\/website-accessibility\/\" \/>\n<meta property=\"og:site_name\" content=\"AZ State Fair\" \/>\n<meta property=\"article:publisher\" content=\"https:\/\/www.facebook.com\/azstatefair\" \/>\n<meta property=\"article:modified_time\" content=\"2023-02-20T21:22:48+00:00\" \/>\n<meta property=\"og:image\" content=\"https:\/\/azstatefair.com\/wp-content\/uploads\/2024\/09\/AZ-State-Fair-featured-image.png\" \/>\n\t<meta property=\"og:image:width\" content=\"1200\" \/>\n\t<meta property=\"og:image:height\" content=\"630\" \/>\n\t<meta property=\"og:image:type\" content=\"image\/png\" \/>\n<meta name=\"twitter:card\" content=\"summary_large_image\" \/>\n<meta name=\"twitter:site\" content=\"@azstatefair\" \/>\n<script type=\"application\/ld+json\" class=\"yoast-schema-graph\">{\"@context\":\"https:\\\/\\\/schema.org\",\"@graph\":[{\"@type\":\"WebPage\",\"@id\":\"https:\\\/\\\/azstatefair.com\\\/website-accessibility\\\/\",\"url\":\"https:\\\/\\\/azstatefair.com\\\/website-accessibility\\\/\",\"name\":\"Website Accessibility | Arizona State Fair\",\"isPartOf\":{\"@id\":\"https:\\\/\\\/azstatefair.com\\\/#website\"},\"datePublished\":\"2019-06-06T23:27:41+00:00\",\"dateModified\":\"2023-02-20T21:22:48+00:00\",\"description\":\"LET'S MAKE MEMORIES TOGETHER AT THE AZ STATE FAIR!\",\"breadcrumb\":{\"@id\":\"https:\\\/\\\/azstatefair.com\\\/website-accessibility\\\/#breadcrumb\"},\"inLanguage\":\"es\",\"potentialAction\":[{\"@type\":\"ReadAction\",\"target\":[\"https:\\\/\\\/azstatefair.com\\\/website-accessibility\\\/\"]}]},{\"@type\":\"BreadcrumbList\",\"@id\":\"https:\\\/\\\/azstatefair.com\\\/website-accessibility\\\/#breadcrumb\",\"itemListElement\":[{\"@type\":\"ListItem\",\"position\":1,\"name\":\"Home\",\"item\":\"https:\\\/\\\/azstatefair.com\\\/\"},{\"@type\":\"ListItem\",\"position\":2,\"name\":\"Website Accessibility\"}]},{\"@type\":\"WebSite\",\"@id\":\"https:\\\/\\\/azstatefair.com\\\/#website\",\"url\":\"https:\\\/\\\/azstatefair.com\\\/\",\"name\":\"AZ State Fair\",\"description\":\"Arizona State Fair &amp; Exposition\",\"publisher\":{\"@id\":\"https:\\\/\\\/azstatefair.com\\\/#organization\"},\"alternateName\":\"AZ State Fair & Exposition\",\"potentialAction\":[{\"@type\":\"SearchAction\",\"target\":{\"@type\":\"EntryPoint\",\"urlTemplate\":\"https:\\\/\\\/azstatefair.com\\\/?s={search_term_string}\"},\"query-input\":{\"@type\":\"PropertyValueSpecification\",\"valueRequired\":true,\"valueName\":\"search_term_string\"}}],\"inLanguage\":\"es\"},{\"@type\":\"Organization\",\"@id\":\"https:\\\/\\\/azstatefair.com\\\/#organization\",\"name\":\"Arizona State Fair\",\"alternateName\":\"AZ State Fair\",\"url\":\"https:\\\/\\\/azstatefair.com\\\/\",\"logo\":{\"@type\":\"ImageObject\",\"inLanguage\":\"es\",\"@id\":\"https:\\\/\\\/azstatefair.com\\\/#\\\/schema\\\/logo\\\/image\\\/\",\"url\":\"https:\\\/\\\/azstatefair.com\\\/wp-content\\\/uploads\\\/2024\\\/09\\\/AZ-State-Fair-featured-image.png\",\"contentUrl\":\"https:\\\/\\\/azstatefair.com\\\/wp-content\\\/uploads\\\/2024\\\/09\\\/AZ-State-Fair-featured-image.png\",\"width\":1200,\"height\":630,\"caption\":\"Arizona State Fair\"},\"image\":{\"@id\":\"https:\\\/\\\/azstatefair.com\\\/#\\\/schema\\\/logo\\\/image\\\/\"},\"sameAs\":[\"https:\\\/\\\/www.facebook.com\\\/azstatefair\",\"https:\\\/\\\/x.com\\\/azstatefair\",\"https:\\\/\\\/www.instagram.com\\\/arizonastatefair\",\"https:\\\/\\\/www.pinterest.com\\\/azstatefair\",\"https:\\\/\\\/www.youtube.com\\\/arizonastatefair\",\"https:\\\/\\\/www.snapchat.com\\\/add\\\/azstatefair\"]}]}<\/script>\n<!-- \/ Yoast SEO plugin. -->","yoast_head_json":{"title":"Accesibilidad del sitio web | Feria Estatal de Arizona","description":"\u00a1HAGAMOS RECUERDOS JUNTOS EN LA FERIA ESTATAL DE AZ!","robots":{"index":"index","follow":"follow","max-snippet":"max-snippet:-1","max-image-preview":"max-image-preview:large","max-video-preview":"max-video-preview:-1"},"canonical":"https:\/\/azstatefair.com\/es\/website-accessibility\/","og_locale":"es_MX","og_type":"article","og_title":"Website Accessibility | Arizona State Fair","og_description":"LET'S MAKE MEMORIES TOGETHER AT THE AZ STATE FAIR!","og_url":"https:\/\/azstatefair.com\/es\/website-accessibility\/","og_site_name":"AZ State Fair","article_publisher":"https:\/\/www.facebook.com\/azstatefair","article_modified_time":"2023-02-20T21:22:48+00:00","og_image":[{"width":1200,"height":630,"url":"https:\/\/azstatefair.com\/wp-content\/uploads\/2024\/09\/AZ-State-Fair-featured-image.png","type":"image\/png"}],"twitter_card":"summary_large_image","twitter_site":"@azstatefair","schema":{"@context":"https:\/\/schema.org","@graph":[{"@type":"WebPage","@id":"https:\/\/azstatefair.com\/website-accessibility\/","url":"https:\/\/azstatefair.com\/website-accessibility\/","name":"Accesibilidad del sitio web | Feria Estatal de Arizona","isPartOf":{"@id":"https:\/\/azstatefair.com\/#website"},"datePublished":"2019-06-06T23:27:41+00:00","dateModified":"2023-02-20T21:22:48+00:00","description":"\u00a1HAGAMOS RECUERDOS JUNTOS EN LA FERIA ESTATAL DE AZ!","breadcrumb":{"@id":"https:\/\/azstatefair.com\/website-accessibility\/#breadcrumb"},"inLanguage":"es","potentialAction":[{"@type":"ReadAction","target":["https:\/\/azstatefair.com\/website-accessibility\/"]}]},{"@type":"BreadcrumbList","@id":"https:\/\/azstatefair.com\/website-accessibility\/#breadcrumb","itemListElement":[{"@type":"ListItem","position":1,"name":"Home","item":"https:\/\/azstatefair.com\/"},{"@type":"ListItem","position":2,"name":"Website Accessibility"}]},{"@type":"WebSite","@id":"https:\/\/azstatefair.com\/#website","url":"https:\/\/azstatefair.com\/","name":"Feria estatal de AZ","description":"Feria y Exposici\u00f3n del Estado de Arizona","publisher":{"@id":"https:\/\/azstatefair.com\/#organization"},"alternateName":"AZ State Fair & Exposition","potentialAction":[{"@type":"SearchAction","target":{"@type":"EntryPoint","urlTemplate":"https:\/\/azstatefair.com\/?s={search_term_string}"},"query-input":{"@type":"PropertyValueSpecification","valueRequired":true,"valueName":"search_term_string"}}],"inLanguage":"es"},{"@type":"Organization","@id":"https:\/\/azstatefair.com\/#organization","name":"Feria estatal de Arizona","alternateName":"AZ State Fair","url":"https:\/\/azstatefair.com\/","logo":{"@type":"ImageObject","inLanguage":"es","@id":"https:\/\/azstatefair.com\/#\/schema\/logo\/image\/","url":"https:\/\/azstatefair.com\/wp-content\/uploads\/2024\/09\/AZ-State-Fair-featured-image.png","contentUrl":"https:\/\/azstatefair.com\/wp-content\/uploads\/2024\/09\/AZ-State-Fair-featured-image.png","width":1200,"height":630,"caption":"Arizona State Fair"},"image":{"@id":"https:\/\/azstatefair.com\/#\/schema\/logo\/image\/"},"sameAs":["https:\/\/www.facebook.com\/azstatefair","https:\/\/x.com\/azstatefair","https:\/\/www.instagram.com\/arizonastatefair","https:\/\/www.pinterest.com\/azstatefair","https:\/\/www.youtube.com\/arizonastatefair","https:\/\/www.snapchat.com\/add\/azstatefair"]}]}},"publishpress_future_action":{"enabled":false,"date":"2026-05-09 09:47:02","action":"change-status","newStatus":"draft","terms":[],"taxonomy":"page-category","extraData":[]},"publishpress_future_workflow_manual_trigger":{"enabledWorkflows":[]},"_links":{"self":[{"href":"https:\/\/azstatefair.com\/es\/wp-json\/wp\/v2\/pages\/1627","targetHints":{"allow":["GET"]}}],"collection":[{"href":"https:\/\/azstatefair.com\/es\/wp-json\/wp\/v2\/pages"}],"about":[{"href":"https:\/\/azstatefair.com\/es\/wp-json\/wp\/v2\/types\/page"}],"author":[{"embeddable":true,"href":"https:\/\/azstatefair.com\/es\/wp-json\/wp\/v2\/users\/1"}],"replies":[{"embeddable":true,"href":"https:\/\/azstatefair.com\/es\/wp-json\/wp\/v2\/comments?post=1627"}],"version-history":[{"count":0,"href":"https:\/\/azstatefair.com\/es\/wp-json\/wp\/v2\/pages\/1627\/revisions"}],"wp:attachment":[{"href":"https:\/\/azstatefair.com\/es\/wp-json\/wp\/v2\/media?parent=1627"}],"curies":[{"name":"wp","href":"https:\/\/api.w.org\/{rel}","templated":true}]}}